{"id":926,"date":"2023-03-27T19:49:23","date_gmt":"2023-03-27T19:49:23","guid":{"rendered":"https:\/\/kpitrechiro.com\/?page_id=926"},"modified":"2023-03-27T19:49:24","modified_gmt":"2023-03-27T19:49:24","slug":"lepine-de-lenoir","status":"publish","type":"page","link":"https:\/\/kpitrechiro.com\/index.php\/6-infolettre\/condition-traitees\/lepine-de-lenoir\/","title":{"rendered":"L&rsquo;\u00e9pine de Lenoir"},"content":{"rendered":"\n<figure class=\"wp-block-image size-large\"><img loading=\"lazy\" width=\"1024\" height=\"683\" src=\"https:\/\/kpitrechiro.com\/wp-content\/uploads\/2023\/03\/Promo-Photos-Consultation-15-1024x683.jpg\" alt=\"\" class=\"wp-image-928\" srcset=\"https:\/\/kpitrechiro.com\/wp-content\/uploads\/2023\/03\/Promo-Photos-Consultation-15-1024x683.jpg 1024w, https:\/\/kpitrechiro.com\/wp-content\/uploads\/2023\/03\/Promo-Photos-Consultation-15-300x200.jpg 300w, https:\/\/kpitrechiro.com\/wp-content\/uploads\/2023\/03\/Promo-Photos-Consultation-15-768x512.jpg 768w, https:\/\/kpitrechiro.com\/wp-content\/uploads\/2023\/03\/Promo-Photos-Consultation-15-1536x1024.jpg 1536w, https:\/\/kpitrechiro.com\/wp-content\/uploads\/2023\/03\/Promo-Photos-Consultation-15-2048x1365.jpg 2048w, https:\/\/kpitrechiro.com\/wp-content\/uploads\/2023\/03\/Promo-Photos-Consultation-15-1200x800.jpg 1200w, https:\/\/kpitrechiro.com\/wp-content\/uploads\/2023\/03\/Promo-Photos-Consultation-15-1980x1320.jpg 1980w\" sizes=\"(max-width: 1024px) 100vw, 1024px\" \/><\/figure>\n\n\n\n<p><strong><span style=\"text-decoration: underline;\">Qu\u2019est-ce qu\u2019une \u00e9pine de Lenoir?<\/span><\/strong><\/p>\n\n\n\n<p>L\u2019\u00e9pine de Lenoir n\u2019est qu\u2019une cons\u00e9quence de la fasciite plantaire et est souvent asymptomatique. L\u2019\u00e9pine est une excroissance osseuse qui se d\u00e9veloppe \u00e0 la suite d\u2019une tension prolong\u00e9e du fascia plantaire (bande fibreuse reliant l\u2019os du talon aux orteils). C\u2019est l\u2019inflammation du fascia qui occasionnent les douleurs.<\/p>\n\n\n\n<p><strong><span style=\"text-decoration: underline;\">Quelles sont les causes ?<\/span><\/strong><\/p>\n\n\n\n<p>\u00c0 force de stresser le fascia plantaire, la fasciite plantaire se d\u00e9veloppe. Il y a plusieurs causes telles que\u00a0:<\/p>\n\n\n\n<ul><li>Les pieds plats<\/li><li>Les mauvaises postures<\/li><li>L\u2019ob\u00e9sit\u00e9\/grossesse<\/li><li>Les mauvaises chaussures<\/li><li>Certains sports<\/li><\/ul>\n\n\n\n<p><strong><span style=\"text-decoration: underline;\">Quels sont les sympt\u00f4mes?<\/span><\/strong><\/p>\n\n\n\n<ul><li>Les premiers pas du matin sont tr\u00e8s douloureux<\/li><li>Douleur augmente apr\u00e8s une p\u00e9riode de repos ou une mise en charge inad\u00e9quate sur le pied<\/li><li>La douleur est souvent ressentie au niveau inf\u00e9rieur du talon<\/li><li>Parfois une sensation de br\u00fblure dans la plante du pied surtout \u00e0 la marche ou apr\u00e8s un exercice<\/li><\/ul>\n\n\n\n<p><strong><span style=\"text-decoration: underline;\">Est-ce que la chiropratique peut aider?<\/span><\/strong><\/p>\n\n\n\n<p>Bien s\u00fbr ! Avec son examen complet, le chiropraticien sera en mesure d\u2019identifier les dysfonctions pr\u00e9sentes au niveau du pied. Il pourra aussi prendre une radiographie du pied afin d\u2019identifier l\u2019\u00e9pine de Lenoir. Son plan de traitement consistera en des ajustements chiropratiques, du travail musculaire, des \u00e9tirements sp\u00e9cifiques ainsi que certains conseils.<\/p>\n\n\n\n<p>Les douleurs associ\u00e9es \u00e0 la fasciite plantaire vont souvent s\u2019att\u00e9nuer entre 6 et 18 mois sans traitements. Mais, lorsque trait\u00e9e, 97% des douleurs vont dispara\u00eetre en moins de 6 mois<strong>.<\/strong><\/p>\n","protected":false},"excerpt":{"rendered":"<p>Qu\u2019est-ce qu\u2019une \u00e9pine de Lenoir? L\u2019\u00e9pine de Lenoir n\u2019est qu\u2019une cons\u00e9quence de la fasciite plantaire et est souvent asymptomatique. L\u2019\u00e9pine est une excroissance osseuse qui se d\u00e9veloppe \u00e0 la suite d\u2019une tension prolong\u00e9e du fascia plantaire (bande fibreuse reliant l\u2019os du talon aux orteils). C\u2019est l\u2019inflammation du fascia qui occasionnent les douleurs. Quelles sont les [&hellip;]<\/p>\n","protected":false},"author":1,"featured_media":0,"parent":531,"menu_order":0,"comment_status":"closed","ping_status":"closed","template":"","meta":[],"yoast_head":"<!-- This site is optimized with the Yoast SEO plugin v19.5.1 - https:\/\/yoast.com\/wordpress\/plugins\/seo\/ -->\n<title>L&#039;\u00e9pine de Lenoir - Dre Kayla Pitre, chiropraticienne - Centre chiropratique de la sant\u00e9 vert\u00e9brale<\/title>\n<meta name=\"description\" content=\"L\u2019\u00e9pine de Lenoir n\u2019est qu\u2019une cons\u00e9quence de la fasciite plantaire et est souvent asymptomatique. L\u2019\u00e9pine est une excroissance osseuse qui se d\u00e9veloppe \u00e0 la suite d\u2019une tension prolong\u00e9e du fascia plantaire (bande fibreuse reliant l\u2019os du talon aux orteils). C\u2019est l\u2019inflammation du fascia qui occasionnent les douleurs.\" \/>\n<meta name=\"robots\" content=\"index, follow, max-snippet:-1, max-image-preview:large, max-video-preview:-1\" \/>\n<link rel=\"canonical\" href=\"https:\/\/kpitrechiro.com\/index.php\/6-infolettre\/condition-traitees\/lepine-de-lenoir\/\" \/>\n<meta property=\"og:locale\" content=\"fr_FR\" \/>\n<meta property=\"og:type\" content=\"article\" \/>\n<meta property=\"og:title\" content=\"L&#039;\u00e9pine de Lenoir - Dre Kayla Pitre, chiropraticienne - Centre chiropratique de la sant\u00e9 vert\u00e9brale\" \/>\n<meta property=\"og:description\" content=\"L\u2019\u00e9pine de Lenoir n\u2019est qu\u2019une cons\u00e9quence de la fasciite plantaire et est souvent asymptomatique. L\u2019\u00e9pine est une excroissance osseuse qui se d\u00e9veloppe \u00e0 la suite d\u2019une tension prolong\u00e9e du fascia plantaire (bande fibreuse reliant l\u2019os du talon aux orteils). C\u2019est l\u2019inflammation du fascia qui occasionnent les douleurs.\" \/>\n<meta property=\"og:url\" content=\"https:\/\/kpitrechiro.com\/index.php\/6-infolettre\/condition-traitees\/lepine-de-lenoir\/\" \/>\n<meta property=\"og:site_name\" content=\"Dre Kayla Pitre, chiropraticienne - Centre chiropratique de la sant\u00e9 vert\u00e9brale\" \/>\n<meta property=\"article:modified_time\" content=\"2023-03-27T19:49:24+00:00\" \/>\n<meta property=\"og:image\" content=\"https:\/\/kpitrechiro.com\/wp-content\/uploads\/2023\/03\/Promo-Photos-Consultation-15-1024x683.jpg\" \/>\n<meta name=\"twitter:card\" content=\"summary_large_image\" \/>\n<meta name=\"twitter:label1\" content=\"Dur\u00e9e de lecture estim\u00e9e\" \/>\n\t<meta name=\"twitter:data1\" content=\"2 minutes\" \/>\n<script type=\"application\/ld+json\" class=\"yoast-schema-graph\">{\"@context\":\"https:\/\/schema.org\",\"@graph\":[{\"@type\":\"WebPage\",\"@id\":\"https:\/\/kpitrechiro.com\/index.php\/6-infolettre\/condition-traitees\/lepine-de-lenoir\/\",\"url\":\"https:\/\/kpitrechiro.com\/index.php\/6-infolettre\/condition-traitees\/lepine-de-lenoir\/\",\"name\":\"L'\u00e9pine de Lenoir - Dre Kayla Pitre, chiropraticienne - Centre chiropratique de la sant\u00e9 vert\u00e9brale\",\"isPartOf\":{\"@id\":\"https:\/\/kpitrechiro.com\/#website\"},\"datePublished\":\"2023-03-27T19:49:23+00:00\",\"dateModified\":\"2023-03-27T19:49:24+00:00\",\"description\":\"L\u2019\u00e9pine de Lenoir n\u2019est qu\u2019une cons\u00e9quence de la fasciite plantaire et est souvent asymptomatique. L\u2019\u00e9pine est une excroissance osseuse qui se d\u00e9veloppe \u00e0 la suite d\u2019une tension prolong\u00e9e du fascia plantaire (bande fibreuse reliant l\u2019os du talon aux orteils). C\u2019est l\u2019inflammation du fascia qui occasionnent les douleurs.\",\"breadcrumb\":{\"@id\":\"https:\/\/kpitrechiro.com\/index.php\/6-infolettre\/condition-traitees\/lepine-de-lenoir\/#breadcrumb\"},\"inLanguage\":\"fr-FR\",\"potentialAction\":[{\"@type\":\"ReadAction\",\"target\":[\"https:\/\/kpitrechiro.com\/index.php\/6-infolettre\/condition-traitees\/lepine-de-lenoir\/\"]}]},{\"@type\":\"BreadcrumbList\",\"@id\":\"https:\/\/kpitrechiro.com\/index.php\/6-infolettre\/condition-traitees\/lepine-de-lenoir\/#breadcrumb\",\"itemListElement\":[{\"@type\":\"ListItem\",\"position\":1,\"name\":\"Accueil\",\"item\":\"https:\/\/kpitrechiro.com\/\"},{\"@type\":\"ListItem\",\"position\":2,\"name\":\"Articles infolettre\",\"item\":\"https:\/\/kpitrechiro.com\/index.php\/6-infolettre\/\"},{\"@type\":\"ListItem\",\"position\":3,\"name\":\"Condition trait\u00e9es\",\"item\":\"https:\/\/kpitrechiro.com\/index.php\/6-infolettre\/condition-traitees\/\"},{\"@type\":\"ListItem\",\"position\":4,\"name\":\"L&rsquo;\u00e9pine de Lenoir\"}]},{\"@type\":\"WebSite\",\"@id\":\"https:\/\/kpitrechiro.com\/#website\",\"url\":\"https:\/\/kpitrechiro.com\/\",\"name\":\"Dre Kayla Pitre, chiropraticienne - Centre chiropratique de la sant\u00e9 vert\u00e9brale\",\"description\":\"Soyez la meilleure version de vous-m\u00eame !\",\"publisher\":{\"@id\":\"https:\/\/kpitrechiro.com\/#organization\"},\"potentialAction\":[{\"@type\":\"SearchAction\",\"target\":{\"@type\":\"EntryPoint\",\"urlTemplate\":\"https:\/\/kpitrechiro.com\/?s={search_term_string}\"},\"query-input\":\"required name=search_term_string\"}],\"inLanguage\":\"fr-FR\"},{\"@type\":\"Organization\",\"@id\":\"https:\/\/kpitrechiro.com\/#organization\",\"name\":\"Dre Kayla Pitre, chiropraticienne - Centre chiropratique de la sant\u00e9 vert\u00e9brale\",\"url\":\"https:\/\/kpitrechiro.com\/\",\"sameAs\":[],\"logo\":{\"@type\":\"ImageObject\",\"inLanguage\":\"fr-FR\",\"@id\":\"https:\/\/kpitrechiro.com\/#\/schema\/logo\/image\/\",\"url\":\"https:\/\/kpitrechiro.com\/wp-content\/uploads\/2020\/11\/cropped-LOGO-paint-fond-PNG-2.png\",\"contentUrl\":\"https:\/\/kpitrechiro.com\/wp-content\/uploads\/2020\/11\/cropped-LOGO-paint-fond-PNG-2.png\",\"width\":712,\"height\":606,\"caption\":\"Dre Kayla Pitre, chiropraticienne - Centre chiropratique de la sant\u00e9 vert\u00e9brale\"},\"image\":{\"@id\":\"https:\/\/kpitrechiro.com\/#\/schema\/logo\/image\/\"}}]}<\/script>\n<!-- \/ Yoast SEO plugin. -->","yoast_head_json":{"title":"L'\u00e9pine de Lenoir - Dre Kayla Pitre, chiropraticienne - Centre chiropratique de la sant\u00e9 vert\u00e9brale","description":"L\u2019\u00e9pine de Lenoir n\u2019est qu\u2019une cons\u00e9quence de la fasciite plantaire et est souvent asymptomatique. L\u2019\u00e9pine est une excroissance osseuse qui se d\u00e9veloppe \u00e0 la suite d\u2019une tension prolong\u00e9e du fascia plantaire (bande fibreuse reliant l\u2019os du talon aux orteils). C\u2019est l\u2019inflammation du fascia qui occasionnent les douleurs.","robots":{"index":"index","follow":"follow","max-snippet":"max-snippet:-1","max-image-preview":"max-image-preview:large","max-video-preview":"max-video-preview:-1"},"canonical":"https:\/\/kpitrechiro.com\/index.php\/6-infolettre\/condition-traitees\/lepine-de-lenoir\/","og_locale":"fr_FR","og_type":"article","og_title":"L'\u00e9pine de Lenoir - Dre Kayla Pitre, chiropraticienne - Centre chiropratique de la sant\u00e9 vert\u00e9brale","og_description":"L\u2019\u00e9pine de Lenoir n\u2019est qu\u2019une cons\u00e9quence de la fasciite plantaire et est souvent asymptomatique. L\u2019\u00e9pine est une excroissance osseuse qui se d\u00e9veloppe \u00e0 la suite d\u2019une tension prolong\u00e9e du fascia plantaire (bande fibreuse reliant l\u2019os du talon aux orteils). C\u2019est l\u2019inflammation du fascia qui occasionnent les douleurs.","og_url":"https:\/\/kpitrechiro.com\/index.php\/6-infolettre\/condition-traitees\/lepine-de-lenoir\/","og_site_name":"Dre Kayla Pitre, chiropraticienne - Centre chiropratique de la sant\u00e9 vert\u00e9brale","article_modified_time":"2023-03-27T19:49:24+00:00","og_image":[{"url":"https:\/\/kpitrechiro.com\/wp-content\/uploads\/2023\/03\/Promo-Photos-Consultation-15-1024x683.jpg"}],"twitter_card":"summary_large_image","twitter_misc":{"Dur\u00e9e de lecture estim\u00e9e":"2 minutes"},"schema":{"@context":"https:\/\/schema.org","@graph":[{"@type":"WebPage","@id":"https:\/\/kpitrechiro.com\/index.php\/6-infolettre\/condition-traitees\/lepine-de-lenoir\/","url":"https:\/\/kpitrechiro.com\/index.php\/6-infolettre\/condition-traitees\/lepine-de-lenoir\/","name":"L'\u00e9pine de Lenoir - Dre Kayla Pitre, chiropraticienne - Centre chiropratique de la sant\u00e9 vert\u00e9brale","isPartOf":{"@id":"https:\/\/kpitrechiro.com\/#website"},"datePublished":"2023-03-27T19:49:23+00:00","dateModified":"2023-03-27T19:49:24+00:00","description":"L\u2019\u00e9pine de Lenoir n\u2019est qu\u2019une cons\u00e9quence de la fasciite plantaire et est souvent asymptomatique. L\u2019\u00e9pine est une excroissance osseuse qui se d\u00e9veloppe \u00e0 la suite d\u2019une tension prolong\u00e9e du fascia plantaire (bande fibreuse reliant l\u2019os du talon aux orteils). C\u2019est l\u2019inflammation du fascia qui occasionnent les douleurs.","breadcrumb":{"@id":"https:\/\/kpitrechiro.com\/index.php\/6-infolettre\/condition-traitees\/lepine-de-lenoir\/#breadcrumb"},"inLanguage":"fr-FR","potentialAction":[{"@type":"ReadAction","target":["https:\/\/kpitrechiro.com\/index.php\/6-infolettre\/condition-traitees\/lepine-de-lenoir\/"]}]},{"@type":"BreadcrumbList","@id":"https:\/\/kpitrechiro.com\/index.php\/6-infolettre\/condition-traitees\/lepine-de-lenoir\/#breadcrumb","itemListElement":[{"@type":"ListItem","position":1,"name":"Accueil","item":"https:\/\/kpitrechiro.com\/"},{"@type":"ListItem","position":2,"name":"Articles infolettre","item":"https:\/\/kpitrechiro.com\/index.php\/6-infolettre\/"},{"@type":"ListItem","position":3,"name":"Condition trait\u00e9es","item":"https:\/\/kpitrechiro.com\/index.php\/6-infolettre\/condition-traitees\/"},{"@type":"ListItem","position":4,"name":"L&rsquo;\u00e9pine de Lenoir"}]},{"@type":"WebSite","@id":"https:\/\/kpitrechiro.com\/#website","url":"https:\/\/kpitrechiro.com\/","name":"Dre Kayla Pitre, chiropraticienne - Centre chiropratique de la sant\u00e9 vert\u00e9brale","description":"Soyez la meilleure version de vous-m\u00eame !","publisher":{"@id":"https:\/\/kpitrechiro.com\/#organization"},"potentialAction":[{"@type":"SearchAction","target":{"@type":"EntryPoint","urlTemplate":"https:\/\/kpitrechiro.com\/?s={search_term_string}"},"query-input":"required name=search_term_string"}],"inLanguage":"fr-FR"},{"@type":"Organization","@id":"https:\/\/kpitrechiro.com\/#organization","name":"Dre Kayla Pitre, chiropraticienne - Centre chiropratique de la sant\u00e9 vert\u00e9brale","url":"https:\/\/kpitrechiro.com\/","sameAs":[],"logo":{"@type":"ImageObject","inLanguage":"fr-FR","@id":"https:\/\/kpitrechiro.com\/#\/schema\/logo\/image\/","url":"https:\/\/kpitrechiro.com\/wp-content\/uploads\/2020\/11\/cropped-LOGO-paint-fond-PNG-2.png","contentUrl":"https:\/\/kpitrechiro.com\/wp-content\/uploads\/2020\/11\/cropped-LOGO-paint-fond-PNG-2.png","width":712,"height":606,"caption":"Dre Kayla Pitre, chiropraticienne - Centre chiropratique de la sant\u00e9 vert\u00e9brale"},"image":{"@id":"https:\/\/kpitrechiro.com\/#\/schema\/logo\/image\/"}}]}},"_links":{"self":[{"href":"https:\/\/kpitrechiro.com\/index.php\/wp-json\/wp\/v2\/pages\/926"}],"collection":[{"href":"https:\/\/kpitrechiro.com\/index.php\/wp-json\/wp\/v2\/pages"}],"about":[{"href":"https:\/\/kpitrechiro.com\/index.php\/wp-json\/wp\/v2\/types\/page"}],"author":[{"embeddable":true,"href":"https:\/\/kpitrechiro.com\/index.php\/wp-json\/wp\/v2\/users\/1"}],"replies":[{"embeddable":true,"href":"https:\/\/kpitrechiro.com\/index.php\/wp-json\/wp\/v2\/comments?post=926"}],"version-history":[{"count":2,"href":"https:\/\/kpitrechiro.com\/index.php\/wp-json\/wp\/v2\/pages\/926\/revisions"}],"predecessor-version":[{"id":930,"href":"https:\/\/kpitrechiro.com\/index.php\/wp-json\/wp\/v2\/pages\/926\/revisions\/930"}],"up":[{"embeddable":true,"href":"https:\/\/kpitrechiro.com\/index.php\/wp-json\/wp\/v2\/pages\/531"}],"wp:attachment":[{"href":"https:\/\/kpitrechiro.com\/index.php\/wp-json\/wp\/v2\/media?parent=926"}],"curies":[{"name":"wp","href":"https:\/\/api.w.org\/{rel}","templated":true}]}}