{"id":906,"date":"2022-09-20T21:17:42","date_gmt":"2022-09-20T21:17:42","guid":{"rendered":"https:\/\/kpitrechiro.com\/?page_id=906"},"modified":"2022-09-20T21:17:43","modified_gmt":"2022-09-20T21:17:43","slug":"pates-dautomne-a-la-courge-musquee","status":"publish","type":"page","link":"https:\/\/kpitrechiro.com\/index.php\/pates-dautomne-a-la-courge-musquee\/","title":{"rendered":"P\u00e2tes d\u2019automne \u00e0 la courge musqu\u00e9e"},"content":{"rendered":"<div class=\"wp-block-image\">\n<figure class=\"aligncenter size-large\"><img loading=\"lazy\" width=\"768\" height=\"1024\" src=\"https:\/\/kpitrechiro.com\/wp-content\/uploads\/2022\/09\/307943589_633352278140888_8003557817595821589_n-768x1024.jpg\" alt=\"\" class=\"wp-image-907\" srcset=\"https:\/\/kpitrechiro.com\/wp-content\/uploads\/2022\/09\/307943589_633352278140888_8003557817595821589_n-768x1024.jpg 768w, https:\/\/kpitrechiro.com\/wp-content\/uploads\/2022\/09\/307943589_633352278140888_8003557817595821589_n-225x300.jpg 225w, https:\/\/kpitrechiro.com\/wp-content\/uploads\/2022\/09\/307943589_633352278140888_8003557817595821589_n-1152x1536.jpg 1152w, https:\/\/kpitrechiro.com\/wp-content\/uploads\/2022\/09\/307943589_633352278140888_8003557817595821589_n-1200x1600.jpg 1200w, https:\/\/kpitrechiro.com\/wp-content\/uploads\/2022\/09\/307943589_633352278140888_8003557817595821589_n.jpg 1536w\" sizes=\"(max-width: 768px) 100vw, 768px\" \/><\/figure><\/div>\n\n\n<h4>Ingr\u00e9dients&nbsp;:<\/h4>\n\n\n\n<ul><li>1 courge musqu\u00e9e de grandeur moyenne coup\u00e9e en petits d\u00e9s<\/li><li>Huile d\u2019olive pour la cuisson<\/li><li>2 tasses de p\u00e2tes au choix<\/li><li>\u00bd tasse de beurre<\/li><li>3 gousses d\u2019ail hach\u00e9es<\/li><li>\u00bc de tasse de sauge hach\u00e9 finement<\/li><li>\u00be de tasse de noix de grenobles hach\u00e9es<\/li><li>\u00be tasse de feta<\/li><li>Sel et poivre au go\u00fbt<\/li><\/ul>\n\n\n\n<h4>Instructions&nbsp;:<\/h4>\n\n\n\n<ul><li>Pr\u00e9chauffer le four \u00e0 350 degr\u00e9s.<\/li><li>M\u00e9langer les cubes de courge avec de l\u2019huile d\u2019olive, du sel et du poivre. Ensuite, \u00e9taler sur une plaque de cuisson et mettre au four pour environ 30 \u00e0 40 minutes, jusqu\u2019\u00e0 ce que la courge soit bien cuite.<\/li><li>Pendant ce temps, faire cuire vos p\u00e2tes dans de l\u2019eau sal\u00e9e en gardant 1 tasse de l\u2019eau de p\u00e2tes<\/li><li>Dans une grande po\u00eale, \u00e0 feu moyen, chauffer le beurre avec 2 cuill\u00e8res \u00e0 th\u00e9 d\u2019huile d\u2019olive. Ajouter l\u2019ail, la sauge, les noix et cuire en remuant r\u00e9guli\u00e8rement pendant environ 2-3 minutes. Ajouter la courge musqu\u00e9e en continuant de remuer pour une autre minute<\/li><li>Ajouter les p\u00e2tes et l\u2019eau de p\u00e2tes jusqu\u2019\u00e0 ce que la sauce \u00e9paississe<\/li><li>Ajouter sel et poivre au go\u00fbt et d\u00e9guster<\/li><\/ul>\n","protected":false},"excerpt":{"rendered":"<p>Ingr\u00e9dients&nbsp;: 1 courge musqu\u00e9e de grandeur moyenne coup\u00e9e en petits d\u00e9s Huile d\u2019olive pour la cuisson 2 tasses de p\u00e2tes au choix \u00bd tasse de beurre 3 gousses d\u2019ail hach\u00e9es \u00bc de tasse de sauge hach\u00e9 finement \u00be de tasse de noix de grenobles hach\u00e9es \u00be tasse de feta Sel et poivre au go\u00fbt Instructions&nbsp;: [&hellip;]<\/p>\n","protected":false},"author":1,"featured_media":0,"parent":0,"menu_order":0,"comment_status":"closed","ping_status":"closed","template":"","meta":[],"yoast_head":"<!-- This site is optimized with the Yoast SEO plugin v19.5.1 - https:\/\/yoast.com\/wordpress\/plugins\/seo\/ -->\n<title>P\u00e2tes d\u2019automne \u00e0 la courge musqu\u00e9e - Dre Kayla Pitre, chiropraticienne - Centre chiropratique de la sant\u00e9 vert\u00e9brale<\/title>\n<meta name=\"robots\" content=\"index, follow, max-snippet:-1, max-image-preview:large, max-video-preview:-1\" \/>\n<link rel=\"canonical\" href=\"https:\/\/kpitrechiro.com\/index.php\/pates-dautomne-a-la-courge-musquee\/\" \/>\n<meta property=\"og:locale\" content=\"fr_FR\" \/>\n<meta property=\"og:type\" content=\"article\" \/>\n<meta property=\"og:title\" content=\"P\u00e2tes d\u2019automne \u00e0 la courge musqu\u00e9e - Dre Kayla Pitre, chiropraticienne - Centre chiropratique de la sant\u00e9 vert\u00e9brale\" \/>\n<meta property=\"og:description\" content=\"Ingr\u00e9dients&nbsp;: 1 courge musqu\u00e9e de grandeur moyenne coup\u00e9e en petits d\u00e9s Huile d\u2019olive pour la cuisson 2 tasses de p\u00e2tes au choix \u00bd tasse de beurre 3 gousses d\u2019ail hach\u00e9es \u00bc de tasse de sauge hach\u00e9 finement \u00be de tasse de noix de grenobles hach\u00e9es \u00be tasse de feta Sel et poivre au go\u00fbt Instructions&nbsp;: [&hellip;]\" \/>\n<meta property=\"og:url\" content=\"https:\/\/kpitrechiro.com\/index.php\/pates-dautomne-a-la-courge-musquee\/\" \/>\n<meta property=\"og:site_name\" content=\"Dre Kayla Pitre, chiropraticienne - Centre chiropratique de la sant\u00e9 vert\u00e9brale\" \/>\n<meta property=\"article:modified_time\" content=\"2022-09-20T21:17:43+00:00\" \/>\n<meta property=\"og:image\" content=\"https:\/\/kpitrechiro.com\/wp-content\/uploads\/2022\/09\/307943589_633352278140888_8003557817595821589_n-768x1024.jpg\" \/>\n<meta name=\"twitter:card\" content=\"summary_large_image\" \/>\n<meta name=\"twitter:label1\" content=\"Dur\u00e9e de lecture estim\u00e9e\" \/>\n\t<meta name=\"twitter:data1\" content=\"2 minutes\" \/>\n<script type=\"application\/ld+json\" class=\"yoast-schema-graph\">{\"@context\":\"https:\/\/schema.org\",\"@graph\":[{\"@type\":\"WebPage\",\"@id\":\"https:\/\/kpitrechiro.com\/index.php\/pates-dautomne-a-la-courge-musquee\/\",\"url\":\"https:\/\/kpitrechiro.com\/index.php\/pates-dautomne-a-la-courge-musquee\/\",\"name\":\"P\u00e2tes d\u2019automne \u00e0 la courge musqu\u00e9e - Dre Kayla Pitre, chiropraticienne - Centre chiropratique de la sant\u00e9 vert\u00e9brale\",\"isPartOf\":{\"@id\":\"https:\/\/kpitrechiro.com\/#website\"},\"datePublished\":\"2022-09-20T21:17:42+00:00\",\"dateModified\":\"2022-09-20T21:17:43+00:00\",\"breadcrumb\":{\"@id\":\"https:\/\/kpitrechiro.com\/index.php\/pates-dautomne-a-la-courge-musquee\/#breadcrumb\"},\"inLanguage\":\"fr-FR\",\"potentialAction\":[{\"@type\":\"ReadAction\",\"target\":[\"https:\/\/kpitrechiro.com\/index.php\/pates-dautomne-a-la-courge-musquee\/\"]}]},{\"@type\":\"BreadcrumbList\",\"@id\":\"https:\/\/kpitrechiro.com\/index.php\/pates-dautomne-a-la-courge-musquee\/#breadcrumb\",\"itemListElement\":[{\"@type\":\"ListItem\",\"position\":1,\"name\":\"Accueil\",\"item\":\"https:\/\/kpitrechiro.com\/\"},{\"@type\":\"ListItem\",\"position\":2,\"name\":\"P\u00e2tes d\u2019automne \u00e0 la courge musqu\u00e9e\"}]},{\"@type\":\"WebSite\",\"@id\":\"https:\/\/kpitrechiro.com\/#website\",\"url\":\"https:\/\/kpitrechiro.com\/\",\"name\":\"Dre Kayla Pitre, chiropraticienne - Centre chiropratique de la sant\u00e9 vert\u00e9brale\",\"description\":\"Soyez la meilleure version de vous-m\u00eame !\",\"publisher\":{\"@id\":\"https:\/\/kpitrechiro.com\/#organization\"},\"potentialAction\":[{\"@type\":\"SearchAction\",\"target\":{\"@type\":\"EntryPoint\",\"urlTemplate\":\"https:\/\/kpitrechiro.com\/?s={search_term_string}\"},\"query-input\":\"required name=search_term_string\"}],\"inLanguage\":\"fr-FR\"},{\"@type\":\"Organization\",\"@id\":\"https:\/\/kpitrechiro.com\/#organization\",\"name\":\"Dre Kayla Pitre, chiropraticienne - Centre chiropratique de la sant\u00e9 vert\u00e9brale\",\"url\":\"https:\/\/kpitrechiro.com\/\",\"sameAs\":[],\"logo\":{\"@type\":\"ImageObject\",\"inLanguage\":\"fr-FR\",\"@id\":\"https:\/\/kpitrechiro.com\/#\/schema\/logo\/image\/\",\"url\":\"https:\/\/kpitrechiro.com\/wp-content\/uploads\/2020\/11\/cropped-LOGO-paint-fond-PNG-2.png\",\"contentUrl\":\"https:\/\/kpitrechiro.com\/wp-content\/uploads\/2020\/11\/cropped-LOGO-paint-fond-PNG-2.png\",\"width\":712,\"height\":606,\"caption\":\"Dre Kayla Pitre, chiropraticienne - Centre chiropratique de la sant\u00e9 vert\u00e9brale\"},\"image\":{\"@id\":\"https:\/\/kpitrechiro.com\/#\/schema\/logo\/image\/\"}}]}<\/script>\n<!-- \/ Yoast SEO plugin. -->","yoast_head_json":{"title":"P\u00e2tes d\u2019automne \u00e0 la courge musqu\u00e9e - Dre Kayla Pitre, chiropraticienne - Centre chiropratique de la sant\u00e9 vert\u00e9brale","robots":{"index":"index","follow":"follow","max-snippet":"max-snippet:-1","max-image-preview":"max-image-preview:large","max-video-preview":"max-video-preview:-1"},"canonical":"https:\/\/kpitrechiro.com\/index.php\/pates-dautomne-a-la-courge-musquee\/","og_locale":"fr_FR","og_type":"article","og_title":"P\u00e2tes d\u2019automne \u00e0 la courge musqu\u00e9e - Dre Kayla Pitre, chiropraticienne - Centre chiropratique de la sant\u00e9 vert\u00e9brale","og_description":"Ingr\u00e9dients&nbsp;: 1 courge musqu\u00e9e de grandeur moyenne coup\u00e9e en petits d\u00e9s Huile d\u2019olive pour la cuisson 2 tasses de p\u00e2tes au choix \u00bd tasse de beurre 3 gousses d\u2019ail hach\u00e9es \u00bc de tasse de sauge hach\u00e9 finement \u00be de tasse de noix de grenobles hach\u00e9es \u00be tasse de feta Sel et poivre au go\u00fbt Instructions&nbsp;: [&hellip;]","og_url":"https:\/\/kpitrechiro.com\/index.php\/pates-dautomne-a-la-courge-musquee\/","og_site_name":"Dre Kayla Pitre, chiropraticienne - Centre chiropratique de la sant\u00e9 vert\u00e9brale","article_modified_time":"2022-09-20T21:17:43+00:00","og_image":[{"url":"https:\/\/kpitrechiro.com\/wp-content\/uploads\/2022\/09\/307943589_633352278140888_8003557817595821589_n-768x1024.jpg"}],"twitter_card":"summary_large_image","twitter_misc":{"Dur\u00e9e de lecture estim\u00e9e":"2 minutes"},"schema":{"@context":"https:\/\/schema.org","@graph":[{"@type":"WebPage","@id":"https:\/\/kpitrechiro.com\/index.php\/pates-dautomne-a-la-courge-musquee\/","url":"https:\/\/kpitrechiro.com\/index.php\/pates-dautomne-a-la-courge-musquee\/","name":"P\u00e2tes d\u2019automne \u00e0 la courge musqu\u00e9e - Dre Kayla Pitre, chiropraticienne - Centre chiropratique de la sant\u00e9 vert\u00e9brale","isPartOf":{"@id":"https:\/\/kpitrechiro.com\/#website"},"datePublished":"2022-09-20T21:17:42+00:00","dateModified":"2022-09-20T21:17:43+00:00","breadcrumb":{"@id":"https:\/\/kpitrechiro.com\/index.php\/pates-dautomne-a-la-courge-musquee\/#breadcrumb"},"inLanguage":"fr-FR","potentialAction":[{"@type":"ReadAction","target":["https:\/\/kpitrechiro.com\/index.php\/pates-dautomne-a-la-courge-musquee\/"]}]},{"@type":"BreadcrumbList","@id":"https:\/\/kpitrechiro.com\/index.php\/pates-dautomne-a-la-courge-musquee\/#breadcrumb","itemListElement":[{"@type":"ListItem","position":1,"name":"Accueil","item":"https:\/\/kpitrechiro.com\/"},{"@type":"ListItem","position":2,"name":"P\u00e2tes d\u2019automne \u00e0 la courge musqu\u00e9e"}]},{"@type":"WebSite","@id":"https:\/\/kpitrechiro.com\/#website","url":"https:\/\/kpitrechiro.com\/","name":"Dre Kayla Pitre, chiropraticienne - Centre chiropratique de la sant\u00e9 vert\u00e9brale","description":"Soyez la meilleure version de vous-m\u00eame !","publisher":{"@id":"https:\/\/kpitrechiro.com\/#organization"},"potentialAction":[{"@type":"SearchAction","target":{"@type":"EntryPoint","urlTemplate":"https:\/\/kpitrechiro.com\/?s={search_term_string}"},"query-input":"required name=search_term_string"}],"inLanguage":"fr-FR"},{"@type":"Organization","@id":"https:\/\/kpitrechiro.com\/#organization","name":"Dre Kayla Pitre, chiropraticienne - Centre chiropratique de la sant\u00e9 vert\u00e9brale","url":"https:\/\/kpitrechiro.com\/","sameAs":[],"logo":{"@type":"ImageObject","inLanguage":"fr-FR","@id":"https:\/\/kpitrechiro.com\/#\/schema\/logo\/image\/","url":"https:\/\/kpitrechiro.com\/wp-content\/uploads\/2020\/11\/cropped-LOGO-paint-fond-PNG-2.png","contentUrl":"https:\/\/kpitrechiro.com\/wp-content\/uploads\/2020\/11\/cropped-LOGO-paint-fond-PNG-2.png","width":712,"height":606,"caption":"Dre Kayla Pitre, chiropraticienne - Centre chiropratique de la sant\u00e9 vert\u00e9brale"},"image":{"@id":"https:\/\/kpitrechiro.com\/#\/schema\/logo\/image\/"}}]}},"_links":{"self":[{"href":"https:\/\/kpitrechiro.com\/index.php\/wp-json\/wp\/v2\/pages\/906"}],"collection":[{"href":"https:\/\/kpitrechiro.com\/index.php\/wp-json\/wp\/v2\/pages"}],"about":[{"href":"https:\/\/kpitrechiro.com\/index.php\/wp-json\/wp\/v2\/types\/page"}],"author":[{"embeddable":true,"href":"https:\/\/kpitrechiro.com\/index.php\/wp-json\/wp\/v2\/users\/1"}],"replies":[{"embeddable":true,"href":"https:\/\/kpitrechiro.com\/index.php\/wp-json\/wp\/v2\/comments?post=906"}],"version-history":[{"count":1,"href":"https:\/\/kpitrechiro.com\/index.php\/wp-json\/wp\/v2\/pages\/906\/revisions"}],"predecessor-version":[{"id":908,"href":"https:\/\/kpitrechiro.com\/index.php\/wp-json\/wp\/v2\/pages\/906\/revisions\/908"}],"wp:attachment":[{"href":"https:\/\/kpitrechiro.com\/index.php\/wp-json\/wp\/v2\/media?parent=906"}],"curies":[{"name":"wp","href":"https:\/\/api.w.org\/{rel}","templated":true}]}}