{"id":901,"date":"2022-09-20T21:13:25","date_gmt":"2022-09-20T21:13:25","guid":{"rendered":"https:\/\/kpitrechiro.com\/?page_id=901"},"modified":"2022-09-20T21:13:26","modified_gmt":"2022-09-20T21:13:26","slug":"le-1er-ajustement-chiropratique","status":"publish","type":"page","link":"https:\/\/kpitrechiro.com\/index.php\/la-chiropratique\/le-1er-ajustement-chiropratique\/","title":{"rendered":"Le 1er ajustement chiropratique"},"content":{"rendered":"\n<p>Saviez-vous que le tout premier ajustement n\u2019\u00e9tait pas pour des maux de dos ou de cou ? Je vous laisse d\u00e9couvrir l\u2019histoire de la chiropratique dans un article que mon coll\u00e8gue a \u00e9crit il y a quelques ann\u00e9es dans lequel, j\u2019ai ajout\u00e9 quelques informations.<\/p>\n\n\n<div class=\"wp-block-image\">\n<figure class=\"aligncenter size-full\"><img loading=\"lazy\" width=\"463\" height=\"307\" src=\"https:\/\/kpitrechiro.com\/wp-content\/uploads\/2022\/09\/bj.jpg\" alt=\"\" class=\"wp-image-902\" srcset=\"https:\/\/kpitrechiro.com\/wp-content\/uploads\/2022\/09\/bj.jpg 463w, https:\/\/kpitrechiro.com\/wp-content\/uploads\/2022\/09\/bj-300x199.jpg 300w\" sizes=\"(max-width: 463px) 100vw, 463px\" \/><figcaption>D.D. Palmer, le fondateur et son fils BJ Palmer le promoteur de la chiropratique<\/figcaption><\/figure><\/div>\n\n\n<h4>L&rsquo;histoire du premier ajustement<\/h4>\n\n\n\n<p>Harvey Lillard, un concierge travaillant \u00e0 Davenport dans l\u2019\u00e9tat d\u2019Iowa, \u00e9tait devenu sourd plusieurs ann\u00e9es auparavant, apr\u00e8s avoir \u00e9t\u00e9 dans une certaine position qui avait d\u00e9clench\u00e9 un \u00ab&nbsp;son&nbsp;\u00bb au niveau de son cou. Dr Daniel David Palmer, n\u00e9 \u00e0 Port Perry en Ontario et immigr\u00e9 aux \u00c9tats Unis avec ses parents, \u00e9tudiait plusieurs avenues pour am\u00e9liorer le potentiel humain.<\/p>\n\n\n\n<p>\u00c9tant dans le m\u00eame \u00e9difice que Harvey, il l\u2019examina et trouva une anomalie au niveau de son cou et lui offrit un ajustement chiropratique. Apr\u00e8s cet ajustement, M. Lillard se releva de la table et entendit le son des voitures \u00e0 travers la fen\u00eatre de l\u2019\u00e9difice. C\u2019\u00e9tait le 18 septembre 1895 que naissait le premier ajustement chiropratique.<\/p>\n\n\n\n<p>L\u2019ajustement chiropratique a bien \u00e9volu\u00e9 depuis et n\u2019est pas seulement efficace pour ceux et celles qui auraient perdu l\u2019ou\u00efe d\u00fb \u00e0 un probl\u00e8me neurologique ou pour les probl\u00e8mes du bas du dos comme on pense. Les soins chiropratiques r\u00e9tablissent l\u2019\u00e9quilibre de votre syst\u00e8me nerveux souvent perdu pour diff\u00e9rentes raisons.<\/p>\n\n\n\n<h4>La chiropratique<\/h4>\n\n\n\n<p>Votre syst\u00e8me nerveux est le syst\u00e8me ma\u00eetre qui contr\u00f4le tous les autres syst\u00e8mes. Croyez-vous que ce syst\u00e8me ma\u00eetre devrait \u00eatre v\u00e9rifi\u00e9 et ajust\u00e9 si n\u00e9cessaire pour vous offrir la meilleure \u00e9nergie que vous m\u00e9ritez?<\/p>\n\n\n\n<p>La chiropratique n\u2019est pas seulement une technique, mais surtout un art et une philosophie. Par les ajustements chiropratiques et nos conseils de sant\u00e9, vous aurez plus de possibilit\u00e9s d\u2019atteindre et d\u2019obtenir une meilleure qualit\u00e9 de vie et de sant\u00e9 ! Qui ne recherche pas cet \u00e9tat optimum de sant\u00e9 ? Si les m\u00e9dicaments et les tests de d\u00e9pistage \u00e9taient si bons, pourquoi tant de gens continuent \u00e0 mourir du cancer et des autres maladies ? Cela devrait \u00eatre le contraire, n\u2019est-ce pas ?<\/p>\n\n\n\n<p>&nbsp;Nous voyons \u00e0 tous les jours dans notre pratique les bienfaits de la chiropratique et c\u2019est la m\u00eame chose pour nos patients qui sont en soins pr\u00e9ventifs. Il va de soi qu\u2019au d\u00e9but, les sympt\u00f4mes et douleurs \u00e9taient leurs priorit\u00e9s, mais lorsqu\u2019ils ont constat\u00e9 que leur \u00e9tait g\u00e9n\u00e9ral continuait \u00e0 s\u2019am\u00e9liorer apr\u00e8s les ajustements chiropratiques recommand\u00e9s, ils (elles ) ont exp\u00e9riment\u00e9 ce que la sant\u00e9 sous toutes ses formes veut vraiment dire.&nbsp;<\/p>\n\n\n\n<p>L\u2019ajustement chiropratique vous procure le meilleur \u00e9quilibre neurologique que votre corps peut recevoir et exp\u00e9rimenter.<\/p>\n\n\n\n<p>Exp\u00e9rimenter la vie et son environnement ext\u00e9rieur de fa\u00e7on naturelle sans interf\u00e9rence est l\u2019un des plus beaux cadeaux que vous m\u00e9ritez et je vous le souhaite&nbsp;!<\/p>\n\n\n\n<p>La chiropratique, c\u2019est un rayon de soleil dans votre vie\u00a0! Puissiez-vous recevoir des milliers de rayons\u00a0! Nous offrons plusieurs services adapt\u00e9s \u00e0 chacun afin de pouvoir atteindre vos buts. Pas certain si la chiropratique peut vous aider ? Contactez-nous, nous offrons des consultations pr\u00e9liminaires sans frais.         <a href=\"https:\/\/kpitrechiro.com\/index.php\/nous-joindre\/\">Nous joindre<\/a><\/p>\n","protected":false},"excerpt":{"rendered":"<p>Saviez-vous que le tout premier ajustement n\u2019\u00e9tait pas pour des maux de dos ou de cou ? Je vous laisse d\u00e9couvrir l\u2019histoire de la chiropratique dans un article que mon coll\u00e8gue a \u00e9crit il y a quelques ann\u00e9es dans lequel, j\u2019ai ajout\u00e9 quelques informations. L&rsquo;histoire du premier ajustement Harvey Lillard, un concierge travaillant \u00e0 Davenport [&hellip;]<\/p>\n","protected":false},"author":1,"featured_media":0,"parent":167,"menu_order":0,"comment_status":"closed","ping_status":"closed","template":"","meta":[],"yoast_head":"<!-- This site is optimized with the Yoast SEO plugin v19.5.1 - https:\/\/yoast.com\/wordpress\/plugins\/seo\/ -->\n<title>Le 1er ajustement chiropratique - Dre Kayla Pitre, chiropraticienne - Centre chiropratique de la sant\u00e9 vert\u00e9brale<\/title>\n<meta name=\"description\" content=\"Saviez-vous que le tout premier ajustement n\u2019\u00e9tait pas pour des maux de dos ou de cou ? Je vous laisse d\u00e9couvrir l\u2019histoire de la chiropratique\" \/>\n<meta name=\"robots\" content=\"index, follow, max-snippet:-1, max-image-preview:large, max-video-preview:-1\" \/>\n<link rel=\"canonical\" href=\"https:\/\/kpitrechiro.com\/index.php\/la-chiropratique\/le-1er-ajustement-chiropratique\/\" \/>\n<meta property=\"og:locale\" content=\"fr_FR\" \/>\n<meta property=\"og:type\" content=\"article\" \/>\n<meta property=\"og:title\" content=\"Le 1er ajustement chiropratique - Dre Kayla Pitre, chiropraticienne - Centre chiropratique de la sant\u00e9 vert\u00e9brale\" \/>\n<meta property=\"og:description\" content=\"Saviez-vous que le tout premier ajustement n\u2019\u00e9tait pas pour des maux de dos ou de cou ? Je vous laisse d\u00e9couvrir l\u2019histoire de la chiropratique\" \/>\n<meta property=\"og:url\" content=\"https:\/\/kpitrechiro.com\/index.php\/la-chiropratique\/le-1er-ajustement-chiropratique\/\" \/>\n<meta property=\"og:site_name\" content=\"Dre Kayla Pitre, chiropraticienne - Centre chiropratique de la sant\u00e9 vert\u00e9brale\" \/>\n<meta property=\"article:modified_time\" content=\"2022-09-20T21:13:26+00:00\" \/>\n<meta property=\"og:image\" content=\"https:\/\/kpitrechiro.com\/wp-content\/uploads\/2022\/09\/bj.jpg\" \/>\n<meta name=\"twitter:card\" content=\"summary_large_image\" \/>\n<meta name=\"twitter:label1\" content=\"Dur\u00e9e de lecture estim\u00e9e\" \/>\n\t<meta name=\"twitter:data1\" content=\"3 minutes\" \/>\n<script type=\"application\/ld+json\" class=\"yoast-schema-graph\">{\"@context\":\"https:\/\/schema.org\",\"@graph\":[{\"@type\":\"WebPage\",\"@id\":\"https:\/\/kpitrechiro.com\/index.php\/la-chiropratique\/le-1er-ajustement-chiropratique\/\",\"url\":\"https:\/\/kpitrechiro.com\/index.php\/la-chiropratique\/le-1er-ajustement-chiropratique\/\",\"name\":\"Le 1er ajustement chiropratique - Dre Kayla Pitre, chiropraticienne - Centre chiropratique de la sant\u00e9 vert\u00e9brale\",\"isPartOf\":{\"@id\":\"https:\/\/kpitrechiro.com\/#website\"},\"datePublished\":\"2022-09-20T21:13:25+00:00\",\"dateModified\":\"2022-09-20T21:13:26+00:00\",\"description\":\"Saviez-vous que le tout premier ajustement n\u2019\u00e9tait pas pour des maux de dos ou de cou ? Je vous laisse d\u00e9couvrir l\u2019histoire de la chiropratique\",\"breadcrumb\":{\"@id\":\"https:\/\/kpitrechiro.com\/index.php\/la-chiropratique\/le-1er-ajustement-chiropratique\/#breadcrumb\"},\"inLanguage\":\"fr-FR\",\"potentialAction\":[{\"@type\":\"ReadAction\",\"target\":[\"https:\/\/kpitrechiro.com\/index.php\/la-chiropratique\/le-1er-ajustement-chiropratique\/\"]}]},{\"@type\":\"BreadcrumbList\",\"@id\":\"https:\/\/kpitrechiro.com\/index.php\/la-chiropratique\/le-1er-ajustement-chiropratique\/#breadcrumb\",\"itemListElement\":[{\"@type\":\"ListItem\",\"position\":1,\"name\":\"Accueil\",\"item\":\"https:\/\/kpitrechiro.com\/\"},{\"@type\":\"ListItem\",\"position\":2,\"name\":\"La chiropratique\",\"item\":\"https:\/\/kpitrechiro.com\/index.php\/la-chiropratique\/\"},{\"@type\":\"ListItem\",\"position\":3,\"name\":\"Le 1er ajustement chiropratique\"}]},{\"@type\":\"WebSite\",\"@id\":\"https:\/\/kpitrechiro.com\/#website\",\"url\":\"https:\/\/kpitrechiro.com\/\",\"name\":\"Dre Kayla Pitre, chiropraticienne - Centre chiropratique de la sant\u00e9 vert\u00e9brale\",\"description\":\"Soyez la meilleure version de vous-m\u00eame !\",\"publisher\":{\"@id\":\"https:\/\/kpitrechiro.com\/#organization\"},\"potentialAction\":[{\"@type\":\"SearchAction\",\"target\":{\"@type\":\"EntryPoint\",\"urlTemplate\":\"https:\/\/kpitrechiro.com\/?s={search_term_string}\"},\"query-input\":\"required name=search_term_string\"}],\"inLanguage\":\"fr-FR\"},{\"@type\":\"Organization\",\"@id\":\"https:\/\/kpitrechiro.com\/#organization\",\"name\":\"Dre Kayla Pitre, chiropraticienne - Centre chiropratique de la sant\u00e9 vert\u00e9brale\",\"url\":\"https:\/\/kpitrechiro.com\/\",\"sameAs\":[],\"logo\":{\"@type\":\"ImageObject\",\"inLanguage\":\"fr-FR\",\"@id\":\"https:\/\/kpitrechiro.com\/#\/schema\/logo\/image\/\",\"url\":\"https:\/\/kpitrechiro.com\/wp-content\/uploads\/2020\/11\/cropped-LOGO-paint-fond-PNG-2.png\",\"contentUrl\":\"https:\/\/kpitrechiro.com\/wp-content\/uploads\/2020\/11\/cropped-LOGO-paint-fond-PNG-2.png\",\"width\":712,\"height\":606,\"caption\":\"Dre Kayla Pitre, chiropraticienne - Centre chiropratique de la sant\u00e9 vert\u00e9brale\"},\"image\":{\"@id\":\"https:\/\/kpitrechiro.com\/#\/schema\/logo\/image\/\"}}]}<\/script>\n<!-- \/ Yoast SEO plugin. -->","yoast_head_json":{"title":"Le 1er ajustement chiropratique - Dre Kayla Pitre, chiropraticienne - Centre chiropratique de la sant\u00e9 vert\u00e9brale","description":"Saviez-vous que le tout premier ajustement n\u2019\u00e9tait pas pour des maux de dos ou de cou ? Je vous laisse d\u00e9couvrir l\u2019histoire de la chiropratique","robots":{"index":"index","follow":"follow","max-snippet":"max-snippet:-1","max-image-preview":"max-image-preview:large","max-video-preview":"max-video-preview:-1"},"canonical":"https:\/\/kpitrechiro.com\/index.php\/la-chiropratique\/le-1er-ajustement-chiropratique\/","og_locale":"fr_FR","og_type":"article","og_title":"Le 1er ajustement chiropratique - Dre Kayla Pitre, chiropraticienne - Centre chiropratique de la sant\u00e9 vert\u00e9brale","og_description":"Saviez-vous que le tout premier ajustement n\u2019\u00e9tait pas pour des maux de dos ou de cou ? Je vous laisse d\u00e9couvrir l\u2019histoire de la chiropratique","og_url":"https:\/\/kpitrechiro.com\/index.php\/la-chiropratique\/le-1er-ajustement-chiropratique\/","og_site_name":"Dre Kayla Pitre, chiropraticienne - Centre chiropratique de la sant\u00e9 vert\u00e9brale","article_modified_time":"2022-09-20T21:13:26+00:00","og_image":[{"url":"https:\/\/kpitrechiro.com\/wp-content\/uploads\/2022\/09\/bj.jpg"}],"twitter_card":"summary_large_image","twitter_misc":{"Dur\u00e9e de lecture estim\u00e9e":"3 minutes"},"schema":{"@context":"https:\/\/schema.org","@graph":[{"@type":"WebPage","@id":"https:\/\/kpitrechiro.com\/index.php\/la-chiropratique\/le-1er-ajustement-chiropratique\/","url":"https:\/\/kpitrechiro.com\/index.php\/la-chiropratique\/le-1er-ajustement-chiropratique\/","name":"Le 1er ajustement chiropratique - Dre Kayla Pitre, chiropraticienne - Centre chiropratique de la sant\u00e9 vert\u00e9brale","isPartOf":{"@id":"https:\/\/kpitrechiro.com\/#website"},"datePublished":"2022-09-20T21:13:25+00:00","dateModified":"2022-09-20T21:13:26+00:00","description":"Saviez-vous que le tout premier ajustement n\u2019\u00e9tait pas pour des maux de dos ou de cou ? Je vous laisse d\u00e9couvrir l\u2019histoire de la chiropratique","breadcrumb":{"@id":"https:\/\/kpitrechiro.com\/index.php\/la-chiropratique\/le-1er-ajustement-chiropratique\/#breadcrumb"},"inLanguage":"fr-FR","potentialAction":[{"@type":"ReadAction","target":["https:\/\/kpitrechiro.com\/index.php\/la-chiropratique\/le-1er-ajustement-chiropratique\/"]}]},{"@type":"BreadcrumbList","@id":"https:\/\/kpitrechiro.com\/index.php\/la-chiropratique\/le-1er-ajustement-chiropratique\/#breadcrumb","itemListElement":[{"@type":"ListItem","position":1,"name":"Accueil","item":"https:\/\/kpitrechiro.com\/"},{"@type":"ListItem","position":2,"name":"La chiropratique","item":"https:\/\/kpitrechiro.com\/index.php\/la-chiropratique\/"},{"@type":"ListItem","position":3,"name":"Le 1er ajustement chiropratique"}]},{"@type":"WebSite","@id":"https:\/\/kpitrechiro.com\/#website","url":"https:\/\/kpitrechiro.com\/","name":"Dre Kayla Pitre, chiropraticienne - Centre chiropratique de la sant\u00e9 vert\u00e9brale","description":"Soyez la meilleure version de vous-m\u00eame !","publisher":{"@id":"https:\/\/kpitrechiro.com\/#organization"},"potentialAction":[{"@type":"SearchAction","target":{"@type":"EntryPoint","urlTemplate":"https:\/\/kpitrechiro.com\/?s={search_term_string}"},"query-input":"required name=search_term_string"}],"inLanguage":"fr-FR"},{"@type":"Organization","@id":"https:\/\/kpitrechiro.com\/#organization","name":"Dre Kayla Pitre, chiropraticienne - Centre chiropratique de la sant\u00e9 vert\u00e9brale","url":"https:\/\/kpitrechiro.com\/","sameAs":[],"logo":{"@type":"ImageObject","inLanguage":"fr-FR","@id":"https:\/\/kpitrechiro.com\/#\/schema\/logo\/image\/","url":"https:\/\/kpitrechiro.com\/wp-content\/uploads\/2020\/11\/cropped-LOGO-paint-fond-PNG-2.png","contentUrl":"https:\/\/kpitrechiro.com\/wp-content\/uploads\/2020\/11\/cropped-LOGO-paint-fond-PNG-2.png","width":712,"height":606,"caption":"Dre Kayla Pitre, chiropraticienne - Centre chiropratique de la sant\u00e9 vert\u00e9brale"},"image":{"@id":"https:\/\/kpitrechiro.com\/#\/schema\/logo\/image\/"}}]}},"_links":{"self":[{"href":"https:\/\/kpitrechiro.com\/index.php\/wp-json\/wp\/v2\/pages\/901"}],"collection":[{"href":"https:\/\/kpitrechiro.com\/index.php\/wp-json\/wp\/v2\/pages"}],"about":[{"href":"https:\/\/kpitrechiro.com\/index.php\/wp-json\/wp\/v2\/types\/page"}],"author":[{"embeddable":true,"href":"https:\/\/kpitrechiro.com\/index.php\/wp-json\/wp\/v2\/users\/1"}],"replies":[{"embeddable":true,"href":"https:\/\/kpitrechiro.com\/index.php\/wp-json\/wp\/v2\/comments?post=901"}],"version-history":[{"count":1,"href":"https:\/\/kpitrechiro.com\/index.php\/wp-json\/wp\/v2\/pages\/901\/revisions"}],"predecessor-version":[{"id":903,"href":"https:\/\/kpitrechiro.com\/index.php\/wp-json\/wp\/v2\/pages\/901\/revisions\/903"}],"up":[{"embeddable":true,"href":"https:\/\/kpitrechiro.com\/index.php\/wp-json\/wp\/v2\/pages\/167"}],"wp:attachment":[{"href":"https:\/\/kpitrechiro.com\/index.php\/wp-json\/wp\/v2\/media?parent=901"}],"curies":[{"name":"wp","href":"https:\/\/api.w.org\/{rel}","templated":true}]}}