{"id":869,"date":"2022-07-14T16:13:32","date_gmt":"2022-07-14T16:13:32","guid":{"rendered":"https:\/\/kpitrechiro.com\/?page_id=869"},"modified":"2022-07-14T16:13:32","modified_gmt":"2022-07-14T16:13:32","slug":"mal-porter-son-sac-a-dos-peut-occasionner-des-problemes","status":"publish","type":"page","link":"https:\/\/kpitrechiro.com\/index.php\/6-infolettre\/mise-en-garde-sante\/mal-porter-son-sac-a-dos-peut-occasionner-des-problemes\/","title":{"rendered":"Mal porter son sac \u00e0 dos peut occasionner des probl\u00e8mes"},"content":{"rendered":"\n<div class=\"wp-block-image\"><figure class=\"aligncenter size-large\"><img loading=\"lazy\" width=\"761\" height=\"479\" src=\"https:\/\/kpitrechiro.com\/wp-content\/uploads\/2021\/08\/sac-a-dos.jpg\" alt=\"\" class=\"wp-image-560\" srcset=\"https:\/\/kpitrechiro.com\/wp-content\/uploads\/2021\/08\/sac-a-dos.jpg 761w, https:\/\/kpitrechiro.com\/wp-content\/uploads\/2021\/08\/sac-a-dos-300x189.jpg 300w\" sizes=\"(max-width: 761px) 100vw, 761px\" \/><\/figure><\/div>\n\n\n\n<p>Porter un sac \u00e0 dos sur une \u00e9paule; porter un sac \u00e0 dos trop lourd; porter un sac \u00e0 dos mal ajust\u00e9. Ils auront des impacts n\u00e9gatifs sur votre sant\u00e9 neuro-musculo-squelettique et peuvent rendre vos activit\u00e9s de la vie quotidienne un peu difficile. Les probl\u00e8mes pouvant r\u00e9sulter d\u2019un mauvais port de sac \u00e0 dos inclus&nbsp;:<\/p>\n\n\n\n<ul><li>Douleurs aux \u00e9paules<\/li><li>Douleurs au cou ou dans le bas du dos<\/li><li>Tensions musculaires<\/li><li>Maux de t\u00eates<\/li><li>Dommages \u00e0 ta colonne vert\u00e9brale<\/li><li>D\u2019autres probl\u00e8mes neuro-musculo-squelettique<\/li><\/ul>\n\n\n\n<p>Pour connaitre des astuces afin d\u2019avoir un sac \u00e0 dos bien adapt\u00e9, consultez les documents en cliquant <a href=\"https:\/\/kpitrechiro.com\/index.php\/ressources-patients\/\">ici<\/a>.<\/p>\n","protected":false},"excerpt":{"rendered":"<p>Porter un sac \u00e0 dos sur une \u00e9paule; porter un sac \u00e0 dos trop lourd; porter un sac \u00e0 dos mal ajust\u00e9. Ils auront des impacts n\u00e9gatifs sur votre sant\u00e9 neuro-musculo-squelettique et peuvent rendre vos activit\u00e9s de la vie quotidienne un peu difficile. Les probl\u00e8mes pouvant r\u00e9sulter d\u2019un mauvais port de sac \u00e0 dos inclus&nbsp;: [&hellip;]<\/p>\n","protected":false},"author":1,"featured_media":0,"parent":546,"menu_order":0,"comment_status":"closed","ping_status":"closed","template":"","meta":[],"yoast_head":"<!-- This site is optimized with the Yoast SEO plugin v19.5.1 - https:\/\/yoast.com\/wordpress\/plugins\/seo\/ -->\n<title>Mal porter son sac \u00e0 dos peut occasionner des probl\u00e8mes - Dre Kayla Pitre, chiropraticienne - Centre chiropratique de la sant\u00e9 vert\u00e9brale<\/title>\n<meta name=\"robots\" content=\"index, follow, max-snippet:-1, max-image-preview:large, max-video-preview:-1\" \/>\n<link rel=\"canonical\" href=\"https:\/\/kpitrechiro.com\/index.php\/6-infolettre\/mise-en-garde-sante\/mal-porter-son-sac-a-dos-peut-occasionner-des-problemes\/\" \/>\n<meta property=\"og:locale\" content=\"fr_FR\" \/>\n<meta property=\"og:type\" content=\"article\" \/>\n<meta property=\"og:title\" content=\"Mal porter son sac \u00e0 dos peut occasionner des probl\u00e8mes - Dre Kayla Pitre, chiropraticienne - Centre chiropratique de la sant\u00e9 vert\u00e9brale\" \/>\n<meta property=\"og:description\" content=\"Porter un sac \u00e0 dos sur une \u00e9paule; porter un sac \u00e0 dos trop lourd; porter un sac \u00e0 dos mal ajust\u00e9. Ils auront des impacts n\u00e9gatifs sur votre sant\u00e9 neuro-musculo-squelettique et peuvent rendre vos activit\u00e9s de la vie quotidienne un peu difficile. Les probl\u00e8mes pouvant r\u00e9sulter d\u2019un mauvais port de sac \u00e0 dos inclus&nbsp;: [&hellip;]\" \/>\n<meta property=\"og:url\" content=\"https:\/\/kpitrechiro.com\/index.php\/6-infolettre\/mise-en-garde-sante\/mal-porter-son-sac-a-dos-peut-occasionner-des-problemes\/\" \/>\n<meta property=\"og:site_name\" content=\"Dre Kayla Pitre, chiropraticienne - Centre chiropratique de la sant\u00e9 vert\u00e9brale\" \/>\n<meta property=\"og:image\" content=\"https:\/\/kpitrechiro.com\/wp-content\/uploads\/2021\/08\/sac-a-dos.jpg\" \/>\n<meta name=\"twitter:card\" content=\"summary_large_image\" \/>\n<script type=\"application\/ld+json\" class=\"yoast-schema-graph\">{\"@context\":\"https:\/\/schema.org\",\"@graph\":[{\"@type\":\"WebPage\",\"@id\":\"https:\/\/kpitrechiro.com\/index.php\/6-infolettre\/mise-en-garde-sante\/mal-porter-son-sac-a-dos-peut-occasionner-des-problemes\/\",\"url\":\"https:\/\/kpitrechiro.com\/index.php\/6-infolettre\/mise-en-garde-sante\/mal-porter-son-sac-a-dos-peut-occasionner-des-problemes\/\",\"name\":\"Mal porter son sac \u00e0 dos peut occasionner des probl\u00e8mes - Dre Kayla Pitre, chiropraticienne - Centre chiropratique de la sant\u00e9 vert\u00e9brale\",\"isPartOf\":{\"@id\":\"https:\/\/kpitrechiro.com\/#website\"},\"datePublished\":\"2022-07-14T16:13:32+00:00\",\"dateModified\":\"2022-07-14T16:13:32+00:00\",\"breadcrumb\":{\"@id\":\"https:\/\/kpitrechiro.com\/index.php\/6-infolettre\/mise-en-garde-sante\/mal-porter-son-sac-a-dos-peut-occasionner-des-problemes\/#breadcrumb\"},\"inLanguage\":\"fr-FR\",\"potentialAction\":[{\"@type\":\"ReadAction\",\"target\":[\"https:\/\/kpitrechiro.com\/index.php\/6-infolettre\/mise-en-garde-sante\/mal-porter-son-sac-a-dos-peut-occasionner-des-problemes\/\"]}]},{\"@type\":\"BreadcrumbList\",\"@id\":\"https:\/\/kpitrechiro.com\/index.php\/6-infolettre\/mise-en-garde-sante\/mal-porter-son-sac-a-dos-peut-occasionner-des-problemes\/#breadcrumb\",\"itemListElement\":[{\"@type\":\"ListItem\",\"position\":1,\"name\":\"Accueil\",\"item\":\"https:\/\/kpitrechiro.com\/\"},{\"@type\":\"ListItem\",\"position\":2,\"name\":\"Articles infolettre\",\"item\":\"https:\/\/kpitrechiro.com\/index.php\/6-infolettre\/\"},{\"@type\":\"ListItem\",\"position\":3,\"name\":\"Mise en garde sant\u00e9\",\"item\":\"https:\/\/kpitrechiro.com\/index.php\/6-infolettre\/mise-en-garde-sante\/\"},{\"@type\":\"ListItem\",\"position\":4,\"name\":\"Mal porter son sac \u00e0 dos peut occasionner des probl\u00e8mes\"}]},{\"@type\":\"WebSite\",\"@id\":\"https:\/\/kpitrechiro.com\/#website\",\"url\":\"https:\/\/kpitrechiro.com\/\",\"name\":\"Dre Kayla Pitre, chiropraticienne - Centre chiropratique de la sant\u00e9 vert\u00e9brale\",\"description\":\"Soyez la meilleure version de vous-m\u00eame !\",\"publisher\":{\"@id\":\"https:\/\/kpitrechiro.com\/#organization\"},\"potentialAction\":[{\"@type\":\"SearchAction\",\"target\":{\"@type\":\"EntryPoint\",\"urlTemplate\":\"https:\/\/kpitrechiro.com\/?s={search_term_string}\"},\"query-input\":\"required name=search_term_string\"}],\"inLanguage\":\"fr-FR\"},{\"@type\":\"Organization\",\"@id\":\"https:\/\/kpitrechiro.com\/#organization\",\"name\":\"Dre Kayla Pitre, chiropraticienne - Centre chiropratique de la sant\u00e9 vert\u00e9brale\",\"url\":\"https:\/\/kpitrechiro.com\/\",\"sameAs\":[],\"logo\":{\"@type\":\"ImageObject\",\"inLanguage\":\"fr-FR\",\"@id\":\"https:\/\/kpitrechiro.com\/#\/schema\/logo\/image\/\",\"url\":\"https:\/\/kpitrechiro.com\/wp-content\/uploads\/2020\/11\/cropped-LOGO-paint-fond-PNG-2.png\",\"contentUrl\":\"https:\/\/kpitrechiro.com\/wp-content\/uploads\/2020\/11\/cropped-LOGO-paint-fond-PNG-2.png\",\"width\":712,\"height\":606,\"caption\":\"Dre Kayla Pitre, chiropraticienne - Centre chiropratique de la sant\u00e9 vert\u00e9brale\"},\"image\":{\"@id\":\"https:\/\/kpitrechiro.com\/#\/schema\/logo\/image\/\"}}]}<\/script>\n<!-- \/ Yoast SEO plugin. -->","yoast_head_json":{"title":"Mal porter son sac \u00e0 dos peut occasionner des probl\u00e8mes - Dre Kayla Pitre, chiropraticienne - Centre chiropratique de la sant\u00e9 vert\u00e9brale","robots":{"index":"index","follow":"follow","max-snippet":"max-snippet:-1","max-image-preview":"max-image-preview:large","max-video-preview":"max-video-preview:-1"},"canonical":"https:\/\/kpitrechiro.com\/index.php\/6-infolettre\/mise-en-garde-sante\/mal-porter-son-sac-a-dos-peut-occasionner-des-problemes\/","og_locale":"fr_FR","og_type":"article","og_title":"Mal porter son sac \u00e0 dos peut occasionner des probl\u00e8mes - Dre Kayla Pitre, chiropraticienne - Centre chiropratique de la sant\u00e9 vert\u00e9brale","og_description":"Porter un sac \u00e0 dos sur une \u00e9paule; porter un sac \u00e0 dos trop lourd; porter un sac \u00e0 dos mal ajust\u00e9. Ils auront des impacts n\u00e9gatifs sur votre sant\u00e9 neuro-musculo-squelettique et peuvent rendre vos activit\u00e9s de la vie quotidienne un peu difficile. Les probl\u00e8mes pouvant r\u00e9sulter d\u2019un mauvais port de sac \u00e0 dos inclus&nbsp;: [&hellip;]","og_url":"https:\/\/kpitrechiro.com\/index.php\/6-infolettre\/mise-en-garde-sante\/mal-porter-son-sac-a-dos-peut-occasionner-des-problemes\/","og_site_name":"Dre Kayla Pitre, chiropraticienne - Centre chiropratique de la sant\u00e9 vert\u00e9brale","og_image":[{"url":"https:\/\/kpitrechiro.com\/wp-content\/uploads\/2021\/08\/sac-a-dos.jpg"}],"twitter_card":"summary_large_image","schema":{"@context":"https:\/\/schema.org","@graph":[{"@type":"WebPage","@id":"https:\/\/kpitrechiro.com\/index.php\/6-infolettre\/mise-en-garde-sante\/mal-porter-son-sac-a-dos-peut-occasionner-des-problemes\/","url":"https:\/\/kpitrechiro.com\/index.php\/6-infolettre\/mise-en-garde-sante\/mal-porter-son-sac-a-dos-peut-occasionner-des-problemes\/","name":"Mal porter son sac \u00e0 dos peut occasionner des probl\u00e8mes - Dre Kayla Pitre, chiropraticienne - Centre chiropratique de la sant\u00e9 vert\u00e9brale","isPartOf":{"@id":"https:\/\/kpitrechiro.com\/#website"},"datePublished":"2022-07-14T16:13:32+00:00","dateModified":"2022-07-14T16:13:32+00:00","breadcrumb":{"@id":"https:\/\/kpitrechiro.com\/index.php\/6-infolettre\/mise-en-garde-sante\/mal-porter-son-sac-a-dos-peut-occasionner-des-problemes\/#breadcrumb"},"inLanguage":"fr-FR","potentialAction":[{"@type":"ReadAction","target":["https:\/\/kpitrechiro.com\/index.php\/6-infolettre\/mise-en-garde-sante\/mal-porter-son-sac-a-dos-peut-occasionner-des-problemes\/"]}]},{"@type":"BreadcrumbList","@id":"https:\/\/kpitrechiro.com\/index.php\/6-infolettre\/mise-en-garde-sante\/mal-porter-son-sac-a-dos-peut-occasionner-des-problemes\/#breadcrumb","itemListElement":[{"@type":"ListItem","position":1,"name":"Accueil","item":"https:\/\/kpitrechiro.com\/"},{"@type":"ListItem","position":2,"name":"Articles infolettre","item":"https:\/\/kpitrechiro.com\/index.php\/6-infolettre\/"},{"@type":"ListItem","position":3,"name":"Mise en garde sant\u00e9","item":"https:\/\/kpitrechiro.com\/index.php\/6-infolettre\/mise-en-garde-sante\/"},{"@type":"ListItem","position":4,"name":"Mal porter son sac \u00e0 dos peut occasionner des probl\u00e8mes"}]},{"@type":"WebSite","@id":"https:\/\/kpitrechiro.com\/#website","url":"https:\/\/kpitrechiro.com\/","name":"Dre Kayla Pitre, chiropraticienne - Centre chiropratique de la sant\u00e9 vert\u00e9brale","description":"Soyez la meilleure version de vous-m\u00eame !","publisher":{"@id":"https:\/\/kpitrechiro.com\/#organization"},"potentialAction":[{"@type":"SearchAction","target":{"@type":"EntryPoint","urlTemplate":"https:\/\/kpitrechiro.com\/?s={search_term_string}"},"query-input":"required name=search_term_string"}],"inLanguage":"fr-FR"},{"@type":"Organization","@id":"https:\/\/kpitrechiro.com\/#organization","name":"Dre Kayla Pitre, chiropraticienne - Centre chiropratique de la sant\u00e9 vert\u00e9brale","url":"https:\/\/kpitrechiro.com\/","sameAs":[],"logo":{"@type":"ImageObject","inLanguage":"fr-FR","@id":"https:\/\/kpitrechiro.com\/#\/schema\/logo\/image\/","url":"https:\/\/kpitrechiro.com\/wp-content\/uploads\/2020\/11\/cropped-LOGO-paint-fond-PNG-2.png","contentUrl":"https:\/\/kpitrechiro.com\/wp-content\/uploads\/2020\/11\/cropped-LOGO-paint-fond-PNG-2.png","width":712,"height":606,"caption":"Dre Kayla Pitre, chiropraticienne - Centre chiropratique de la sant\u00e9 vert\u00e9brale"},"image":{"@id":"https:\/\/kpitrechiro.com\/#\/schema\/logo\/image\/"}}]}},"_links":{"self":[{"href":"https:\/\/kpitrechiro.com\/index.php\/wp-json\/wp\/v2\/pages\/869"}],"collection":[{"href":"https:\/\/kpitrechiro.com\/index.php\/wp-json\/wp\/v2\/pages"}],"about":[{"href":"https:\/\/kpitrechiro.com\/index.php\/wp-json\/wp\/v2\/types\/page"}],"author":[{"embeddable":true,"href":"https:\/\/kpitrechiro.com\/index.php\/wp-json\/wp\/v2\/users\/1"}],"replies":[{"embeddable":true,"href":"https:\/\/kpitrechiro.com\/index.php\/wp-json\/wp\/v2\/comments?post=869"}],"version-history":[{"count":1,"href":"https:\/\/kpitrechiro.com\/index.php\/wp-json\/wp\/v2\/pages\/869\/revisions"}],"predecessor-version":[{"id":870,"href":"https:\/\/kpitrechiro.com\/index.php\/wp-json\/wp\/v2\/pages\/869\/revisions\/870"}],"up":[{"embeddable":true,"href":"https:\/\/kpitrechiro.com\/index.php\/wp-json\/wp\/v2\/pages\/546"}],"wp:attachment":[{"href":"https:\/\/kpitrechiro.com\/index.php\/wp-json\/wp\/v2\/media?parent=869"}],"curies":[{"name":"wp","href":"https:\/\/api.w.org\/{rel}","templated":true}]}}