{"id":862,"date":"2022-07-14T16:06:43","date_gmt":"2022-07-14T16:06:43","guid":{"rendered":"https:\/\/kpitrechiro.com\/?page_id=862"},"modified":"2022-07-14T16:07:36","modified_gmt":"2022-07-14T16:07:36","slug":"choisir-la-chiropratique-pendant-le-grossesse","status":"publish","type":"page","link":"https:\/\/kpitrechiro.com\/index.php\/6-infolettre\/chirotruc\/choisir-la-chiropratique-pendant-le-grossesse\/","title":{"rendered":"Choisir la chiropratique pendant le grossesse"},"content":{"rendered":"\n<div class=\"wp-block-image\"><figure class=\"aligncenter size-large\"><img loading=\"lazy\" width=\"450\" height=\"382\" src=\"https:\/\/kpitrechiro.com\/wp-content\/uploads\/2022\/07\/enceinte-1.jpg\" alt=\"\" class=\"wp-image-863\" srcset=\"https:\/\/kpitrechiro.com\/wp-content\/uploads\/2022\/07\/enceinte-1.jpg 450w, https:\/\/kpitrechiro.com\/wp-content\/uploads\/2022\/07\/enceinte-1-300x255.jpg 300w\" sizes=\"(max-width: 450px) 100vw, 450px\" \/><\/figure><\/div>\n\n\n\n<p>J&rsquo;ai plusieurs patientes qui ont vu la diff\u00e9rence entre une grossesse sans suivi chiropratique et l&rsquo;autre avec un suivi chiropratique. <\/p>\n\n\n\n<p>Un suivi chiropratique pendant la grossesse et m\u00eame apr\u00e8s la grossesse facilite l&rsquo;accouchement et le processus de gu\u00e9rison. Voici comment:<\/p>\n\n\n\n<ul><li>Permet l&rsquo;optimisation de <strong>l&rsquo;alignement des os du bassin<\/strong> facilitant alors l&rsquo;accouchement vaginal<\/li><li>Permet l\u00a0\u00bbaugmentation de la <strong>capacit\u00e9 du corps \u00e0<\/strong> <strong>r\u00e9cup\u00e9rer<\/strong> apr\u00e8s l&rsquo;accouchement<\/li><li>Diminution des <strong>douleurs<\/strong> cervicales, thoraciques, lombaires ou toutes autres articulations<\/li><li><strong>Diminution de l&rsquo;impact<\/strong> d&rsquo;un ventre pro\u00e9minent et des changements hormonaux sur les diff\u00e9rentes articulations<\/li><li>Permet d&rsquo;avoir un meilleur contr\u00f4le sur les <strong>muscles du plancher pelvien<\/strong> qui sont n\u00e9cessaires \u00e0 l&rsquo;accouchement<\/li><\/ul>\n\n\n\n<p>Lorsque maman est suivie apr\u00e8s son accouchement, b\u00e9b\u00e9 peut aussi b\u00e9n\u00e9ficier d&rsquo;un examen chiropratique. Le premier stress que peut subir la colonne vert\u00e9brale est lors de la naissance. Lors de l\u2019accouchement ou m\u00eame d\u2019une c\u00e9sarienne, il y a un \u00e9norme stress qui se produit sur le cou, les os cr\u00e2niens et le reste de la colonne vert\u00e9brale du nouveau-n\u00e9. Alors les soins chiropratiques chez un enfant qui n\u2019a pas de probl\u00e9matique assure un bon mouvement au niveau de la colonne vert\u00e9brale et pr\u00e9vient tout probl\u00e8mes futurs.Pour plsu de d\u00e9tails, continuer de lire <a href=\"https:\/\/kpitrechiro.com\/index.php\/6-infolettre\/condition-traitees\/la-chiropratique-pour-les-bebes-et-les-enfants\/\"> ici<\/a><\/p>\n","protected":false},"excerpt":{"rendered":"<p>J&rsquo;ai plusieurs patientes qui ont vu la diff\u00e9rence entre une grossesse sans suivi chiropratique et l&rsquo;autre avec un suivi chiropratique. Un suivi chiropratique pendant la grossesse et m\u00eame apr\u00e8s la grossesse facilite l&rsquo;accouchement et le processus de gu\u00e9rison. Voici comment: Permet l&rsquo;optimisation de l&rsquo;alignement des os du bassin facilitant alors l&rsquo;accouchement vaginal Permet l\u00a0\u00bbaugmentation de [&hellip;]<\/p>\n","protected":false},"author":1,"featured_media":0,"parent":529,"menu_order":0,"comment_status":"closed","ping_status":"closed","template":"","meta":[],"yoast_head":"<!-- This site is optimized with the Yoast SEO plugin v19.5.1 - https:\/\/yoast.com\/wordpress\/plugins\/seo\/ -->\n<title>Choisir la chiropratique pendant le grossesse - Dre Kayla Pitre, chiropraticienne - Centre chiropratique de la sant\u00e9 vert\u00e9brale<\/title>\n<meta name=\"robots\" content=\"index, follow, max-snippet:-1, max-image-preview:large, max-video-preview:-1\" \/>\n<link rel=\"canonical\" href=\"https:\/\/kpitrechiro.com\/index.php\/6-infolettre\/chirotruc\/choisir-la-chiropratique-pendant-le-grossesse\/\" \/>\n<meta property=\"og:locale\" content=\"fr_FR\" \/>\n<meta property=\"og:type\" content=\"article\" \/>\n<meta property=\"og:title\" content=\"Choisir la chiropratique pendant le grossesse - Dre Kayla Pitre, chiropraticienne - Centre chiropratique de la sant\u00e9 vert\u00e9brale\" \/>\n<meta property=\"og:description\" content=\"J&rsquo;ai plusieurs patientes qui ont vu la diff\u00e9rence entre une grossesse sans suivi chiropratique et l&rsquo;autre avec un suivi chiropratique. Un suivi chiropratique pendant la grossesse et m\u00eame apr\u00e8s la grossesse facilite l&rsquo;accouchement et le processus de gu\u00e9rison. Voici comment: Permet l&rsquo;optimisation de l&rsquo;alignement des os du bassin facilitant alors l&rsquo;accouchement vaginal Permet l\u00a0\u00bbaugmentation de [&hellip;]\" \/>\n<meta property=\"og:url\" content=\"https:\/\/kpitrechiro.com\/index.php\/6-infolettre\/chirotruc\/choisir-la-chiropratique-pendant-le-grossesse\/\" \/>\n<meta property=\"og:site_name\" content=\"Dre Kayla Pitre, chiropraticienne - Centre chiropratique de la sant\u00e9 vert\u00e9brale\" \/>\n<meta property=\"article:modified_time\" content=\"2022-07-14T16:07:36+00:00\" \/>\n<meta property=\"og:image\" content=\"https:\/\/kpitrechiro.com\/wp-content\/uploads\/2022\/07\/enceinte-1.jpg\" \/>\n<meta name=\"twitter:card\" content=\"summary_large_image\" \/>\n<meta name=\"twitter:label1\" content=\"Dur\u00e9e de lecture estim\u00e9e\" \/>\n\t<meta name=\"twitter:data1\" content=\"1 minute\" \/>\n<script type=\"application\/ld+json\" class=\"yoast-schema-graph\">{\"@context\":\"https:\/\/schema.org\",\"@graph\":[{\"@type\":\"WebPage\",\"@id\":\"https:\/\/kpitrechiro.com\/index.php\/6-infolettre\/chirotruc\/choisir-la-chiropratique-pendant-le-grossesse\/\",\"url\":\"https:\/\/kpitrechiro.com\/index.php\/6-infolettre\/chirotruc\/choisir-la-chiropratique-pendant-le-grossesse\/\",\"name\":\"Choisir la chiropratique pendant le grossesse - Dre Kayla Pitre, chiropraticienne - Centre chiropratique de la sant\u00e9 vert\u00e9brale\",\"isPartOf\":{\"@id\":\"https:\/\/kpitrechiro.com\/#website\"},\"datePublished\":\"2022-07-14T16:06:43+00:00\",\"dateModified\":\"2022-07-14T16:07:36+00:00\",\"breadcrumb\":{\"@id\":\"https:\/\/kpitrechiro.com\/index.php\/6-infolettre\/chirotruc\/choisir-la-chiropratique-pendant-le-grossesse\/#breadcrumb\"},\"inLanguage\":\"fr-FR\",\"potentialAction\":[{\"@type\":\"ReadAction\",\"target\":[\"https:\/\/kpitrechiro.com\/index.php\/6-infolettre\/chirotruc\/choisir-la-chiropratique-pendant-le-grossesse\/\"]}]},{\"@type\":\"BreadcrumbList\",\"@id\":\"https:\/\/kpitrechiro.com\/index.php\/6-infolettre\/chirotruc\/choisir-la-chiropratique-pendant-le-grossesse\/#breadcrumb\",\"itemListElement\":[{\"@type\":\"ListItem\",\"position\":1,\"name\":\"Accueil\",\"item\":\"https:\/\/kpitrechiro.com\/\"},{\"@type\":\"ListItem\",\"position\":2,\"name\":\"Articles infolettre\",\"item\":\"https:\/\/kpitrechiro.com\/index.php\/6-infolettre\/\"},{\"@type\":\"ListItem\",\"position\":3,\"name\":\"Chirotruc\",\"item\":\"https:\/\/kpitrechiro.com\/index.php\/6-infolettre\/chirotruc\/\"},{\"@type\":\"ListItem\",\"position\":4,\"name\":\"Choisir la chiropratique pendant le grossesse\"}]},{\"@type\":\"WebSite\",\"@id\":\"https:\/\/kpitrechiro.com\/#website\",\"url\":\"https:\/\/kpitrechiro.com\/\",\"name\":\"Dre Kayla Pitre, chiropraticienne - Centre chiropratique de la sant\u00e9 vert\u00e9brale\",\"description\":\"Soyez la meilleure version de vous-m\u00eame !\",\"publisher\":{\"@id\":\"https:\/\/kpitrechiro.com\/#organization\"},\"potentialAction\":[{\"@type\":\"SearchAction\",\"target\":{\"@type\":\"EntryPoint\",\"urlTemplate\":\"https:\/\/kpitrechiro.com\/?s={search_term_string}\"},\"query-input\":\"required name=search_term_string\"}],\"inLanguage\":\"fr-FR\"},{\"@type\":\"Organization\",\"@id\":\"https:\/\/kpitrechiro.com\/#organization\",\"name\":\"Dre Kayla Pitre, chiropraticienne - Centre chiropratique de la sant\u00e9 vert\u00e9brale\",\"url\":\"https:\/\/kpitrechiro.com\/\",\"sameAs\":[],\"logo\":{\"@type\":\"ImageObject\",\"inLanguage\":\"fr-FR\",\"@id\":\"https:\/\/kpitrechiro.com\/#\/schema\/logo\/image\/\",\"url\":\"https:\/\/kpitrechiro.com\/wp-content\/uploads\/2020\/11\/cropped-LOGO-paint-fond-PNG-2.png\",\"contentUrl\":\"https:\/\/kpitrechiro.com\/wp-content\/uploads\/2020\/11\/cropped-LOGO-paint-fond-PNG-2.png\",\"width\":712,\"height\":606,\"caption\":\"Dre Kayla Pitre, chiropraticienne - Centre chiropratique de la sant\u00e9 vert\u00e9brale\"},\"image\":{\"@id\":\"https:\/\/kpitrechiro.com\/#\/schema\/logo\/image\/\"}}]}<\/script>\n<!-- \/ Yoast SEO plugin. -->","yoast_head_json":{"title":"Choisir la chiropratique pendant le grossesse - Dre Kayla Pitre, chiropraticienne - Centre chiropratique de la sant\u00e9 vert\u00e9brale","robots":{"index":"index","follow":"follow","max-snippet":"max-snippet:-1","max-image-preview":"max-image-preview:large","max-video-preview":"max-video-preview:-1"},"canonical":"https:\/\/kpitrechiro.com\/index.php\/6-infolettre\/chirotruc\/choisir-la-chiropratique-pendant-le-grossesse\/","og_locale":"fr_FR","og_type":"article","og_title":"Choisir la chiropratique pendant le grossesse - Dre Kayla Pitre, chiropraticienne - Centre chiropratique de la sant\u00e9 vert\u00e9brale","og_description":"J&rsquo;ai plusieurs patientes qui ont vu la diff\u00e9rence entre une grossesse sans suivi chiropratique et l&rsquo;autre avec un suivi chiropratique. Un suivi chiropratique pendant la grossesse et m\u00eame apr\u00e8s la grossesse facilite l&rsquo;accouchement et le processus de gu\u00e9rison. Voici comment: Permet l&rsquo;optimisation de l&rsquo;alignement des os du bassin facilitant alors l&rsquo;accouchement vaginal Permet l\u00a0\u00bbaugmentation de [&hellip;]","og_url":"https:\/\/kpitrechiro.com\/index.php\/6-infolettre\/chirotruc\/choisir-la-chiropratique-pendant-le-grossesse\/","og_site_name":"Dre Kayla Pitre, chiropraticienne - Centre chiropratique de la sant\u00e9 vert\u00e9brale","article_modified_time":"2022-07-14T16:07:36+00:00","og_image":[{"url":"https:\/\/kpitrechiro.com\/wp-content\/uploads\/2022\/07\/enceinte-1.jpg"}],"twitter_card":"summary_large_image","twitter_misc":{"Dur\u00e9e de lecture estim\u00e9e":"1 minute"},"schema":{"@context":"https:\/\/schema.org","@graph":[{"@type":"WebPage","@id":"https:\/\/kpitrechiro.com\/index.php\/6-infolettre\/chirotruc\/choisir-la-chiropratique-pendant-le-grossesse\/","url":"https:\/\/kpitrechiro.com\/index.php\/6-infolettre\/chirotruc\/choisir-la-chiropratique-pendant-le-grossesse\/","name":"Choisir la chiropratique pendant le grossesse - Dre Kayla Pitre, chiropraticienne - Centre chiropratique de la sant\u00e9 vert\u00e9brale","isPartOf":{"@id":"https:\/\/kpitrechiro.com\/#website"},"datePublished":"2022-07-14T16:06:43+00:00","dateModified":"2022-07-14T16:07:36+00:00","breadcrumb":{"@id":"https:\/\/kpitrechiro.com\/index.php\/6-infolettre\/chirotruc\/choisir-la-chiropratique-pendant-le-grossesse\/#breadcrumb"},"inLanguage":"fr-FR","potentialAction":[{"@type":"ReadAction","target":["https:\/\/kpitrechiro.com\/index.php\/6-infolettre\/chirotruc\/choisir-la-chiropratique-pendant-le-grossesse\/"]}]},{"@type":"BreadcrumbList","@id":"https:\/\/kpitrechiro.com\/index.php\/6-infolettre\/chirotruc\/choisir-la-chiropratique-pendant-le-grossesse\/#breadcrumb","itemListElement":[{"@type":"ListItem","position":1,"name":"Accueil","item":"https:\/\/kpitrechiro.com\/"},{"@type":"ListItem","position":2,"name":"Articles infolettre","item":"https:\/\/kpitrechiro.com\/index.php\/6-infolettre\/"},{"@type":"ListItem","position":3,"name":"Chirotruc","item":"https:\/\/kpitrechiro.com\/index.php\/6-infolettre\/chirotruc\/"},{"@type":"ListItem","position":4,"name":"Choisir la chiropratique pendant le grossesse"}]},{"@type":"WebSite","@id":"https:\/\/kpitrechiro.com\/#website","url":"https:\/\/kpitrechiro.com\/","name":"Dre Kayla Pitre, chiropraticienne - Centre chiropratique de la sant\u00e9 vert\u00e9brale","description":"Soyez la meilleure version de vous-m\u00eame !","publisher":{"@id":"https:\/\/kpitrechiro.com\/#organization"},"potentialAction":[{"@type":"SearchAction","target":{"@type":"EntryPoint","urlTemplate":"https:\/\/kpitrechiro.com\/?s={search_term_string}"},"query-input":"required name=search_term_string"}],"inLanguage":"fr-FR"},{"@type":"Organization","@id":"https:\/\/kpitrechiro.com\/#organization","name":"Dre Kayla Pitre, chiropraticienne - Centre chiropratique de la sant\u00e9 vert\u00e9brale","url":"https:\/\/kpitrechiro.com\/","sameAs":[],"logo":{"@type":"ImageObject","inLanguage":"fr-FR","@id":"https:\/\/kpitrechiro.com\/#\/schema\/logo\/image\/","url":"https:\/\/kpitrechiro.com\/wp-content\/uploads\/2020\/11\/cropped-LOGO-paint-fond-PNG-2.png","contentUrl":"https:\/\/kpitrechiro.com\/wp-content\/uploads\/2020\/11\/cropped-LOGO-paint-fond-PNG-2.png","width":712,"height":606,"caption":"Dre Kayla Pitre, chiropraticienne - Centre chiropratique de la sant\u00e9 vert\u00e9brale"},"image":{"@id":"https:\/\/kpitrechiro.com\/#\/schema\/logo\/image\/"}}]}},"_links":{"self":[{"href":"https:\/\/kpitrechiro.com\/index.php\/wp-json\/wp\/v2\/pages\/862"}],"collection":[{"href":"https:\/\/kpitrechiro.com\/index.php\/wp-json\/wp\/v2\/pages"}],"about":[{"href":"https:\/\/kpitrechiro.com\/index.php\/wp-json\/wp\/v2\/types\/page"}],"author":[{"embeddable":true,"href":"https:\/\/kpitrechiro.com\/index.php\/wp-json\/wp\/v2\/users\/1"}],"replies":[{"embeddable":true,"href":"https:\/\/kpitrechiro.com\/index.php\/wp-json\/wp\/v2\/comments?post=862"}],"version-history":[{"count":1,"href":"https:\/\/kpitrechiro.com\/index.php\/wp-json\/wp\/v2\/pages\/862\/revisions"}],"predecessor-version":[{"id":864,"href":"https:\/\/kpitrechiro.com\/index.php\/wp-json\/wp\/v2\/pages\/862\/revisions\/864"}],"up":[{"embeddable":true,"href":"https:\/\/kpitrechiro.com\/index.php\/wp-json\/wp\/v2\/pages\/529"}],"wp:attachment":[{"href":"https:\/\/kpitrechiro.com\/index.php\/wp-json\/wp\/v2\/media?parent=862"}],"curies":[{"name":"wp","href":"https:\/\/api.w.org\/{rel}","templated":true}]}}