{"id":850,"date":"2022-06-20T15:58:37","date_gmt":"2022-06-20T15:58:37","guid":{"rendered":"https:\/\/kpitrechiro.com\/?page_id=850"},"modified":"2022-06-20T16:03:57","modified_gmt":"2022-06-20T16:03:57","slug":"recette-collation-de-pois-chiche-au-curry","status":"publish","type":"page","link":"https:\/\/kpitrechiro.com\/index.php\/6-infolettre\/divers\/recette-collation-de-pois-chiche-au-curry\/","title":{"rendered":"Recette: Collation de pois chiche au curry"},"content":{"rendered":"\n<figure class=\"wp-block-image size-large\"><img loading=\"lazy\" width=\"1024\" height=\"768\" src=\"https:\/\/kpitrechiro.com\/wp-content\/uploads\/2022\/06\/277544786_1346641042468538_7384908748432320794_n-1024x768.jpg\" alt=\"\" class=\"wp-image-851\" srcset=\"https:\/\/kpitrechiro.com\/wp-content\/uploads\/2022\/06\/277544786_1346641042468538_7384908748432320794_n-1024x768.jpg 1024w, https:\/\/kpitrechiro.com\/wp-content\/uploads\/2022\/06\/277544786_1346641042468538_7384908748432320794_n-300x225.jpg 300w, https:\/\/kpitrechiro.com\/wp-content\/uploads\/2022\/06\/277544786_1346641042468538_7384908748432320794_n-768x576.jpg 768w, https:\/\/kpitrechiro.com\/wp-content\/uploads\/2022\/06\/277544786_1346641042468538_7384908748432320794_n-1536x1152.jpg 1536w, https:\/\/kpitrechiro.com\/wp-content\/uploads\/2022\/06\/277544786_1346641042468538_7384908748432320794_n-1200x900.jpg 1200w, https:\/\/kpitrechiro.com\/wp-content\/uploads\/2022\/06\/277544786_1346641042468538_7384908748432320794_n-1980x1485.jpg 1980w, https:\/\/kpitrechiro.com\/wp-content\/uploads\/2022\/06\/277544786_1346641042468538_7384908748432320794_n.jpg 2048w\" sizes=\"(max-width: 1024px) 100vw, 1024px\" \/><\/figure>\n\n\n\n<p><strong>Ingr\u00e9dients<\/strong><\/p>\n\n\n\n<ul><li>300 grammes de pois chiches cuits<\/li><li>1 \u00bd de cuill\u00e8re \u00e0 soupe d\u2019huile d\u2019live<\/li><li>1 \u00bd cuill\u00e8re \u00e0 caf\u00e9 de curry<\/li><li>1 cuill\u00e8re \u00e0 caf\u00e9 de paprika<\/li><li>Sel et poivre au go\u00fbt<\/li><\/ul>\n\n\n\n<p><br><strong>M\u00e9thode&nbsp;:<\/strong><\/p>\n\n\n\n<ul><li>Dans un bol, m\u00e9langer tous vos ingr\u00e9dients<\/li><li>Mettre sur une plaque de cuisson recouverte d\u2019un papier parchemin<\/li><li>Cuire pour environ 20 minutes au four \u00e0 250 degr\u00e9s Celsius ou jusqu\u2019\u00e0 ce qu\u2019ils soient assez croustillants<\/li><li>D\u00e9guster !<\/li><li>Bon app\u00e9tit !<\/li><\/ul>\n\n\n\n<p>* Note&nbsp;: les \u00e9pices peuvent \u00eatre chang\u00e9s selon vos go\u00fbts (masala, poudre de chili etc\u2026)<\/p>\n","protected":false},"excerpt":{"rendered":"<p>Ingr\u00e9dients 300 grammes de pois chiches cuits 1 \u00bd de cuill\u00e8re \u00e0 soupe d\u2019huile d\u2019live 1 \u00bd cuill\u00e8re \u00e0 caf\u00e9 de curry 1 cuill\u00e8re \u00e0 caf\u00e9 de paprika Sel et poivre au go\u00fbt M\u00e9thode&nbsp;: Dans un bol, m\u00e9langer tous vos ingr\u00e9dients Mettre sur une plaque de cuisson recouverte d\u2019un papier parchemin Cuire pour environ 20 [&hellip;]<\/p>\n","protected":false},"author":1,"featured_media":0,"parent":696,"menu_order":3,"comment_status":"closed","ping_status":"closed","template":"","meta":[],"yoast_head":"<!-- This site is optimized with the Yoast SEO plugin v19.5.1 - https:\/\/yoast.com\/wordpress\/plugins\/seo\/ -->\n<title>Recette: Collation de pois chiche au curry - Dre Kayla Pitre, chiropraticienne - Centre chiropratique de la sant\u00e9 vert\u00e9brale<\/title>\n<meta name=\"robots\" content=\"index, follow, max-snippet:-1, max-image-preview:large, max-video-preview:-1\" \/>\n<link rel=\"canonical\" href=\"https:\/\/kpitrechiro.com\/index.php\/6-infolettre\/divers\/recette-collation-de-pois-chiche-au-curry\/\" \/>\n<meta property=\"og:locale\" content=\"fr_FR\" \/>\n<meta property=\"og:type\" content=\"article\" \/>\n<meta property=\"og:title\" content=\"Recette: Collation de pois chiche au curry - Dre Kayla Pitre, chiropraticienne - Centre chiropratique de la sant\u00e9 vert\u00e9brale\" \/>\n<meta property=\"og:description\" content=\"Ingr\u00e9dients 300 grammes de pois chiches cuits 1 \u00bd de cuill\u00e8re \u00e0 soupe d\u2019huile d\u2019live 1 \u00bd cuill\u00e8re \u00e0 caf\u00e9 de curry 1 cuill\u00e8re \u00e0 caf\u00e9 de paprika Sel et poivre au go\u00fbt M\u00e9thode&nbsp;: Dans un bol, m\u00e9langer tous vos ingr\u00e9dients Mettre sur une plaque de cuisson recouverte d\u2019un papier parchemin Cuire pour environ 20 [&hellip;]\" \/>\n<meta property=\"og:url\" content=\"https:\/\/kpitrechiro.com\/index.php\/6-infolettre\/divers\/recette-collation-de-pois-chiche-au-curry\/\" \/>\n<meta property=\"og:site_name\" content=\"Dre Kayla Pitre, chiropraticienne - Centre chiropratique de la sant\u00e9 vert\u00e9brale\" \/>\n<meta property=\"article:modified_time\" content=\"2022-06-20T16:03:57+00:00\" \/>\n<meta property=\"og:image\" content=\"https:\/\/kpitrechiro.com\/wp-content\/uploads\/2022\/06\/277544786_1346641042468538_7384908748432320794_n-1024x768.jpg\" \/>\n<meta name=\"twitter:card\" content=\"summary_large_image\" \/>\n<script type=\"application\/ld+json\" class=\"yoast-schema-graph\">{\"@context\":\"https:\/\/schema.org\",\"@graph\":[{\"@type\":\"WebPage\",\"@id\":\"https:\/\/kpitrechiro.com\/index.php\/6-infolettre\/divers\/recette-collation-de-pois-chiche-au-curry\/\",\"url\":\"https:\/\/kpitrechiro.com\/index.php\/6-infolettre\/divers\/recette-collation-de-pois-chiche-au-curry\/\",\"name\":\"Recette: Collation de pois chiche au curry - Dre Kayla Pitre, chiropraticienne - Centre chiropratique de la sant\u00e9 vert\u00e9brale\",\"isPartOf\":{\"@id\":\"https:\/\/kpitrechiro.com\/#website\"},\"datePublished\":\"2022-06-20T15:58:37+00:00\",\"dateModified\":\"2022-06-20T16:03:57+00:00\",\"breadcrumb\":{\"@id\":\"https:\/\/kpitrechiro.com\/index.php\/6-infolettre\/divers\/recette-collation-de-pois-chiche-au-curry\/#breadcrumb\"},\"inLanguage\":\"fr-FR\",\"potentialAction\":[{\"@type\":\"ReadAction\",\"target\":[\"https:\/\/kpitrechiro.com\/index.php\/6-infolettre\/divers\/recette-collation-de-pois-chiche-au-curry\/\"]}]},{\"@type\":\"BreadcrumbList\",\"@id\":\"https:\/\/kpitrechiro.com\/index.php\/6-infolettre\/divers\/recette-collation-de-pois-chiche-au-curry\/#breadcrumb\",\"itemListElement\":[{\"@type\":\"ListItem\",\"position\":1,\"name\":\"Accueil\",\"item\":\"https:\/\/kpitrechiro.com\/\"},{\"@type\":\"ListItem\",\"position\":2,\"name\":\"Articles infolettre\",\"item\":\"https:\/\/kpitrechiro.com\/index.php\/6-infolettre\/\"},{\"@type\":\"ListItem\",\"position\":3,\"name\":\"Divers\",\"item\":\"https:\/\/kpitrechiro.com\/index.php\/6-infolettre\/divers\/\"},{\"@type\":\"ListItem\",\"position\":4,\"name\":\"Recette: Collation de pois chiche au curry\"}]},{\"@type\":\"WebSite\",\"@id\":\"https:\/\/kpitrechiro.com\/#website\",\"url\":\"https:\/\/kpitrechiro.com\/\",\"name\":\"Dre Kayla Pitre, chiropraticienne - Centre chiropratique de la sant\u00e9 vert\u00e9brale\",\"description\":\"Soyez la meilleure version de vous-m\u00eame !\",\"publisher\":{\"@id\":\"https:\/\/kpitrechiro.com\/#organization\"},\"potentialAction\":[{\"@type\":\"SearchAction\",\"target\":{\"@type\":\"EntryPoint\",\"urlTemplate\":\"https:\/\/kpitrechiro.com\/?s={search_term_string}\"},\"query-input\":\"required name=search_term_string\"}],\"inLanguage\":\"fr-FR\"},{\"@type\":\"Organization\",\"@id\":\"https:\/\/kpitrechiro.com\/#organization\",\"name\":\"Dre Kayla Pitre, chiropraticienne - Centre chiropratique de la sant\u00e9 vert\u00e9brale\",\"url\":\"https:\/\/kpitrechiro.com\/\",\"sameAs\":[],\"logo\":{\"@type\":\"ImageObject\",\"inLanguage\":\"fr-FR\",\"@id\":\"https:\/\/kpitrechiro.com\/#\/schema\/logo\/image\/\",\"url\":\"https:\/\/kpitrechiro.com\/wp-content\/uploads\/2020\/11\/cropped-LOGO-paint-fond-PNG-2.png\",\"contentUrl\":\"https:\/\/kpitrechiro.com\/wp-content\/uploads\/2020\/11\/cropped-LOGO-paint-fond-PNG-2.png\",\"width\":712,\"height\":606,\"caption\":\"Dre Kayla Pitre, chiropraticienne - Centre chiropratique de la sant\u00e9 vert\u00e9brale\"},\"image\":{\"@id\":\"https:\/\/kpitrechiro.com\/#\/schema\/logo\/image\/\"}}]}<\/script>\n<!-- \/ Yoast SEO plugin. -->","yoast_head_json":{"title":"Recette: Collation de pois chiche au curry - Dre Kayla Pitre, chiropraticienne - Centre chiropratique de la sant\u00e9 vert\u00e9brale","robots":{"index":"index","follow":"follow","max-snippet":"max-snippet:-1","max-image-preview":"max-image-preview:large","max-video-preview":"max-video-preview:-1"},"canonical":"https:\/\/kpitrechiro.com\/index.php\/6-infolettre\/divers\/recette-collation-de-pois-chiche-au-curry\/","og_locale":"fr_FR","og_type":"article","og_title":"Recette: Collation de pois chiche au curry - Dre Kayla Pitre, chiropraticienne - Centre chiropratique de la sant\u00e9 vert\u00e9brale","og_description":"Ingr\u00e9dients 300 grammes de pois chiches cuits 1 \u00bd de cuill\u00e8re \u00e0 soupe d\u2019huile d\u2019live 1 \u00bd cuill\u00e8re \u00e0 caf\u00e9 de curry 1 cuill\u00e8re \u00e0 caf\u00e9 de paprika Sel et poivre au go\u00fbt M\u00e9thode&nbsp;: Dans un bol, m\u00e9langer tous vos ingr\u00e9dients Mettre sur une plaque de cuisson recouverte d\u2019un papier parchemin Cuire pour environ 20 [&hellip;]","og_url":"https:\/\/kpitrechiro.com\/index.php\/6-infolettre\/divers\/recette-collation-de-pois-chiche-au-curry\/","og_site_name":"Dre Kayla Pitre, chiropraticienne - Centre chiropratique de la sant\u00e9 vert\u00e9brale","article_modified_time":"2022-06-20T16:03:57+00:00","og_image":[{"url":"https:\/\/kpitrechiro.com\/wp-content\/uploads\/2022\/06\/277544786_1346641042468538_7384908748432320794_n-1024x768.jpg"}],"twitter_card":"summary_large_image","schema":{"@context":"https:\/\/schema.org","@graph":[{"@type":"WebPage","@id":"https:\/\/kpitrechiro.com\/index.php\/6-infolettre\/divers\/recette-collation-de-pois-chiche-au-curry\/","url":"https:\/\/kpitrechiro.com\/index.php\/6-infolettre\/divers\/recette-collation-de-pois-chiche-au-curry\/","name":"Recette: Collation de pois chiche au curry - Dre Kayla Pitre, chiropraticienne - Centre chiropratique de la sant\u00e9 vert\u00e9brale","isPartOf":{"@id":"https:\/\/kpitrechiro.com\/#website"},"datePublished":"2022-06-20T15:58:37+00:00","dateModified":"2022-06-20T16:03:57+00:00","breadcrumb":{"@id":"https:\/\/kpitrechiro.com\/index.php\/6-infolettre\/divers\/recette-collation-de-pois-chiche-au-curry\/#breadcrumb"},"inLanguage":"fr-FR","potentialAction":[{"@type":"ReadAction","target":["https:\/\/kpitrechiro.com\/index.php\/6-infolettre\/divers\/recette-collation-de-pois-chiche-au-curry\/"]}]},{"@type":"BreadcrumbList","@id":"https:\/\/kpitrechiro.com\/index.php\/6-infolettre\/divers\/recette-collation-de-pois-chiche-au-curry\/#breadcrumb","itemListElement":[{"@type":"ListItem","position":1,"name":"Accueil","item":"https:\/\/kpitrechiro.com\/"},{"@type":"ListItem","position":2,"name":"Articles infolettre","item":"https:\/\/kpitrechiro.com\/index.php\/6-infolettre\/"},{"@type":"ListItem","position":3,"name":"Divers","item":"https:\/\/kpitrechiro.com\/index.php\/6-infolettre\/divers\/"},{"@type":"ListItem","position":4,"name":"Recette: Collation de pois chiche au curry"}]},{"@type":"WebSite","@id":"https:\/\/kpitrechiro.com\/#website","url":"https:\/\/kpitrechiro.com\/","name":"Dre Kayla Pitre, chiropraticienne - Centre chiropratique de la sant\u00e9 vert\u00e9brale","description":"Soyez la meilleure version de vous-m\u00eame !","publisher":{"@id":"https:\/\/kpitrechiro.com\/#organization"},"potentialAction":[{"@type":"SearchAction","target":{"@type":"EntryPoint","urlTemplate":"https:\/\/kpitrechiro.com\/?s={search_term_string}"},"query-input":"required name=search_term_string"}],"inLanguage":"fr-FR"},{"@type":"Organization","@id":"https:\/\/kpitrechiro.com\/#organization","name":"Dre Kayla Pitre, chiropraticienne - Centre chiropratique de la sant\u00e9 vert\u00e9brale","url":"https:\/\/kpitrechiro.com\/","sameAs":[],"logo":{"@type":"ImageObject","inLanguage":"fr-FR","@id":"https:\/\/kpitrechiro.com\/#\/schema\/logo\/image\/","url":"https:\/\/kpitrechiro.com\/wp-content\/uploads\/2020\/11\/cropped-LOGO-paint-fond-PNG-2.png","contentUrl":"https:\/\/kpitrechiro.com\/wp-content\/uploads\/2020\/11\/cropped-LOGO-paint-fond-PNG-2.png","width":712,"height":606,"caption":"Dre Kayla Pitre, chiropraticienne - Centre chiropratique de la sant\u00e9 vert\u00e9brale"},"image":{"@id":"https:\/\/kpitrechiro.com\/#\/schema\/logo\/image\/"}}]}},"_links":{"self":[{"href":"https:\/\/kpitrechiro.com\/index.php\/wp-json\/wp\/v2\/pages\/850"}],"collection":[{"href":"https:\/\/kpitrechiro.com\/index.php\/wp-json\/wp\/v2\/pages"}],"about":[{"href":"https:\/\/kpitrechiro.com\/index.php\/wp-json\/wp\/v2\/types\/page"}],"author":[{"embeddable":true,"href":"https:\/\/kpitrechiro.com\/index.php\/wp-json\/wp\/v2\/users\/1"}],"replies":[{"embeddable":true,"href":"https:\/\/kpitrechiro.com\/index.php\/wp-json\/wp\/v2\/comments?post=850"}],"version-history":[{"count":2,"href":"https:\/\/kpitrechiro.com\/index.php\/wp-json\/wp\/v2\/pages\/850\/revisions"}],"predecessor-version":[{"id":853,"href":"https:\/\/kpitrechiro.com\/index.php\/wp-json\/wp\/v2\/pages\/850\/revisions\/853"}],"up":[{"embeddable":true,"href":"https:\/\/kpitrechiro.com\/index.php\/wp-json\/wp\/v2\/pages\/696"}],"wp:attachment":[{"href":"https:\/\/kpitrechiro.com\/index.php\/wp-json\/wp\/v2\/media?parent=850"}],"curies":[{"name":"wp","href":"https:\/\/api.w.org\/{rel}","templated":true}]}}