{"id":845,"date":"2022-06-20T15:53:22","date_gmt":"2022-06-20T15:53:22","guid":{"rendered":"https:\/\/kpitrechiro.com\/?page_id=845"},"modified":"2022-06-20T16:00:04","modified_gmt":"2022-06-20T16:00:04","slug":"la-capsulite-adhesive-de-lepaule","status":"publish","type":"page","link":"https:\/\/kpitrechiro.com\/index.php\/6-infolettre\/condition-traitees\/la-capsulite-adhesive-de-lepaule\/","title":{"rendered":"La capsulite adh\u00e9sive de l\u2019\u00e9paule"},"content":{"rendered":"\n<p><strong><span style=\"text-decoration: underline;\">Qu\u2019est-ce que c\u2019est?<\/span><\/strong><\/p>\n\n\n\n<p>La capsulite adh\u00e9sive de l\u2019\u00e9paule aussi appel\u00e9e \u00abfrozen shoulder\u00bb est une condition dans laquelle il y a une perte des amplitudes de mouvements (ADM), des raideurs ainsi que des douleurs. Elle atteint les femmes plus que les hommes aux alentours de 40 \u00e0 60 ans. La condition \u00e9volue en 4 phases&nbsp;:<\/p>\n\n\n\n<figure class=\"wp-block-image size-large\"><img loading=\"lazy\" width=\"768\" height=\"1024\" src=\"https:\/\/kpitrechiro.com\/wp-content\/uploads\/2022\/06\/285075017_698943001185295_3887098538712666645_n-768x1024.jpg\" alt=\"\" class=\"wp-image-846\" srcset=\"https:\/\/kpitrechiro.com\/wp-content\/uploads\/2022\/06\/285075017_698943001185295_3887098538712666645_n-768x1024.jpg 768w, https:\/\/kpitrechiro.com\/wp-content\/uploads\/2022\/06\/285075017_698943001185295_3887098538712666645_n-225x300.jpg 225w, https:\/\/kpitrechiro.com\/wp-content\/uploads\/2022\/06\/285075017_698943001185295_3887098538712666645_n-1152x1536.jpg 1152w, https:\/\/kpitrechiro.com\/wp-content\/uploads\/2022\/06\/285075017_698943001185295_3887098538712666645_n-1200x1600.jpg 1200w, https:\/\/kpitrechiro.com\/wp-content\/uploads\/2022\/06\/285075017_698943001185295_3887098538712666645_n.jpg 1536w\" sizes=\"(max-width: 768px) 100vw, 768px\" \/><\/figure>\n\n\n\n<ol type=\"1\"><li>Phase pr\u00e9-adh\u00e9sive<ol><li>ADM normale ou peu limit\u00e9e<\/li><\/ol><ol><li>Pas d\u2019adh\u00e9sion<\/li><\/ol><ol><li>Pr\u00e9sence d\u2019inflammation<\/li><\/ol><ol><li>Douleur en abduction et rotation externe<\/li><\/ol><ol><li>Douleur surtout la nuit<\/li><\/ol><ol><li>Pas de raideur<\/li><\/ol><ol><li>Difficile de diff\u00e9rencier avec les autres conditions d\u2019\u00e9paules \u00e0 cause des sympt\u00f4mes non sp\u00e9cifiques<\/li><\/ol><\/li><li>Phase aig\u00fce adh\u00e9sive<ol><li>D\u00e9but d\u2019adh\u00e9sion<\/li><\/ol><ol><li>Douleur constante qui peut irradier<\/li><\/ol><ol><li>ADM qui commence \u00e0 \u00eatre bloqu\u00e9e et douloureuses<\/li><\/ol><\/li><li>Phase adh\u00e9sive<ol><li>Douleur au mouvement moins s\u00e9v\u00e8re<\/li><\/ol><ol><li>Atrophie musculaire<\/li><\/ol><ol><li>Beaucoup de raideur<\/li><\/ol><ol><li>Diminution des ADM<\/li><\/ol><\/li><li>Phase chronique<ol><li>Adh\u00e9sions importantes<\/li><\/ol><ol><li>Grande perte ADM qui peuvent s\u2019am\u00e9liorer<\/li><\/ol><\/li><\/ol>\n\n\n\n<p><strong><span style=\"text-decoration: underline;\">Quelles sont les causes possibles?<\/span><\/strong><\/p>\n\n\n\n<ul><li>\u00catre s\u00e9dentaire<\/li><li>Immobilisation prolong\u00e9e<\/li><li>Arthrose<\/li><li>Incident<\/li><li>Comorbidit\u00e9<\/li><\/ul>\n\n\n\n<p><strong><span style=\"text-decoration: underline;\">Qu\u2019est-ce qu\u2019il y \u00e0 faire comme traitement ? Est-ce que la chiropratique peut aider ?<\/span><\/strong><\/p>\n\n\n\n<p>C\u2019est une condition qui prend beaucoup de temps avant de voir des am\u00e9liorations. Sans aucun traitement, 60% des gens se r\u00e9tablissent \u00e0 l\u2019int\u00e9rieur de 2 ans. Les r\u00e9sultats sont mieux avec des traitements. La majorit\u00e9 des patients vont r\u00e9tablir avec 90-100% de leurs fonctions, mais cela peut prendre jusqu\u2019\u00e0 1 an. Le but des traitements de cette condition est de pouvoir aider \u00e0 diminuer la douleur et conserver le plus possible l\u2019amplitude de mouvements.<\/p>\n\n\n\n<p>Afin d\u2019atteindre ces objectifs, apr\u00e8s un examen complet, votre docteur en chiropratique \u00e9tablira un plan de traitements qui peuvent inclure&nbsp;: des ajustements chiropratiques, des mobilisations, du travail musculaire, des exercices ou des conseils. C\u2019est important que le patient comprenne bien ce qui se passe, le temps que cela peut prendre et il devra \u00eatre motiv\u00e9 afin de pouvoir avoir un meilleur impact positif sur la condition.<\/p>\n","protected":false},"excerpt":{"rendered":"<p>Qu\u2019est-ce que c\u2019est? La capsulite adh\u00e9sive de l\u2019\u00e9paule aussi appel\u00e9e \u00abfrozen shoulder\u00bb est une condition dans laquelle il y a une perte des amplitudes de mouvements (ADM), des raideurs ainsi que des douleurs. Elle atteint les femmes plus que les hommes aux alentours de 40 \u00e0 60 ans. La condition \u00e9volue en 4 phases&nbsp;: Phase [&hellip;]<\/p>\n","protected":false},"author":1,"featured_media":0,"parent":531,"menu_order":10,"comment_status":"closed","ping_status":"closed","template":"","meta":[],"yoast_head":"<!-- This site is optimized with the Yoast SEO plugin v19.5.1 - https:\/\/yoast.com\/wordpress\/plugins\/seo\/ -->\n<title>La capsulite adh\u00e9sive de l\u2019\u00e9paule - Dre Kayla Pitre, chiropraticienne - Centre chiropratique de la sant\u00e9 vert\u00e9brale<\/title>\n<meta name=\"robots\" content=\"index, follow, max-snippet:-1, max-image-preview:large, max-video-preview:-1\" \/>\n<link rel=\"canonical\" href=\"https:\/\/kpitrechiro.com\/index.php\/6-infolettre\/condition-traitees\/la-capsulite-adhesive-de-lepaule\/\" \/>\n<meta property=\"og:locale\" content=\"fr_FR\" \/>\n<meta property=\"og:type\" content=\"article\" \/>\n<meta property=\"og:title\" content=\"La capsulite adh\u00e9sive de l\u2019\u00e9paule - Dre Kayla Pitre, chiropraticienne - Centre chiropratique de la sant\u00e9 vert\u00e9brale\" \/>\n<meta property=\"og:description\" content=\"Qu\u2019est-ce que c\u2019est? La capsulite adh\u00e9sive de l\u2019\u00e9paule aussi appel\u00e9e \u00abfrozen shoulder\u00bb est une condition dans laquelle il y a une perte des amplitudes de mouvements (ADM), des raideurs ainsi que des douleurs. Elle atteint les femmes plus que les hommes aux alentours de 40 \u00e0 60 ans. La condition \u00e9volue en 4 phases&nbsp;: Phase [&hellip;]\" \/>\n<meta property=\"og:url\" content=\"https:\/\/kpitrechiro.com\/index.php\/6-infolettre\/condition-traitees\/la-capsulite-adhesive-de-lepaule\/\" \/>\n<meta property=\"og:site_name\" content=\"Dre Kayla Pitre, chiropraticienne - Centre chiropratique de la sant\u00e9 vert\u00e9brale\" \/>\n<meta property=\"article:modified_time\" content=\"2022-06-20T16:00:04+00:00\" \/>\n<meta property=\"og:image\" content=\"https:\/\/kpitrechiro.com\/wp-content\/uploads\/2022\/06\/285075017_698943001185295_3887098538712666645_n-768x1024.jpg\" \/>\n<meta name=\"twitter:card\" content=\"summary_large_image\" \/>\n<meta name=\"twitter:label1\" content=\"Dur\u00e9e de lecture estim\u00e9e\" \/>\n\t<meta name=\"twitter:data1\" content=\"2 minutes\" \/>\n<script type=\"application\/ld+json\" class=\"yoast-schema-graph\">{\"@context\":\"https:\/\/schema.org\",\"@graph\":[{\"@type\":\"WebPage\",\"@id\":\"https:\/\/kpitrechiro.com\/index.php\/6-infolettre\/condition-traitees\/la-capsulite-adhesive-de-lepaule\/\",\"url\":\"https:\/\/kpitrechiro.com\/index.php\/6-infolettre\/condition-traitees\/la-capsulite-adhesive-de-lepaule\/\",\"name\":\"La capsulite adh\u00e9sive de l\u2019\u00e9paule - Dre Kayla Pitre, chiropraticienne - Centre chiropratique de la sant\u00e9 vert\u00e9brale\",\"isPartOf\":{\"@id\":\"https:\/\/kpitrechiro.com\/#website\"},\"datePublished\":\"2022-06-20T15:53:22+00:00\",\"dateModified\":\"2022-06-20T16:00:04+00:00\",\"breadcrumb\":{\"@id\":\"https:\/\/kpitrechiro.com\/index.php\/6-infolettre\/condition-traitees\/la-capsulite-adhesive-de-lepaule\/#breadcrumb\"},\"inLanguage\":\"fr-FR\",\"potentialAction\":[{\"@type\":\"ReadAction\",\"target\":[\"https:\/\/kpitrechiro.com\/index.php\/6-infolettre\/condition-traitees\/la-capsulite-adhesive-de-lepaule\/\"]}]},{\"@type\":\"BreadcrumbList\",\"@id\":\"https:\/\/kpitrechiro.com\/index.php\/6-infolettre\/condition-traitees\/la-capsulite-adhesive-de-lepaule\/#breadcrumb\",\"itemListElement\":[{\"@type\":\"ListItem\",\"position\":1,\"name\":\"Accueil\",\"item\":\"https:\/\/kpitrechiro.com\/\"},{\"@type\":\"ListItem\",\"position\":2,\"name\":\"Articles infolettre\",\"item\":\"https:\/\/kpitrechiro.com\/index.php\/6-infolettre\/\"},{\"@type\":\"ListItem\",\"position\":3,\"name\":\"Condition trait\u00e9es\",\"item\":\"https:\/\/kpitrechiro.com\/index.php\/6-infolettre\/condition-traitees\/\"},{\"@type\":\"ListItem\",\"position\":4,\"name\":\"La capsulite adh\u00e9sive de l\u2019\u00e9paule\"}]},{\"@type\":\"WebSite\",\"@id\":\"https:\/\/kpitrechiro.com\/#website\",\"url\":\"https:\/\/kpitrechiro.com\/\",\"name\":\"Dre Kayla Pitre, chiropraticienne - Centre chiropratique de la sant\u00e9 vert\u00e9brale\",\"description\":\"Soyez la meilleure version de vous-m\u00eame !\",\"publisher\":{\"@id\":\"https:\/\/kpitrechiro.com\/#organization\"},\"potentialAction\":[{\"@type\":\"SearchAction\",\"target\":{\"@type\":\"EntryPoint\",\"urlTemplate\":\"https:\/\/kpitrechiro.com\/?s={search_term_string}\"},\"query-input\":\"required name=search_term_string\"}],\"inLanguage\":\"fr-FR\"},{\"@type\":\"Organization\",\"@id\":\"https:\/\/kpitrechiro.com\/#organization\",\"name\":\"Dre Kayla Pitre, chiropraticienne - Centre chiropratique de la sant\u00e9 vert\u00e9brale\",\"url\":\"https:\/\/kpitrechiro.com\/\",\"sameAs\":[],\"logo\":{\"@type\":\"ImageObject\",\"inLanguage\":\"fr-FR\",\"@id\":\"https:\/\/kpitrechiro.com\/#\/schema\/logo\/image\/\",\"url\":\"https:\/\/kpitrechiro.com\/wp-content\/uploads\/2020\/11\/cropped-LOGO-paint-fond-PNG-2.png\",\"contentUrl\":\"https:\/\/kpitrechiro.com\/wp-content\/uploads\/2020\/11\/cropped-LOGO-paint-fond-PNG-2.png\",\"width\":712,\"height\":606,\"caption\":\"Dre Kayla Pitre, chiropraticienne - Centre chiropratique de la sant\u00e9 vert\u00e9brale\"},\"image\":{\"@id\":\"https:\/\/kpitrechiro.com\/#\/schema\/logo\/image\/\"}}]}<\/script>\n<!-- \/ Yoast SEO plugin. -->","yoast_head_json":{"title":"La capsulite adh\u00e9sive de l\u2019\u00e9paule - Dre Kayla Pitre, chiropraticienne - Centre chiropratique de la sant\u00e9 vert\u00e9brale","robots":{"index":"index","follow":"follow","max-snippet":"max-snippet:-1","max-image-preview":"max-image-preview:large","max-video-preview":"max-video-preview:-1"},"canonical":"https:\/\/kpitrechiro.com\/index.php\/6-infolettre\/condition-traitees\/la-capsulite-adhesive-de-lepaule\/","og_locale":"fr_FR","og_type":"article","og_title":"La capsulite adh\u00e9sive de l\u2019\u00e9paule - Dre Kayla Pitre, chiropraticienne - Centre chiropratique de la sant\u00e9 vert\u00e9brale","og_description":"Qu\u2019est-ce que c\u2019est? La capsulite adh\u00e9sive de l\u2019\u00e9paule aussi appel\u00e9e \u00abfrozen shoulder\u00bb est une condition dans laquelle il y a une perte des amplitudes de mouvements (ADM), des raideurs ainsi que des douleurs. Elle atteint les femmes plus que les hommes aux alentours de 40 \u00e0 60 ans. La condition \u00e9volue en 4 phases&nbsp;: Phase [&hellip;]","og_url":"https:\/\/kpitrechiro.com\/index.php\/6-infolettre\/condition-traitees\/la-capsulite-adhesive-de-lepaule\/","og_site_name":"Dre Kayla Pitre, chiropraticienne - Centre chiropratique de la sant\u00e9 vert\u00e9brale","article_modified_time":"2022-06-20T16:00:04+00:00","og_image":[{"url":"https:\/\/kpitrechiro.com\/wp-content\/uploads\/2022\/06\/285075017_698943001185295_3887098538712666645_n-768x1024.jpg"}],"twitter_card":"summary_large_image","twitter_misc":{"Dur\u00e9e de lecture estim\u00e9e":"2 minutes"},"schema":{"@context":"https:\/\/schema.org","@graph":[{"@type":"WebPage","@id":"https:\/\/kpitrechiro.com\/index.php\/6-infolettre\/condition-traitees\/la-capsulite-adhesive-de-lepaule\/","url":"https:\/\/kpitrechiro.com\/index.php\/6-infolettre\/condition-traitees\/la-capsulite-adhesive-de-lepaule\/","name":"La capsulite adh\u00e9sive de l\u2019\u00e9paule - Dre Kayla Pitre, chiropraticienne - Centre chiropratique de la sant\u00e9 vert\u00e9brale","isPartOf":{"@id":"https:\/\/kpitrechiro.com\/#website"},"datePublished":"2022-06-20T15:53:22+00:00","dateModified":"2022-06-20T16:00:04+00:00","breadcrumb":{"@id":"https:\/\/kpitrechiro.com\/index.php\/6-infolettre\/condition-traitees\/la-capsulite-adhesive-de-lepaule\/#breadcrumb"},"inLanguage":"fr-FR","potentialAction":[{"@type":"ReadAction","target":["https:\/\/kpitrechiro.com\/index.php\/6-infolettre\/condition-traitees\/la-capsulite-adhesive-de-lepaule\/"]}]},{"@type":"BreadcrumbList","@id":"https:\/\/kpitrechiro.com\/index.php\/6-infolettre\/condition-traitees\/la-capsulite-adhesive-de-lepaule\/#breadcrumb","itemListElement":[{"@type":"ListItem","position":1,"name":"Accueil","item":"https:\/\/kpitrechiro.com\/"},{"@type":"ListItem","position":2,"name":"Articles infolettre","item":"https:\/\/kpitrechiro.com\/index.php\/6-infolettre\/"},{"@type":"ListItem","position":3,"name":"Condition trait\u00e9es","item":"https:\/\/kpitrechiro.com\/index.php\/6-infolettre\/condition-traitees\/"},{"@type":"ListItem","position":4,"name":"La capsulite adh\u00e9sive de l\u2019\u00e9paule"}]},{"@type":"WebSite","@id":"https:\/\/kpitrechiro.com\/#website","url":"https:\/\/kpitrechiro.com\/","name":"Dre Kayla Pitre, chiropraticienne - Centre chiropratique de la sant\u00e9 vert\u00e9brale","description":"Soyez la meilleure version de vous-m\u00eame !","publisher":{"@id":"https:\/\/kpitrechiro.com\/#organization"},"potentialAction":[{"@type":"SearchAction","target":{"@type":"EntryPoint","urlTemplate":"https:\/\/kpitrechiro.com\/?s={search_term_string}"},"query-input":"required name=search_term_string"}],"inLanguage":"fr-FR"},{"@type":"Organization","@id":"https:\/\/kpitrechiro.com\/#organization","name":"Dre Kayla Pitre, chiropraticienne - Centre chiropratique de la sant\u00e9 vert\u00e9brale","url":"https:\/\/kpitrechiro.com\/","sameAs":[],"logo":{"@type":"ImageObject","inLanguage":"fr-FR","@id":"https:\/\/kpitrechiro.com\/#\/schema\/logo\/image\/","url":"https:\/\/kpitrechiro.com\/wp-content\/uploads\/2020\/11\/cropped-LOGO-paint-fond-PNG-2.png","contentUrl":"https:\/\/kpitrechiro.com\/wp-content\/uploads\/2020\/11\/cropped-LOGO-paint-fond-PNG-2.png","width":712,"height":606,"caption":"Dre Kayla Pitre, chiropraticienne - Centre chiropratique de la sant\u00e9 vert\u00e9brale"},"image":{"@id":"https:\/\/kpitrechiro.com\/#\/schema\/logo\/image\/"}}]}},"_links":{"self":[{"href":"https:\/\/kpitrechiro.com\/index.php\/wp-json\/wp\/v2\/pages\/845"}],"collection":[{"href":"https:\/\/kpitrechiro.com\/index.php\/wp-json\/wp\/v2\/pages"}],"about":[{"href":"https:\/\/kpitrechiro.com\/index.php\/wp-json\/wp\/v2\/types\/page"}],"author":[{"embeddable":true,"href":"https:\/\/kpitrechiro.com\/index.php\/wp-json\/wp\/v2\/users\/1"}],"replies":[{"embeddable":true,"href":"https:\/\/kpitrechiro.com\/index.php\/wp-json\/wp\/v2\/comments?post=845"}],"version-history":[{"count":1,"href":"https:\/\/kpitrechiro.com\/index.php\/wp-json\/wp\/v2\/pages\/845\/revisions"}],"predecessor-version":[{"id":847,"href":"https:\/\/kpitrechiro.com\/index.php\/wp-json\/wp\/v2\/pages\/845\/revisions\/847"}],"up":[{"embeddable":true,"href":"https:\/\/kpitrechiro.com\/index.php\/wp-json\/wp\/v2\/pages\/531"}],"wp:attachment":[{"href":"https:\/\/kpitrechiro.com\/index.php\/wp-json\/wp\/v2\/media?parent=845"}],"curies":[{"name":"wp","href":"https:\/\/api.w.org\/{rel}","templated":true}]}}