{"id":693,"date":"2022-02-03T16:38:18","date_gmt":"2022-02-03T16:38:18","guid":{"rendered":"https:\/\/kpitrechiro.com\/?page_id=693"},"modified":"2022-02-03T16:38:18","modified_gmt":"2022-02-03T16:38:18","slug":"les-composantes-de-la-subluxation-vertebrale","status":"publish","type":"page","link":"https:\/\/kpitrechiro.com\/index.php\/la-chiropratique\/les-composantes-de-la-subluxation-vertebrale\/","title":{"rendered":"Les composantes de la subluxation vert\u00e9brale"},"content":{"rendered":"\n<div class=\"wp-block-image\"><figure class=\"aligncenter size-large\"><img loading=\"lazy\" width=\"573\" height=\"591\" src=\"https:\/\/kpitrechiro.com\/wp-content\/uploads\/2022\/02\/dgh.png\" alt=\"\" class=\"wp-image-694\" srcset=\"https:\/\/kpitrechiro.com\/wp-content\/uploads\/2022\/02\/dgh.png 573w, https:\/\/kpitrechiro.com\/wp-content\/uploads\/2022\/02\/dgh-291x300.png 291w\" sizes=\"(max-width: 573px) 100vw, 573px\" \/><\/figure><\/div>\n\n\n\n<p><strong><span style=\"text-decoration: underline;\">Qu\u2019est-ce qu\u2019une subluxation vert\u00e9brale\u00a0?<\/span><\/strong><\/p>\n\n\n\n<p>Le complexe de subluxation vert\u00e9brale (CSV) d\u00e9signe un mauvais fonctionnement de l\u2019articulation entre deux vert\u00e8bres, qui s\u2019accompagne g\u00e9n\u00e9ralement d\u2019une perte de qualit\u00e9 du mouvement articulaire. &nbsp; Si elles subissent un traumatisme, les vert\u00e8bres et les articulations de la colonne vert\u00e9brale deviendront une source d\u2019interf\u00e9rence \u00e0 la transmission de l\u2019influx nerveux en provenance du cerveau.&nbsp; Un accident, une chute, une traction in\u00e9gale, la tension, le surmenage, les mauvaises habitudes de vie ou tout autre facteur susceptible de provoquer un l\u00e9ger d\u00e9salignement d\u2019une ou de plusieurs vert\u00e8bres, peut entra\u00eener un d\u00e9r\u00e8glement du syst\u00e8me nerveux. Une entrave au chemin parcouru par ce dernier aura pour cons\u00e9quence de perturber l\u2019organisme et peut donc entra\u00eener divers probl\u00e8mes de sant\u00e9.<\/p>\n\n\n\n<p><strong><span style=\"text-decoration: underline;\">Quels sont les diff\u00e9rentes composantes\u00a0?<\/span><\/strong><\/p>\n\n\n\n<ol type=\"1\"><li><strong>Dysfonction biom\u00e9canique\u00a0: <\/strong>C&rsquo;est la premi\u00e8re composante d&rsquo;une subluxation vert\u00e9brale.Il y a une <strong><em>perte du mouvement<\/em><\/strong> de la vert\u00e8bre et un d\u00e9salignement.<\/li><li><strong>Dysfonction des tissus mous\u00a0:<\/strong> Il y a de <strong><em>l&rsquo;inflammation<\/em><\/strong> et des <strong><em>tensions<\/em><\/strong> des tissus de la r\u00e9gion (muscles, tendons, ligaments)<\/li><li><strong>Dysfonction neurologique\u00a0: <\/strong>Les signaux nerveux sont affect\u00e9s. Il y a alors une <strong><em>mauvaise communication<\/em><\/strong> entre le corps et le cerveau r\u00e9sultant alors en une capacit\u00e9 diminu\u00e9e du corps \u00e0 se r\u00e9guler, s&rsquo;harmoniser, s&rsquo;adapter et gu\u00e9rir.<\/li><li><strong>Dysfonction pathologique\u00a0:<\/strong> Il y a une augmentation de la d\u00e9g\u00e9n\u00e9rescence, une modification posturale et d&rsquo;autres dysfonctions syst\u00e9miques selon le niveau atteint. Des probl\u00e8mes tels que les suivants peuvent se produire\u00a0: douleurs, engourdissements, maux de t\u00eate, tendinite etc\u2026<\/li><\/ol>\n","protected":false},"excerpt":{"rendered":"<p>Qu\u2019est-ce qu\u2019une subluxation vert\u00e9brale\u00a0? Le complexe de subluxation vert\u00e9brale (CSV) d\u00e9signe un mauvais fonctionnement de l\u2019articulation entre deux vert\u00e8bres, qui s\u2019accompagne g\u00e9n\u00e9ralement d\u2019une perte de qualit\u00e9 du mouvement articulaire. &nbsp; Si elles subissent un traumatisme, les vert\u00e8bres et les articulations de la colonne vert\u00e9brale deviendront une source d\u2019interf\u00e9rence \u00e0 la transmission de l\u2019influx nerveux en [&hellip;]<\/p>\n","protected":false},"author":1,"featured_media":0,"parent":167,"menu_order":0,"comment_status":"closed","ping_status":"closed","template":"","meta":[],"yoast_head":"<!-- This site is optimized with the Yoast SEO plugin v19.5.1 - https:\/\/yoast.com\/wordpress\/plugins\/seo\/ -->\n<title>Les composantes de la subluxation vert\u00e9brale - Dre Kayla Pitre, chiropraticienne - Centre chiropratique de la sant\u00e9 vert\u00e9brale<\/title>\n<meta name=\"robots\" content=\"index, follow, max-snippet:-1, max-image-preview:large, max-video-preview:-1\" \/>\n<link rel=\"canonical\" href=\"https:\/\/kpitrechiro.com\/index.php\/la-chiropratique\/les-composantes-de-la-subluxation-vertebrale\/\" \/>\n<meta property=\"og:locale\" content=\"fr_FR\" \/>\n<meta property=\"og:type\" content=\"article\" \/>\n<meta property=\"og:title\" content=\"Les composantes de la subluxation vert\u00e9brale - Dre Kayla Pitre, chiropraticienne - Centre chiropratique de la sant\u00e9 vert\u00e9brale\" \/>\n<meta property=\"og:description\" content=\"Qu\u2019est-ce qu\u2019une subluxation vert\u00e9brale\u00a0? Le complexe de subluxation vert\u00e9brale (CSV) d\u00e9signe un mauvais fonctionnement de l\u2019articulation entre deux vert\u00e8bres, qui s\u2019accompagne g\u00e9n\u00e9ralement d\u2019une perte de qualit\u00e9 du mouvement articulaire. &nbsp; Si elles subissent un traumatisme, les vert\u00e8bres et les articulations de la colonne vert\u00e9brale deviendront une source d\u2019interf\u00e9rence \u00e0 la transmission de l\u2019influx nerveux en [&hellip;]\" \/>\n<meta property=\"og:url\" content=\"https:\/\/kpitrechiro.com\/index.php\/la-chiropratique\/les-composantes-de-la-subluxation-vertebrale\/\" \/>\n<meta property=\"og:site_name\" content=\"Dre Kayla Pitre, chiropraticienne - Centre chiropratique de la sant\u00e9 vert\u00e9brale\" \/>\n<meta property=\"og:image\" content=\"https:\/\/kpitrechiro.com\/wp-content\/uploads\/2022\/02\/dgh.png\" \/>\n<meta name=\"twitter:card\" content=\"summary_large_image\" \/>\n<meta name=\"twitter:label1\" content=\"Dur\u00e9e de lecture estim\u00e9e\" \/>\n\t<meta name=\"twitter:data1\" content=\"1 minute\" \/>\n<script type=\"application\/ld+json\" class=\"yoast-schema-graph\">{\"@context\":\"https:\/\/schema.org\",\"@graph\":[{\"@type\":\"WebPage\",\"@id\":\"https:\/\/kpitrechiro.com\/index.php\/la-chiropratique\/les-composantes-de-la-subluxation-vertebrale\/\",\"url\":\"https:\/\/kpitrechiro.com\/index.php\/la-chiropratique\/les-composantes-de-la-subluxation-vertebrale\/\",\"name\":\"Les composantes de la subluxation vert\u00e9brale - Dre Kayla Pitre, chiropraticienne - Centre chiropratique de la sant\u00e9 vert\u00e9brale\",\"isPartOf\":{\"@id\":\"https:\/\/kpitrechiro.com\/#website\"},\"datePublished\":\"2022-02-03T16:38:18+00:00\",\"dateModified\":\"2022-02-03T16:38:18+00:00\",\"breadcrumb\":{\"@id\":\"https:\/\/kpitrechiro.com\/index.php\/la-chiropratique\/les-composantes-de-la-subluxation-vertebrale\/#breadcrumb\"},\"inLanguage\":\"fr-FR\",\"potentialAction\":[{\"@type\":\"ReadAction\",\"target\":[\"https:\/\/kpitrechiro.com\/index.php\/la-chiropratique\/les-composantes-de-la-subluxation-vertebrale\/\"]}]},{\"@type\":\"BreadcrumbList\",\"@id\":\"https:\/\/kpitrechiro.com\/index.php\/la-chiropratique\/les-composantes-de-la-subluxation-vertebrale\/#breadcrumb\",\"itemListElement\":[{\"@type\":\"ListItem\",\"position\":1,\"name\":\"Accueil\",\"item\":\"https:\/\/kpitrechiro.com\/\"},{\"@type\":\"ListItem\",\"position\":2,\"name\":\"La chiropratique\",\"item\":\"https:\/\/kpitrechiro.com\/index.php\/la-chiropratique\/\"},{\"@type\":\"ListItem\",\"position\":3,\"name\":\"Les composantes de la subluxation vert\u00e9brale\"}]},{\"@type\":\"WebSite\",\"@id\":\"https:\/\/kpitrechiro.com\/#website\",\"url\":\"https:\/\/kpitrechiro.com\/\",\"name\":\"Dre Kayla Pitre, chiropraticienne - Centre chiropratique de la sant\u00e9 vert\u00e9brale\",\"description\":\"Soyez la meilleure version de vous-m\u00eame !\",\"publisher\":{\"@id\":\"https:\/\/kpitrechiro.com\/#organization\"},\"potentialAction\":[{\"@type\":\"SearchAction\",\"target\":{\"@type\":\"EntryPoint\",\"urlTemplate\":\"https:\/\/kpitrechiro.com\/?s={search_term_string}\"},\"query-input\":\"required name=search_term_string\"}],\"inLanguage\":\"fr-FR\"},{\"@type\":\"Organization\",\"@id\":\"https:\/\/kpitrechiro.com\/#organization\",\"name\":\"Dre Kayla Pitre, chiropraticienne - Centre chiropratique de la sant\u00e9 vert\u00e9brale\",\"url\":\"https:\/\/kpitrechiro.com\/\",\"sameAs\":[],\"logo\":{\"@type\":\"ImageObject\",\"inLanguage\":\"fr-FR\",\"@id\":\"https:\/\/kpitrechiro.com\/#\/schema\/logo\/image\/\",\"url\":\"https:\/\/kpitrechiro.com\/wp-content\/uploads\/2020\/11\/cropped-LOGO-paint-fond-PNG-2.png\",\"contentUrl\":\"https:\/\/kpitrechiro.com\/wp-content\/uploads\/2020\/11\/cropped-LOGO-paint-fond-PNG-2.png\",\"width\":712,\"height\":606,\"caption\":\"Dre Kayla Pitre, chiropraticienne - Centre chiropratique de la sant\u00e9 vert\u00e9brale\"},\"image\":{\"@id\":\"https:\/\/kpitrechiro.com\/#\/schema\/logo\/image\/\"}}]}<\/script>\n<!-- \/ Yoast SEO plugin. -->","yoast_head_json":{"title":"Les composantes de la subluxation vert\u00e9brale - Dre Kayla Pitre, chiropraticienne - Centre chiropratique de la sant\u00e9 vert\u00e9brale","robots":{"index":"index","follow":"follow","max-snippet":"max-snippet:-1","max-image-preview":"max-image-preview:large","max-video-preview":"max-video-preview:-1"},"canonical":"https:\/\/kpitrechiro.com\/index.php\/la-chiropratique\/les-composantes-de-la-subluxation-vertebrale\/","og_locale":"fr_FR","og_type":"article","og_title":"Les composantes de la subluxation vert\u00e9brale - Dre Kayla Pitre, chiropraticienne - Centre chiropratique de la sant\u00e9 vert\u00e9brale","og_description":"Qu\u2019est-ce qu\u2019une subluxation vert\u00e9brale\u00a0? Le complexe de subluxation vert\u00e9brale (CSV) d\u00e9signe un mauvais fonctionnement de l\u2019articulation entre deux vert\u00e8bres, qui s\u2019accompagne g\u00e9n\u00e9ralement d\u2019une perte de qualit\u00e9 du mouvement articulaire. &nbsp; Si elles subissent un traumatisme, les vert\u00e8bres et les articulations de la colonne vert\u00e9brale deviendront une source d\u2019interf\u00e9rence \u00e0 la transmission de l\u2019influx nerveux en [&hellip;]","og_url":"https:\/\/kpitrechiro.com\/index.php\/la-chiropratique\/les-composantes-de-la-subluxation-vertebrale\/","og_site_name":"Dre Kayla Pitre, chiropraticienne - Centre chiropratique de la sant\u00e9 vert\u00e9brale","og_image":[{"url":"https:\/\/kpitrechiro.com\/wp-content\/uploads\/2022\/02\/dgh.png"}],"twitter_card":"summary_large_image","twitter_misc":{"Dur\u00e9e de lecture estim\u00e9e":"1 minute"},"schema":{"@context":"https:\/\/schema.org","@graph":[{"@type":"WebPage","@id":"https:\/\/kpitrechiro.com\/index.php\/la-chiropratique\/les-composantes-de-la-subluxation-vertebrale\/","url":"https:\/\/kpitrechiro.com\/index.php\/la-chiropratique\/les-composantes-de-la-subluxation-vertebrale\/","name":"Les composantes de la subluxation vert\u00e9brale - Dre Kayla Pitre, chiropraticienne - Centre chiropratique de la sant\u00e9 vert\u00e9brale","isPartOf":{"@id":"https:\/\/kpitrechiro.com\/#website"},"datePublished":"2022-02-03T16:38:18+00:00","dateModified":"2022-02-03T16:38:18+00:00","breadcrumb":{"@id":"https:\/\/kpitrechiro.com\/index.php\/la-chiropratique\/les-composantes-de-la-subluxation-vertebrale\/#breadcrumb"},"inLanguage":"fr-FR","potentialAction":[{"@type":"ReadAction","target":["https:\/\/kpitrechiro.com\/index.php\/la-chiropratique\/les-composantes-de-la-subluxation-vertebrale\/"]}]},{"@type":"BreadcrumbList","@id":"https:\/\/kpitrechiro.com\/index.php\/la-chiropratique\/les-composantes-de-la-subluxation-vertebrale\/#breadcrumb","itemListElement":[{"@type":"ListItem","position":1,"name":"Accueil","item":"https:\/\/kpitrechiro.com\/"},{"@type":"ListItem","position":2,"name":"La chiropratique","item":"https:\/\/kpitrechiro.com\/index.php\/la-chiropratique\/"},{"@type":"ListItem","position":3,"name":"Les composantes de la subluxation vert\u00e9brale"}]},{"@type":"WebSite","@id":"https:\/\/kpitrechiro.com\/#website","url":"https:\/\/kpitrechiro.com\/","name":"Dre Kayla Pitre, chiropraticienne - Centre chiropratique de la sant\u00e9 vert\u00e9brale","description":"Soyez la meilleure version de vous-m\u00eame !","publisher":{"@id":"https:\/\/kpitrechiro.com\/#organization"},"potentialAction":[{"@type":"SearchAction","target":{"@type":"EntryPoint","urlTemplate":"https:\/\/kpitrechiro.com\/?s={search_term_string}"},"query-input":"required name=search_term_string"}],"inLanguage":"fr-FR"},{"@type":"Organization","@id":"https:\/\/kpitrechiro.com\/#organization","name":"Dre Kayla Pitre, chiropraticienne - Centre chiropratique de la sant\u00e9 vert\u00e9brale","url":"https:\/\/kpitrechiro.com\/","sameAs":[],"logo":{"@type":"ImageObject","inLanguage":"fr-FR","@id":"https:\/\/kpitrechiro.com\/#\/schema\/logo\/image\/","url":"https:\/\/kpitrechiro.com\/wp-content\/uploads\/2020\/11\/cropped-LOGO-paint-fond-PNG-2.png","contentUrl":"https:\/\/kpitrechiro.com\/wp-content\/uploads\/2020\/11\/cropped-LOGO-paint-fond-PNG-2.png","width":712,"height":606,"caption":"Dre Kayla Pitre, chiropraticienne - Centre chiropratique de la sant\u00e9 vert\u00e9brale"},"image":{"@id":"https:\/\/kpitrechiro.com\/#\/schema\/logo\/image\/"}}]}},"_links":{"self":[{"href":"https:\/\/kpitrechiro.com\/index.php\/wp-json\/wp\/v2\/pages\/693"}],"collection":[{"href":"https:\/\/kpitrechiro.com\/index.php\/wp-json\/wp\/v2\/pages"}],"about":[{"href":"https:\/\/kpitrechiro.com\/index.php\/wp-json\/wp\/v2\/types\/page"}],"author":[{"embeddable":true,"href":"https:\/\/kpitrechiro.com\/index.php\/wp-json\/wp\/v2\/users\/1"}],"replies":[{"embeddable":true,"href":"https:\/\/kpitrechiro.com\/index.php\/wp-json\/wp\/v2\/comments?post=693"}],"version-history":[{"count":1,"href":"https:\/\/kpitrechiro.com\/index.php\/wp-json\/wp\/v2\/pages\/693\/revisions"}],"predecessor-version":[{"id":695,"href":"https:\/\/kpitrechiro.com\/index.php\/wp-json\/wp\/v2\/pages\/693\/revisions\/695"}],"up":[{"embeddable":true,"href":"https:\/\/kpitrechiro.com\/index.php\/wp-json\/wp\/v2\/pages\/167"}],"wp:attachment":[{"href":"https:\/\/kpitrechiro.com\/index.php\/wp-json\/wp\/v2\/media?parent=693"}],"curies":[{"name":"wp","href":"https:\/\/api.w.org\/{rel}","templated":true}]}}