{"id":572,"date":"2021-08-26T17:30:12","date_gmt":"2021-08-26T17:30:12","guid":{"rendered":"https:\/\/kpitrechiro.com\/?page_id=572"},"modified":"2021-09-17T14:15:45","modified_gmt":"2021-09-17T14:15:45","slug":"la-creme-solaire","status":"publish","type":"page","link":"https:\/\/kpitrechiro.com\/index.php\/6-infolettre\/mise-en-garde-sante\/la-creme-solaire\/","title":{"rendered":"La cr\u00e8me solaire"},"content":{"rendered":"\n<div class=\"wp-block-image\"><figure class=\"aligncenter is-resized\"><img loading=\"lazy\" src=\"http:\/\/chiropratiquesante.com\/wp-content\/uploads\/2012\/07\/SunscreenBaby-300x225.jpg\" alt=\"\" class=\"wp-image-1222\" width=\"417\" height=\"314\"\/><figcaption><em>Votre vie, sant\u00e9 et mieux-\u00eatre sont naturellement d\u00e9pendants du soleil. Pour fonctionner, le corps humain a besoin de nourriture, eau et air. Ces derniers sont vitalis\u00e9s et maintenus par l\u2019\u00e9nergie solaire. (<em>Jacob Liberman, OD, Ph D)<\/em><\/em><\/figcaption><\/figure><\/div>\n\n\n\n<p><\/p>\n\n\n\n<p>Le soleil est la source de toute vie sur terre. Sans soleil: aucune plante, gazon, fruit, l\u00e9gume ou arbre ne feraient partie de cette plan\u00e8te. Aucune vie animale ou humaine n\u2019existerait non plus. Pas \u00e9tonnant que certaines civilisations ancestrales avaient le soleil en adoration, il est indispensable pour notre sant\u00e9. Entre autre, le soleil diminue la d\u00e9pression, \u00e9l\u00e8ve notre humeur, augmente notre syst\u00e8me immunitaire, notre r\u00e9sistance aux infections, r\u00e9\u00e9quilibre notre m\u00e9tabolisme et aide \u00e0 perdre du poids\u2026<\/p>\n\n\n\n<p>Alors pourquoi, essayons-nous de l\u2019\u00e9viter? Pourtant, il y a des pesticides dans notre nourriture et nous mangeons biologique. Il y a des ingr\u00e9dients n\u00e9fastes dans nos produits et nous recherchons de plus en plus des produits bons pour l\u2019environnement.<\/p>\n\n\n\n<p><strong><em><span style=\"text-decoration: underline;\">DERNI\u00c8RES NOUVELLES (MISE \u00c0 JOUR 2019)&nbsp;:<\/span><\/em><\/strong><\/p>\n\n\n\n<ul><li><strong>La cr\u00e8me solaire s\u2019infiltre dans le syst\u00e8me sanguin&nbsp;:&nbsp;<\/strong>Une&nbsp;<a href=\"https:\/\/jamanetwork.com\/journals\/jama\/article-abstract\/2733085\">\u00e9tude am\u00e9ricaine publi\u00e9e en mai 2019<\/a>&nbsp;dans le \u00ab&nbsp;Journal of American Medical Association&nbsp;\u00bb rapporte que certains \u00e9l\u00e9ments chimiques de la cr\u00e8me solaire s\u2019infiltreraient dans le syst\u00e8me sanguin. Le taux de concentration augmenterait avec l\u2019utilisation de la cr\u00e8me solaire. L\u2019Administration am\u00e9ricaine des denr\u00e9es alimentaires et des m\u00e9dicaments (FDA) a demand\u00e9 de nouvelles \u00e9tudes suite aux donn\u00e9es \u00e9lev\u00e9es enregistr\u00e9es.Pour plus d\u2019information cliquez sur le lien plus haut pour l\u2019\u00e9tude en anglais ou le lien suivant pour un r\u00e9sum\u00e9 en fran\u00e7ais&nbsp;<a href=\"https:\/\/www.tvanouvelles.ca\/2019\/05\/07\/les-ecrans-solaires-se-retrouvent-dans-le-sang-apres-un-jour-seulement\" target=\"_blank\" rel=\"noreferrer noopener\">Les \u00e9crans solaires s\u2019infiltre dans le syst\u00e8me nerveux<\/a><\/li><li><strong>Enfant br\u00fbl\u00e9 par une cr\u00e8me solaire&nbsp;?<\/strong>&nbsp;: Un enfant de 14 mois de Terre-Neuve a subi des br\u00fblures de 2<sup>e<\/sup>&nbsp;degr\u00e9 au visage apr\u00e8s que sa m\u00e8re eut utilis\u00e9 une cr\u00e8me solaire de la compagnie Babana Boat. A ce qu\u2019il para\u00eet, ce produit ne serait pas disponible au Canada. Mais le ou les ingr\u00e9dients qui ont caus\u00e9 cette br\u00fblure se retrouvent-ils dans les produits canadiens \u00e0 plus petites doses et causent d\u2019autres probl\u00e8mes dangereux pour la sant\u00e9 ? Le lien est disponible au bas de la page.<\/li><li><strong>La cr\u00e8me solaire poison pour les oc\u00e9ans, coraux et toute source d\u2019eau&nbsp;<\/strong>: Les oc\u00e9anographes demandent de bannir l\u2019oxybenzone, ingr\u00e9dient utilis\u00e9 dans plus de 3500 \u00e9crans solaires et plusieurs cosm\u00e9tiques, tel que rouge \u00e0 l\u00e8vres, mascara, shampoing, etc. Ce produit causerait le blanchiment des coraux qui peut amener \u00e0 la mortalit\u00e9 des coraux.<\/li><\/ul>\n\n\n\n<p><strong><em><span style=\"text-decoration: underline;\">EFFETS RAPPORT\u00c9S SUR LA CR\u00c8ME SOLAIRE&nbsp;:<\/span><\/em><\/strong><\/p>\n\n\n\n<p>Le soleil est apparemment dangereux et nous utilisons la cr\u00e8me solaire pour nous \u00ab&nbsp;prot\u00e9ger&nbsp;\u00bb. Bien que les donn\u00e9es scientifiques sur les ingr\u00e9dients contenus dans les cr\u00e8mes solaires ne soient pas compl\u00e8tes, de plus en plus de recherches d\u00e9montrent qu\u2019une sur-utilisation de la cr\u00e8me solaire provoquerait une&nbsp;<strong>hausse du cancer de la peau<\/strong>&nbsp;!<\/p>\n\n\n\n<p>En effet, d\u00fb aux nombreux produits chimiques qu\u2019elle contient, la cr\u00e8me solaire produit l\u2019effet qu\u2019elle est suppos\u00e9e combattre. Dr Gordon Ainsleigh en Californie affirme que l\u2019utilisation de la cr\u00e8me solaire suppos\u00e9e pr\u00e9venir le cancer en provoque plus. Il estime que 17% des cancers du sein observ\u00e9s entre 1981 et 1992 sont le r\u00e9sultat de l\u2019utilisation de la cr\u00e8me solaire. Cette derni\u00e8re est non seulement dangereuse pour la sant\u00e9 de l\u2019\u00eatre humain mais aussi pour l\u2019environnement.<\/p>\n\n\n\n<p>Le Dr Mark Hyman de \u00ab&nbsp;<em>The Huffington Post&nbsp;\u00bb&nbsp;<\/em>affirme qu\u2019une insuffisance en Vitamine D contribue \u00e0 divers cancers, \u00e0 la haute pression, maladies du c\u0153ur, diab\u00e8te et d\u00e9pression. La vitamine D est n\u00e9cessaire pour l\u2019absorption du calcium et est l\u2019un des r\u00e9gulateurs de plus de 1000 g\u00e8nes du corps humain. Elle est plus qu\u2019une vitamine et certains chercheurs la consid\u00e8rent comme une hormone n\u00e9cessaire pour une vie en sant\u00e9.&nbsp; Le corps humain produit naturellement de la Vitamine D lorsqu\u2019il est expos\u00e9 au soleil. Donc, en se couvrant de cr\u00e8me solaire pour se &nbsp;\u00bbprot\u00e9ger&nbsp;\u00bb du soleil, il en adviendra un manque de vitamine D. La vitamine D est aussi disponible dans l\u2019alimentation. Le hareng et l\u2019huile du foie de morue en sont des sources. Pour en apprendre plus sur cette vitamine, vous pouvez consulter mon article sur&nbsp;<a href=\"http:\/\/chiropratiquesante.com\/la-vitamine-soleil-d-2\/\">les bienfaits de la vitamine D<\/a>.<\/p>\n\n\n\n<p>La peau (<a href=\"http:\/\/chiropratiquesante.com\/la-peau\/\"><u>le sixi\u00e8me syst\u00e8me d\u2019\u00e9limination<\/u><\/a>) est le plus grand organe du corps. C\u2019est elle qui entre en contact direct avec l\u2019environnement ext\u00e9rieur. Elle joue aussi un r\u00f4le important dans la thermor\u00e9gulation du corps (sueur, vaisseaux capillaires\u2026). Ce que vous mettez sur votre peau est absorb\u00e9 par celle-ci et se r\u00e9pand dans le sang. Donc, lorsque la cr\u00e8me solaire est appliqu\u00e9e sur la peau, les produits chimiques qui s\u2019y trouvent p\u00e9n\u00e8trent dans la peau et finissent par se retrouver dans le sang et \u00e9ventuellement dans tout le corps humain. Ces produits sont synth\u00e9tis\u00e9s par le foie, le c\u0153ur, le cerveau et plusieurs autres organes tout en continuant de s\u2019accumuler de plus en plus. \u00c0 long terme, ces substances n\u00e9fastes finissent par provoquer diff\u00e9rents types de maladies et de cancers.<\/p>\n\n\n\n<p>Le fait v\u00e9hicul\u00e9 que le soleil cause le cancer explique pourquoi les cr\u00e8mes solaires sont tant en vedette. Il est reconnu que, plus la peau est claire, plus la chance d\u2019attraper un coup de soleil et de br\u00fbler est grande. Aucune \u00e9vidence ne prouve hors de tout doute, que la cr\u00e8me solaire vous prot\u00e8ge du cancer de la peau. De plus, 90% des cancers de la peau (carcinomes basocellulaires) sont b\u00e9nins et facilement enlev\u00e9s lors d\u2019une visite chez le dermatologue. Pourquoi les personnes ayant la peau claire, n\u2019ont pas toutes de cancer de la peau&nbsp;? D\u2019autres facteurs, tel qu\u2019une nutrition pauvre ou d\u2019accumulation de toxines sont aussi consid\u00e9r\u00e9es. Le m\u00e9lanome, le cancer le plus agressif, est celui qui est retenu par la population. Il est surprenant d\u2019apprendre que ce type de cancer de la peau appara\u00eet dans les r\u00e9gions du corps non expos\u00e9es au soleil. Dr Sam Schuster, M.D., sp\u00e9cialis\u00e9 en dermatologie, souligne que les m\u00e9lanomes sont moins fr\u00e9quents dans les r\u00e9gions ensoleill\u00e9es et peuvent augmenter avec l\u2019utilisation de la cr\u00e8me solaire. ([Shuster S. Is sun exposure a major cause of melanoma? No.&nbsp;<em>British Medical Journal.&nbsp;<\/em>2008;337:a764.]<\/p>\n\n\n\n<p>Une autre recherche d\u00e9montre que la cr\u00e8me solaire stimule l\u2019apparition de naevi qui est souvent associ\u00e9 \u00e0 la formation du m\u00e9lanome.&nbsp; ([Autler P, Dore, JF, Cattaruzza MS et al. Sunscreen use, wearing clothes, and number of nevi in 6- to 7-year-old European children.&nbsp;<em>JNCI.&nbsp;<\/em>1998;90(24):1873.] )<\/p>\n\n\n\n<p>Un rapport fait par le \u00ab&nbsp;Environmental Working Group&nbsp;\u00bb le 24 mai 2010 rapporte que la cr\u00e8me solaire causerait plus de cancer qu\u2019elle en pr\u00e9viendrait !&nbsp;&nbsp;[http:\/\/www.ewg.org\/2010sunscreen\/full-report\/]<\/p>\n\n\n\n<p>On ne conna\u00eet pas encore l\u2019impact r\u00e9el des ingr\u00e9dients inclus dans les cr\u00e8mes solaires. Il est surprenant d\u2019apprendre que les lotions solaires au Canada sont consid\u00e9r\u00e9es comme des m\u00e9dicaments et non comme cosm\u00e9tiques! D\u00fb \u00e0 cette petite diff\u00e9rence volontaire ou non, les fabricants de ces produits n\u2019ont pas \u00e0 d\u00e9clarer obligatoirement les ingr\u00e9dients inactifs ou non m\u00e9dicinaux qu\u2019ils contiennent. Certains le font soit en partie ou au complet.<\/p>\n\n\n\n<p>Les produits chimiques se retrouvant dans la cr\u00e8me solaire causent trois principaux effets&nbsp;:<\/p>\n\n\n\n<ul><li>Certains des produits chimiques tels que le Psoral\u00e8ne, g\u00e9n\u00e8rent des radicaux libres, ce qui augmente les dommages caus\u00e9s aux cellules et le risque de cancer de peau.<\/li><li>Ils ont souvent une forte activit\u00e9&nbsp;<strong>oestrog\u00e9nique&nbsp;<\/strong>ce qui interf\u00e8re avec le d\u00e9veloppement sexuel normal causant alors diff\u00e9rents probl\u00e8mes (malformation d\u00e8s la naissance, diminue le nombre de spermatozo\u00efdes chez l\u2019homme, cancer du sein et le l\u2019ut\u00e9rus, cancer des testicules\u2026) Il est maintenant recommand\u00e9 de ne pas mettre de la cr\u00e8me solaire sur un b\u00e9b\u00e9 de moins de 6 mois.<\/li><li>Les substances chimiques absorb\u00e9es s\u2019accumulent dans les r\u00e9serves de graisse. Le corps humain a \u00e9t\u00e9 adapt\u00e9 \u00e0 d\u00e9toxiquer les \u00e9l\u00e9ments biologiques. Cependant, il a souvent du mal \u00e0 \u00e9liminer les compos\u00e9s nouveaux ou non biologiques tels que le DDT, les dioxines et les BPC.<strong><\/strong><\/li><\/ul>\n\n\n\n<p><strong><em><span style=\"text-decoration: underline;\">OPTIONS&nbsp;:<\/span><\/em><\/strong><\/p>\n\n\n\n<p>Plusieurs experts confirment qu\u2019une exposition au soleil sans protection d\u2019une quinzaine de minutes par jour, peut vous prot\u00e9ger contre certaines formes de cancer.<\/p>\n\n\n\n<p><em>1) Avant de mettre une cr\u00e8me solaire sur votre peau, essayez ces conseils.<\/em><\/p>\n\n\n\n<ul><li>Essayez de ne pas br\u00fbler au soleil. Le coup de soleil peut augmenter le cancer de la peau.<\/li><li>Les v\u00eatements sont d\u00e9j\u00e0 un moyen de photoprotection. Un chapeau, chandail et short sont un bon \u00e9cran protecteur pour votre peau.<\/li><li>Utilisez l\u2019ombre.<\/li><li>Le soleil peut \u00eatre utilis\u00e9 en d\u00e9but de matin\u00e9e avant midi ou en fin d\u2019apr\u00e8s midi apr\u00e8s 15 heures, moment o\u00f9 il est moins \u00e9lev\u00e9 dans le ciel.<\/li><li>Utilisez des lunettes soleil avec \u00e9cran UV.<\/li><li>Suivez au-moins ces&nbsp;<a href=\"http:\/\/chiropratiquesante.com\/la-vitamine-soleil-d-2\/\"><u>conseils pour la vitamine D<\/u><\/a>&nbsp;et recevoir votre dose recommand\u00e9e de 15 minutes d\u2019exposition solaire.<\/li><\/ul>\n\n\n\n<p><em>2) Vous tenez quand m\u00eame \u00e0 utiliser une cr\u00e8me solaire? Voici quelques points importants \u00e0 consid\u00e9rer&nbsp;:<\/em><\/p>\n\n\n\n<ul><li>\u00c9vitez celles qui contiennent l\u2019un des ingr\u00e9dients suivants&nbsp;:<\/li><\/ul>\n\n\n\n<ul><li>Oxybenzone (BP-3 ou BZ-3) (responsable de 50 % des allergies aux produits solaires)<\/li><li>Benzoph\u00e9nones (BP-1, BP-2, BP-3 ou BZ-3, Escalol&nbsp;567, Uvinul&nbsp;M40, Uvasorb Met)<\/li><li>Octyl-m\u00e9thoxycinnamate (OMC)<\/li><li>4-m\u00e9thylbenzylid\u00e8ne camphre (4-MBC)<\/li><li>3-benzylid\u00e8ne camphre (3-BC)<\/li><li>PABA (la majorit\u00e9 des produits solaires n\u2019en contiennent plus)<\/li><li>Vitamine A. Bien que la vitamine A retrouv\u00e9e dans l\u2019alimentation est n\u00e9cessaire pour la sant\u00e9, celle retrouv\u00e9e dans plus de 33% des lotions solaires (palmitate de r\u00e9tinyle) causeraient le d\u00e9veloppement de tumeurs et l\u00e9sions plus rapidement sur la peau.<\/li><li>Les ingr\u00e9dients suivants sembleraient \u00eatre plus s\u00e9curitaires, bien que je garde une r\u00e9serve\u2026<\/li><\/ul>\n\n\n\n<ul><li>Parsol&nbsp;1789 ou avobenzone avec Mexoryl (SX et XL) ou octocryl\u00e8ne<\/li><li>Tinosorb (ou bemotrizinol)<\/li><li>Oxyde de zinc<\/li><li>Dioxyde de titane (innocuit\u00e9 incertaine)<\/li><\/ul>\n\n\n\n<p><strong><em><span style=\"text-decoration: underline;\">NOS RECOMMANDATIONS&nbsp;:<\/span><\/em><\/strong><\/p>\n\n\n\n<p>Rappelez-vous que votre peau absorbe les diff\u00e9rents produits chimiques qui se retrouvent dans vos cosm\u00e9tiques ou tout autre produit. Le bon \u00e9tat de votre peau est crucial pour votre \u00e9tat de sant\u00e9 g\u00e9n\u00e9ral. Alors avant d\u2019y appliquer quoi que ce soit, r\u00e9fl\u00e9chissez davantage. Cessez de mettre des produits n\u00e9fastes pour votre sant\u00e9 et prot\u00e9gez votre peau comme vous le feriez pour tout autre organe de votre corps!<\/p>\n\n\n\n<p class=\"has-text-align-right\">Dre Kayla &amp; Dr Jasmin Pitre, chiropraticiens, D.C.<\/p>\n","protected":false},"excerpt":{"rendered":"<p>Le soleil est la source de toute vie sur terre. Sans soleil: aucune plante, gazon, fruit, l\u00e9gume ou arbre ne feraient partie de cette plan\u00e8te. Aucune vie animale ou humaine n\u2019existerait non plus. Pas \u00e9tonnant que certaines civilisations ancestrales avaient le soleil en adoration, il est indispensable pour notre sant\u00e9. Entre autre, le soleil diminue [&hellip;]<\/p>\n","protected":false},"author":1,"featured_media":0,"parent":546,"menu_order":0,"comment_status":"closed","ping_status":"closed","template":"","meta":[],"yoast_head":"<!-- This site is optimized with the Yoast SEO plugin v19.5.1 - https:\/\/yoast.com\/wordpress\/plugins\/seo\/ -->\n<title>La cr\u00e8me solaire - Dre Kayla Pitre, chiropraticienne - Centre chiropratique de la sant\u00e9 vert\u00e9brale<\/title>\n<meta name=\"robots\" content=\"index, follow, max-snippet:-1, max-image-preview:large, max-video-preview:-1\" \/>\n<link rel=\"canonical\" href=\"https:\/\/kpitrechiro.com\/index.php\/6-infolettre\/mise-en-garde-sante\/la-creme-solaire\/\" \/>\n<meta property=\"og:locale\" content=\"fr_FR\" \/>\n<meta property=\"og:type\" content=\"article\" \/>\n<meta property=\"og:title\" content=\"La cr\u00e8me solaire - Dre Kayla Pitre, chiropraticienne - Centre chiropratique de la sant\u00e9 vert\u00e9brale\" \/>\n<meta property=\"og:description\" content=\"Le soleil est la source de toute vie sur terre. Sans soleil: aucune plante, gazon, fruit, l\u00e9gume ou arbre ne feraient partie de cette plan\u00e8te. Aucune vie animale ou humaine n\u2019existerait non plus. Pas \u00e9tonnant que certaines civilisations ancestrales avaient le soleil en adoration, il est indispensable pour notre sant\u00e9. Entre autre, le soleil diminue [&hellip;]\" \/>\n<meta property=\"og:url\" content=\"https:\/\/kpitrechiro.com\/index.php\/6-infolettre\/mise-en-garde-sante\/la-creme-solaire\/\" \/>\n<meta property=\"og:site_name\" content=\"Dre Kayla Pitre, chiropraticienne - Centre chiropratique de la sant\u00e9 vert\u00e9brale\" \/>\n<meta property=\"article:modified_time\" content=\"2021-09-17T14:15:45+00:00\" \/>\n<meta property=\"og:image\" content=\"http:\/\/chiropratiquesante.com\/wp-content\/uploads\/2012\/07\/SunscreenBaby-300x225.jpg\" \/>\n<meta name=\"twitter:card\" content=\"summary_large_image\" \/>\n<meta name=\"twitter:label1\" content=\"Dur\u00e9e de lecture estim\u00e9e\" \/>\n\t<meta name=\"twitter:data1\" content=\"9 minutes\" \/>\n<script type=\"application\/ld+json\" class=\"yoast-schema-graph\">{\"@context\":\"https:\/\/schema.org\",\"@graph\":[{\"@type\":\"WebPage\",\"@id\":\"https:\/\/kpitrechiro.com\/index.php\/6-infolettre\/mise-en-garde-sante\/la-creme-solaire\/\",\"url\":\"https:\/\/kpitrechiro.com\/index.php\/6-infolettre\/mise-en-garde-sante\/la-creme-solaire\/\",\"name\":\"La cr\u00e8me solaire - Dre Kayla Pitre, chiropraticienne - Centre chiropratique de la sant\u00e9 vert\u00e9brale\",\"isPartOf\":{\"@id\":\"https:\/\/kpitrechiro.com\/#website\"},\"datePublished\":\"2021-08-26T17:30:12+00:00\",\"dateModified\":\"2021-09-17T14:15:45+00:00\",\"breadcrumb\":{\"@id\":\"https:\/\/kpitrechiro.com\/index.php\/6-infolettre\/mise-en-garde-sante\/la-creme-solaire\/#breadcrumb\"},\"inLanguage\":\"fr-FR\",\"potentialAction\":[{\"@type\":\"ReadAction\",\"target\":[\"https:\/\/kpitrechiro.com\/index.php\/6-infolettre\/mise-en-garde-sante\/la-creme-solaire\/\"]}]},{\"@type\":\"BreadcrumbList\",\"@id\":\"https:\/\/kpitrechiro.com\/index.php\/6-infolettre\/mise-en-garde-sante\/la-creme-solaire\/#breadcrumb\",\"itemListElement\":[{\"@type\":\"ListItem\",\"position\":1,\"name\":\"Accueil\",\"item\":\"https:\/\/kpitrechiro.com\/\"},{\"@type\":\"ListItem\",\"position\":2,\"name\":\"Articles infolettre\",\"item\":\"https:\/\/kpitrechiro.com\/index.php\/6-infolettre\/\"},{\"@type\":\"ListItem\",\"position\":3,\"name\":\"Mise en garde sant\u00e9\",\"item\":\"https:\/\/kpitrechiro.com\/index.php\/6-infolettre\/mise-en-garde-sante\/\"},{\"@type\":\"ListItem\",\"position\":4,\"name\":\"La cr\u00e8me solaire\"}]},{\"@type\":\"WebSite\",\"@id\":\"https:\/\/kpitrechiro.com\/#website\",\"url\":\"https:\/\/kpitrechiro.com\/\",\"name\":\"Dre Kayla Pitre, chiropraticienne - Centre chiropratique de la sant\u00e9 vert\u00e9brale\",\"description\":\"Soyez la meilleure version de vous-m\u00eame !\",\"publisher\":{\"@id\":\"https:\/\/kpitrechiro.com\/#organization\"},\"potentialAction\":[{\"@type\":\"SearchAction\",\"target\":{\"@type\":\"EntryPoint\",\"urlTemplate\":\"https:\/\/kpitrechiro.com\/?s={search_term_string}\"},\"query-input\":\"required name=search_term_string\"}],\"inLanguage\":\"fr-FR\"},{\"@type\":\"Organization\",\"@id\":\"https:\/\/kpitrechiro.com\/#organization\",\"name\":\"Dre Kayla Pitre, chiropraticienne - Centre chiropratique de la sant\u00e9 vert\u00e9brale\",\"url\":\"https:\/\/kpitrechiro.com\/\",\"sameAs\":[],\"logo\":{\"@type\":\"ImageObject\",\"inLanguage\":\"fr-FR\",\"@id\":\"https:\/\/kpitrechiro.com\/#\/schema\/logo\/image\/\",\"url\":\"https:\/\/kpitrechiro.com\/wp-content\/uploads\/2020\/11\/cropped-LOGO-paint-fond-PNG-2.png\",\"contentUrl\":\"https:\/\/kpitrechiro.com\/wp-content\/uploads\/2020\/11\/cropped-LOGO-paint-fond-PNG-2.png\",\"width\":712,\"height\":606,\"caption\":\"Dre Kayla Pitre, chiropraticienne - Centre chiropratique de la sant\u00e9 vert\u00e9brale\"},\"image\":{\"@id\":\"https:\/\/kpitrechiro.com\/#\/schema\/logo\/image\/\"}}]}<\/script>\n<!-- \/ Yoast SEO plugin. -->","yoast_head_json":{"title":"La cr\u00e8me solaire - Dre Kayla Pitre, chiropraticienne - Centre chiropratique de la sant\u00e9 vert\u00e9brale","robots":{"index":"index","follow":"follow","max-snippet":"max-snippet:-1","max-image-preview":"max-image-preview:large","max-video-preview":"max-video-preview:-1"},"canonical":"https:\/\/kpitrechiro.com\/index.php\/6-infolettre\/mise-en-garde-sante\/la-creme-solaire\/","og_locale":"fr_FR","og_type":"article","og_title":"La cr\u00e8me solaire - Dre Kayla Pitre, chiropraticienne - Centre chiropratique de la sant\u00e9 vert\u00e9brale","og_description":"Le soleil est la source de toute vie sur terre. Sans soleil: aucune plante, gazon, fruit, l\u00e9gume ou arbre ne feraient partie de cette plan\u00e8te. Aucune vie animale ou humaine n\u2019existerait non plus. Pas \u00e9tonnant que certaines civilisations ancestrales avaient le soleil en adoration, il est indispensable pour notre sant\u00e9. Entre autre, le soleil diminue [&hellip;]","og_url":"https:\/\/kpitrechiro.com\/index.php\/6-infolettre\/mise-en-garde-sante\/la-creme-solaire\/","og_site_name":"Dre Kayla Pitre, chiropraticienne - Centre chiropratique de la sant\u00e9 vert\u00e9brale","article_modified_time":"2021-09-17T14:15:45+00:00","og_image":[{"url":"http:\/\/chiropratiquesante.com\/wp-content\/uploads\/2012\/07\/SunscreenBaby-300x225.jpg"}],"twitter_card":"summary_large_image","twitter_misc":{"Dur\u00e9e de lecture estim\u00e9e":"9 minutes"},"schema":{"@context":"https:\/\/schema.org","@graph":[{"@type":"WebPage","@id":"https:\/\/kpitrechiro.com\/index.php\/6-infolettre\/mise-en-garde-sante\/la-creme-solaire\/","url":"https:\/\/kpitrechiro.com\/index.php\/6-infolettre\/mise-en-garde-sante\/la-creme-solaire\/","name":"La cr\u00e8me solaire - Dre Kayla Pitre, chiropraticienne - Centre chiropratique de la sant\u00e9 vert\u00e9brale","isPartOf":{"@id":"https:\/\/kpitrechiro.com\/#website"},"datePublished":"2021-08-26T17:30:12+00:00","dateModified":"2021-09-17T14:15:45+00:00","breadcrumb":{"@id":"https:\/\/kpitrechiro.com\/index.php\/6-infolettre\/mise-en-garde-sante\/la-creme-solaire\/#breadcrumb"},"inLanguage":"fr-FR","potentialAction":[{"@type":"ReadAction","target":["https:\/\/kpitrechiro.com\/index.php\/6-infolettre\/mise-en-garde-sante\/la-creme-solaire\/"]}]},{"@type":"BreadcrumbList","@id":"https:\/\/kpitrechiro.com\/index.php\/6-infolettre\/mise-en-garde-sante\/la-creme-solaire\/#breadcrumb","itemListElement":[{"@type":"ListItem","position":1,"name":"Accueil","item":"https:\/\/kpitrechiro.com\/"},{"@type":"ListItem","position":2,"name":"Articles infolettre","item":"https:\/\/kpitrechiro.com\/index.php\/6-infolettre\/"},{"@type":"ListItem","position":3,"name":"Mise en garde sant\u00e9","item":"https:\/\/kpitrechiro.com\/index.php\/6-infolettre\/mise-en-garde-sante\/"},{"@type":"ListItem","position":4,"name":"La cr\u00e8me solaire"}]},{"@type":"WebSite","@id":"https:\/\/kpitrechiro.com\/#website","url":"https:\/\/kpitrechiro.com\/","name":"Dre Kayla Pitre, chiropraticienne - Centre chiropratique de la sant\u00e9 vert\u00e9brale","description":"Soyez la meilleure version de vous-m\u00eame !","publisher":{"@id":"https:\/\/kpitrechiro.com\/#organization"},"potentialAction":[{"@type":"SearchAction","target":{"@type":"EntryPoint","urlTemplate":"https:\/\/kpitrechiro.com\/?s={search_term_string}"},"query-input":"required name=search_term_string"}],"inLanguage":"fr-FR"},{"@type":"Organization","@id":"https:\/\/kpitrechiro.com\/#organization","name":"Dre Kayla Pitre, chiropraticienne - Centre chiropratique de la sant\u00e9 vert\u00e9brale","url":"https:\/\/kpitrechiro.com\/","sameAs":[],"logo":{"@type":"ImageObject","inLanguage":"fr-FR","@id":"https:\/\/kpitrechiro.com\/#\/schema\/logo\/image\/","url":"https:\/\/kpitrechiro.com\/wp-content\/uploads\/2020\/11\/cropped-LOGO-paint-fond-PNG-2.png","contentUrl":"https:\/\/kpitrechiro.com\/wp-content\/uploads\/2020\/11\/cropped-LOGO-paint-fond-PNG-2.png","width":712,"height":606,"caption":"Dre Kayla Pitre, chiropraticienne - Centre chiropratique de la sant\u00e9 vert\u00e9brale"},"image":{"@id":"https:\/\/kpitrechiro.com\/#\/schema\/logo\/image\/"}}]}},"_links":{"self":[{"href":"https:\/\/kpitrechiro.com\/index.php\/wp-json\/wp\/v2\/pages\/572"}],"collection":[{"href":"https:\/\/kpitrechiro.com\/index.php\/wp-json\/wp\/v2\/pages"}],"about":[{"href":"https:\/\/kpitrechiro.com\/index.php\/wp-json\/wp\/v2\/types\/page"}],"author":[{"embeddable":true,"href":"https:\/\/kpitrechiro.com\/index.php\/wp-json\/wp\/v2\/users\/1"}],"replies":[{"embeddable":true,"href":"https:\/\/kpitrechiro.com\/index.php\/wp-json\/wp\/v2\/comments?post=572"}],"version-history":[{"count":3,"href":"https:\/\/kpitrechiro.com\/index.php\/wp-json\/wp\/v2\/pages\/572\/revisions"}],"predecessor-version":[{"id":600,"href":"https:\/\/kpitrechiro.com\/index.php\/wp-json\/wp\/v2\/pages\/572\/revisions\/600"}],"up":[{"embeddable":true,"href":"https:\/\/kpitrechiro.com\/index.php\/wp-json\/wp\/v2\/pages\/546"}],"wp:attachment":[{"href":"https:\/\/kpitrechiro.com\/index.php\/wp-json\/wp\/v2\/media?parent=572"}],"curies":[{"name":"wp","href":"https:\/\/api.w.org\/{rel}","templated":true}]}}