{"id":512,"date":"2021-06-11T15:16:04","date_gmt":"2021-06-11T15:16:04","guid":{"rendered":"https:\/\/kpitrechiro.com\/?page_id=512"},"modified":"2022-05-05T20:11:07","modified_gmt":"2022-05-05T20:11:07","slug":"le-demenagement","status":"publish","type":"page","link":"https:\/\/kpitrechiro.com\/index.php\/6-infolettre\/chirotruc\/le-demenagement\/","title":{"rendered":"Le d\u00e9m\u00e9nagement"},"content":{"rendered":"\n<p>Le 1<sup>er<\/sup> juillet approche \u00e0 grands pas. La journ\u00e9e o\u00f9 de nombreux Qu\u00e9b\u00e9cois d\u00e9m\u00e9nagent. Que ce soit une petite bo\u00eete ou un r\u00e9frig\u00e9rateur, il est important de faire attention afin d\u2019\u00e9viter le risque de blessures. Voici quelques conseils qui pourront vous aider lors de votre d\u00e9m\u00e9nagement&nbsp;:<\/p>\n\n\n\n<p><span style=\"text-decoration: underline;\"><strong>Choisir les bo\u00eetes&nbsp;:<\/strong> <\/span><\/p>\n\n\n\n<p>\u25ba\u00c9viter les bo\u00eetes trop grandes et trop lourdes.<\/p>\n\n\n\n<p>\u25baPrioriser les bo\u00eetes plus faciles \u00e0 transporter (avec poign\u00e9es par exemple)<\/p>\n\n\n\n<p><\/p>\n\n\n\n<p><strong><span style=\"text-decoration: underline;\">S\u2019\u00e9chauffer avant de commencer&nbsp;:<\/span><\/strong><\/p>\n\n\n\n<p>Afin de bien pr\u00e9parer vos muscles qui s\u2019appr\u00eateront \u00e0 effectuer des efforts, il est important de les r\u00e9chauffer avant de commencer. Faites un petit tour du bloc en marche rapide, montez et descendez les escaliers quelques fois\u2026<\/p>\n\n\n\n<p><strong><span style=\"text-decoration: underline;\">Demander de l\u2019aide<\/span><\/strong><\/p>\n\n\n\n<p>Il est toujours pr\u00e9f\u00e9rable d\u2019\u00eatre aid\u00e9. Cela rendra votre t\u00e2che moins lourde, plus rapide et plus agr\u00e9able.<\/p>\n\n\n\n<p><strong><span style=\"text-decoration: underline;\">Boire de l\u2019eau<\/span><\/strong><\/p>\n\n\n\n<p>Il est important de bien s\u2019hydrater avant, pendant et apr\u00e8s le d\u00e9m\u00e9nagement, surtout lors de ces journ\u00e9es chaudes. Ceci permettra d\u2019\u00e9viter la d\u00e9shydratation et de plus, l\u2019eau apportera des ressources n\u00e9cessaires \u00e0 vos muscles qui subiront beaucoup d\u2019efforts et ceci \u00e9vitera aussi d\u2019avoir des courbatures le lendemain.<\/p>\n\n\n\n<p><strong><span style=\"text-decoration: underline;\">Soulever des objets<\/span><\/strong><\/p>\n\n\n\n<p>\u25baLors du soul\u00e8vement d\u2019une charge, il est important d\u2019utiliser la m\u00e9thode. Il suffit de plier les genoux et garder le dos bien droit. Il est important de forcer avec vos cuisses, vos bras et vos abdominaux et non votre dos.<\/p>\n\n\n\n<p>\u25baToujours garder la charge le plus pr\u00e8s possible du corps<\/p>\n\n\n\n<p>\u25baUtiliser des sangles ou un diable lorsque possible pour les charges plus lourdes tel un r\u00e9frig\u00e9rateur<\/p>\n\n\n\n<p><strong><span style=\"text-decoration: underline;\">D\u00e9poser des objets<\/span><\/strong><\/p>\n\n\n\n<p>\u25baComme lors du soul\u00e8vement des charges, toujours garder les objets le plus proche du corps et utiliser la m\u00e9thode squat<\/p>\n\n\n\n<p>\u25baLorsque vous devez effectuer des virages, effectuez-les avec votre corps au complet et non seulement avec le tronc. Ce qui veut dire que les pieds doivent eux aussi pivoter<\/p>\n\n\n\n<p><strong><span style=\"text-decoration: underline;\">L\u2019utilisation des escaliers<\/span><\/strong><\/p>\n\n\n\n<p>Lorsque vous d\u00e9placez une charge seule, assurez-vous d\u2019abord que les escaliers sont libres, qu\u2019il n\u2019y a rien qui les obstrue. Aussi, assurez-vous que la charge ne cache rien de votre champ de vision, vous devez \u00eatre en mesure de voir l\u2019escalier.<\/p>\n\n\n\n<p>Lorsque vous d\u00e9placez une charge \u00e0 deux, la personne la plus forte devra \u00eatre plac\u00e9e en bas, car c\u2019est elle qui donnera le rythme. La personne plac\u00e9e en haut sera plut\u00f4t responsable de l\u2019\u00e9quilibre. La communication est aussi importante dans ce cas.<\/p>\n\n\n\n<p><strong><span style=\"text-decoration: underline;\">Le repos<\/span><\/strong><\/p>\n\n\n\n<p>Apr\u00e8s une journ\u00e9e \u00e0 d\u00e9m\u00e9nager, tous les efforts ont occasionn\u00e9 diff\u00e9rents stress, surtout sur le bas du dos, il est important de le reposer. Couchez-vous sur le dos et pliez les genoux. Gardez cette position de 15 \u00e0 30 minutes. Ceci permettra de rel\u00e2cher vos muscles et la pression exerc\u00e9e sur le bas du dos. Fermez les yeux et prenez des grandes respirations<strong><span style=\"text-decoration: underline;\">.<\/span><\/strong><\/p>\n\n\n\n<p><strong><span style=\"text-decoration: underline;\">Consultez votre chiropraticien<\/span><\/strong><\/p>\n\n\n\n<p>En plus des conseils que votre chiropraticien vous donnera, un ajustement chiropratique pourra vous soulager, corriger les subluxations vert\u00e9brales qui se sont produits pendant ces efforts et vous aider tout simplement \u00e0 avoir une meilleure sant\u00e9 optimale.<\/p>\n\n\n\n<p><strong><span style=\"text-decoration: underline;\">BONUS&nbsp;: Trucs \u00e9cologiques&nbsp;<\/span><\/strong><\/p>\n\n\n\n<ul><li>Pour emballer vos items plus fragiles, utilisez du papier journal ou des morceaux de linge<\/li><li>Vous pouvez utiliser des sacs r\u00e9utilisables\/valises\/sac \u00e0 dos<\/li><li>Certaines \u00e9piceries et la S.A.Q donnent des bo\u00eetes, informez-vous aupr\u00e8s d\u2019eux&nbsp;!<\/li><\/ul>\n\n\n\n<p><em>R\u00e9f\u00e9rence&nbsp;: <a href=\"https:\/\/www.chiropratique.com\/fr\/chiropratique\/douleur\/25-le-demenagement.html?PCID=3\">La chiropratique pour vos douleurs &#8211; Le d\u00e9m\u00e9nagement<\/a>. Association des chiropraticiens du Qu\u00e9bec.<\/em><\/p>\n","protected":false},"excerpt":{"rendered":"<p>Le 1er juillet approche \u00e0 grands pas. La journ\u00e9e o\u00f9 de nombreux Qu\u00e9b\u00e9cois d\u00e9m\u00e9nagent. Que ce soit une petite bo\u00eete ou un r\u00e9frig\u00e9rateur, il est important de faire attention afin d\u2019\u00e9viter le risque de blessures. Voici quelques conseils qui pourront vous aider lors de votre d\u00e9m\u00e9nagement&nbsp;: Choisir les bo\u00eetes&nbsp;: \u25ba\u00c9viter les bo\u00eetes trop grandes et [&hellip;]<\/p>\n","protected":false},"author":1,"featured_media":0,"parent":529,"menu_order":0,"comment_status":"closed","ping_status":"closed","template":"","meta":[],"yoast_head":"<!-- This site is optimized with the Yoast SEO plugin v19.5.1 - https:\/\/yoast.com\/wordpress\/plugins\/seo\/ -->\n<title>Le d\u00e9m\u00e9nagement - Dre Kayla Pitre, chiropraticienne - Centre chiropratique de la sant\u00e9 vert\u00e9brale<\/title>\n<meta name=\"robots\" content=\"index, follow, max-snippet:-1, max-image-preview:large, max-video-preview:-1\" \/>\n<link rel=\"canonical\" href=\"https:\/\/kpitrechiro.com\/index.php\/6-infolettre\/chirotruc\/le-demenagement\/\" \/>\n<meta property=\"og:locale\" content=\"fr_FR\" \/>\n<meta property=\"og:type\" content=\"article\" \/>\n<meta property=\"og:title\" content=\"Le d\u00e9m\u00e9nagement - Dre Kayla Pitre, chiropraticienne - Centre chiropratique de la sant\u00e9 vert\u00e9brale\" \/>\n<meta property=\"og:description\" content=\"Le 1er juillet approche \u00e0 grands pas. La journ\u00e9e o\u00f9 de nombreux Qu\u00e9b\u00e9cois d\u00e9m\u00e9nagent. Que ce soit une petite bo\u00eete ou un r\u00e9frig\u00e9rateur, il est important de faire attention afin d\u2019\u00e9viter le risque de blessures. Voici quelques conseils qui pourront vous aider lors de votre d\u00e9m\u00e9nagement&nbsp;: Choisir les bo\u00eetes&nbsp;: \u25ba\u00c9viter les bo\u00eetes trop grandes et [&hellip;]\" \/>\n<meta property=\"og:url\" content=\"https:\/\/kpitrechiro.com\/index.php\/6-infolettre\/chirotruc\/le-demenagement\/\" \/>\n<meta property=\"og:site_name\" content=\"Dre Kayla Pitre, chiropraticienne - Centre chiropratique de la sant\u00e9 vert\u00e9brale\" \/>\n<meta property=\"article:modified_time\" content=\"2022-05-05T20:11:07+00:00\" \/>\n<meta name=\"twitter:card\" content=\"summary_large_image\" \/>\n<meta name=\"twitter:label1\" content=\"Dur\u00e9e de lecture estim\u00e9e\" \/>\n\t<meta name=\"twitter:data1\" content=\"3 minutes\" \/>\n<script type=\"application\/ld+json\" class=\"yoast-schema-graph\">{\"@context\":\"https:\/\/schema.org\",\"@graph\":[{\"@type\":\"WebPage\",\"@id\":\"https:\/\/kpitrechiro.com\/index.php\/6-infolettre\/chirotruc\/le-demenagement\/\",\"url\":\"https:\/\/kpitrechiro.com\/index.php\/6-infolettre\/chirotruc\/le-demenagement\/\",\"name\":\"Le d\u00e9m\u00e9nagement - Dre Kayla Pitre, chiropraticienne - Centre chiropratique de la sant\u00e9 vert\u00e9brale\",\"isPartOf\":{\"@id\":\"https:\/\/kpitrechiro.com\/#website\"},\"datePublished\":\"2021-06-11T15:16:04+00:00\",\"dateModified\":\"2022-05-05T20:11:07+00:00\",\"breadcrumb\":{\"@id\":\"https:\/\/kpitrechiro.com\/index.php\/6-infolettre\/chirotruc\/le-demenagement\/#breadcrumb\"},\"inLanguage\":\"fr-FR\",\"potentialAction\":[{\"@type\":\"ReadAction\",\"target\":[\"https:\/\/kpitrechiro.com\/index.php\/6-infolettre\/chirotruc\/le-demenagement\/\"]}]},{\"@type\":\"BreadcrumbList\",\"@id\":\"https:\/\/kpitrechiro.com\/index.php\/6-infolettre\/chirotruc\/le-demenagement\/#breadcrumb\",\"itemListElement\":[{\"@type\":\"ListItem\",\"position\":1,\"name\":\"Accueil\",\"item\":\"https:\/\/kpitrechiro.com\/\"},{\"@type\":\"ListItem\",\"position\":2,\"name\":\"Articles infolettre\",\"item\":\"https:\/\/kpitrechiro.com\/index.php\/6-infolettre\/\"},{\"@type\":\"ListItem\",\"position\":3,\"name\":\"Chirotruc\",\"item\":\"https:\/\/kpitrechiro.com\/index.php\/6-infolettre\/chirotruc\/\"},{\"@type\":\"ListItem\",\"position\":4,\"name\":\"Le d\u00e9m\u00e9nagement\"}]},{\"@type\":\"WebSite\",\"@id\":\"https:\/\/kpitrechiro.com\/#website\",\"url\":\"https:\/\/kpitrechiro.com\/\",\"name\":\"Dre Kayla Pitre, chiropraticienne - Centre chiropratique de la sant\u00e9 vert\u00e9brale\",\"description\":\"Soyez la meilleure version de vous-m\u00eame !\",\"publisher\":{\"@id\":\"https:\/\/kpitrechiro.com\/#organization\"},\"potentialAction\":[{\"@type\":\"SearchAction\",\"target\":{\"@type\":\"EntryPoint\",\"urlTemplate\":\"https:\/\/kpitrechiro.com\/?s={search_term_string}\"},\"query-input\":\"required name=search_term_string\"}],\"inLanguage\":\"fr-FR\"},{\"@type\":\"Organization\",\"@id\":\"https:\/\/kpitrechiro.com\/#organization\",\"name\":\"Dre Kayla Pitre, chiropraticienne - Centre chiropratique de la sant\u00e9 vert\u00e9brale\",\"url\":\"https:\/\/kpitrechiro.com\/\",\"sameAs\":[],\"logo\":{\"@type\":\"ImageObject\",\"inLanguage\":\"fr-FR\",\"@id\":\"https:\/\/kpitrechiro.com\/#\/schema\/logo\/image\/\",\"url\":\"https:\/\/kpitrechiro.com\/wp-content\/uploads\/2020\/11\/cropped-LOGO-paint-fond-PNG-2.png\",\"contentUrl\":\"https:\/\/kpitrechiro.com\/wp-content\/uploads\/2020\/11\/cropped-LOGO-paint-fond-PNG-2.png\",\"width\":712,\"height\":606,\"caption\":\"Dre Kayla Pitre, chiropraticienne - Centre chiropratique de la sant\u00e9 vert\u00e9brale\"},\"image\":{\"@id\":\"https:\/\/kpitrechiro.com\/#\/schema\/logo\/image\/\"}}]}<\/script>\n<!-- \/ Yoast SEO plugin. -->","yoast_head_json":{"title":"Le d\u00e9m\u00e9nagement - Dre Kayla Pitre, chiropraticienne - Centre chiropratique de la sant\u00e9 vert\u00e9brale","robots":{"index":"index","follow":"follow","max-snippet":"max-snippet:-1","max-image-preview":"max-image-preview:large","max-video-preview":"max-video-preview:-1"},"canonical":"https:\/\/kpitrechiro.com\/index.php\/6-infolettre\/chirotruc\/le-demenagement\/","og_locale":"fr_FR","og_type":"article","og_title":"Le d\u00e9m\u00e9nagement - Dre Kayla Pitre, chiropraticienne - Centre chiropratique de la sant\u00e9 vert\u00e9brale","og_description":"Le 1er juillet approche \u00e0 grands pas. La journ\u00e9e o\u00f9 de nombreux Qu\u00e9b\u00e9cois d\u00e9m\u00e9nagent. Que ce soit une petite bo\u00eete ou un r\u00e9frig\u00e9rateur, il est important de faire attention afin d\u2019\u00e9viter le risque de blessures. Voici quelques conseils qui pourront vous aider lors de votre d\u00e9m\u00e9nagement&nbsp;: Choisir les bo\u00eetes&nbsp;: \u25ba\u00c9viter les bo\u00eetes trop grandes et [&hellip;]","og_url":"https:\/\/kpitrechiro.com\/index.php\/6-infolettre\/chirotruc\/le-demenagement\/","og_site_name":"Dre Kayla Pitre, chiropraticienne - Centre chiropratique de la sant\u00e9 vert\u00e9brale","article_modified_time":"2022-05-05T20:11:07+00:00","twitter_card":"summary_large_image","twitter_misc":{"Dur\u00e9e de lecture estim\u00e9e":"3 minutes"},"schema":{"@context":"https:\/\/schema.org","@graph":[{"@type":"WebPage","@id":"https:\/\/kpitrechiro.com\/index.php\/6-infolettre\/chirotruc\/le-demenagement\/","url":"https:\/\/kpitrechiro.com\/index.php\/6-infolettre\/chirotruc\/le-demenagement\/","name":"Le d\u00e9m\u00e9nagement - Dre Kayla Pitre, chiropraticienne - Centre chiropratique de la sant\u00e9 vert\u00e9brale","isPartOf":{"@id":"https:\/\/kpitrechiro.com\/#website"},"datePublished":"2021-06-11T15:16:04+00:00","dateModified":"2022-05-05T20:11:07+00:00","breadcrumb":{"@id":"https:\/\/kpitrechiro.com\/index.php\/6-infolettre\/chirotruc\/le-demenagement\/#breadcrumb"},"inLanguage":"fr-FR","potentialAction":[{"@type":"ReadAction","target":["https:\/\/kpitrechiro.com\/index.php\/6-infolettre\/chirotruc\/le-demenagement\/"]}]},{"@type":"BreadcrumbList","@id":"https:\/\/kpitrechiro.com\/index.php\/6-infolettre\/chirotruc\/le-demenagement\/#breadcrumb","itemListElement":[{"@type":"ListItem","position":1,"name":"Accueil","item":"https:\/\/kpitrechiro.com\/"},{"@type":"ListItem","position":2,"name":"Articles infolettre","item":"https:\/\/kpitrechiro.com\/index.php\/6-infolettre\/"},{"@type":"ListItem","position":3,"name":"Chirotruc","item":"https:\/\/kpitrechiro.com\/index.php\/6-infolettre\/chirotruc\/"},{"@type":"ListItem","position":4,"name":"Le d\u00e9m\u00e9nagement"}]},{"@type":"WebSite","@id":"https:\/\/kpitrechiro.com\/#website","url":"https:\/\/kpitrechiro.com\/","name":"Dre Kayla Pitre, chiropraticienne - Centre chiropratique de la sant\u00e9 vert\u00e9brale","description":"Soyez la meilleure version de vous-m\u00eame !","publisher":{"@id":"https:\/\/kpitrechiro.com\/#organization"},"potentialAction":[{"@type":"SearchAction","target":{"@type":"EntryPoint","urlTemplate":"https:\/\/kpitrechiro.com\/?s={search_term_string}"},"query-input":"required name=search_term_string"}],"inLanguage":"fr-FR"},{"@type":"Organization","@id":"https:\/\/kpitrechiro.com\/#organization","name":"Dre Kayla Pitre, chiropraticienne - Centre chiropratique de la sant\u00e9 vert\u00e9brale","url":"https:\/\/kpitrechiro.com\/","sameAs":[],"logo":{"@type":"ImageObject","inLanguage":"fr-FR","@id":"https:\/\/kpitrechiro.com\/#\/schema\/logo\/image\/","url":"https:\/\/kpitrechiro.com\/wp-content\/uploads\/2020\/11\/cropped-LOGO-paint-fond-PNG-2.png","contentUrl":"https:\/\/kpitrechiro.com\/wp-content\/uploads\/2020\/11\/cropped-LOGO-paint-fond-PNG-2.png","width":712,"height":606,"caption":"Dre Kayla Pitre, chiropraticienne - Centre chiropratique de la sant\u00e9 vert\u00e9brale"},"image":{"@id":"https:\/\/kpitrechiro.com\/#\/schema\/logo\/image\/"}}]}},"_links":{"self":[{"href":"https:\/\/kpitrechiro.com\/index.php\/wp-json\/wp\/v2\/pages\/512"}],"collection":[{"href":"https:\/\/kpitrechiro.com\/index.php\/wp-json\/wp\/v2\/pages"}],"about":[{"href":"https:\/\/kpitrechiro.com\/index.php\/wp-json\/wp\/v2\/types\/page"}],"author":[{"embeddable":true,"href":"https:\/\/kpitrechiro.com\/index.php\/wp-json\/wp\/v2\/users\/1"}],"replies":[{"embeddable":true,"href":"https:\/\/kpitrechiro.com\/index.php\/wp-json\/wp\/v2\/comments?post=512"}],"version-history":[{"count":4,"href":"https:\/\/kpitrechiro.com\/index.php\/wp-json\/wp\/v2\/pages\/512\/revisions"}],"predecessor-version":[{"id":799,"href":"https:\/\/kpitrechiro.com\/index.php\/wp-json\/wp\/v2\/pages\/512\/revisions\/799"}],"up":[{"embeddable":true,"href":"https:\/\/kpitrechiro.com\/index.php\/wp-json\/wp\/v2\/pages\/529"}],"wp:attachment":[{"href":"https:\/\/kpitrechiro.com\/index.php\/wp-json\/wp\/v2\/media?parent=512"}],"curies":[{"name":"wp","href":"https:\/\/api.w.org\/{rel}","templated":true}]}}