{"id":167,"date":"2020-04-24T11:40:09","date_gmt":"2020-04-24T15:40:09","guid":{"rendered":"https:\/\/chiropratiquesantepitre.wordpress.com\/?page_id=167"},"modified":"2022-05-05T19:48:23","modified_gmt":"2022-05-05T19:48:23","slug":"la-chiropratique","status":"publish","type":"page","link":"https:\/\/kpitrechiro.com\/index.php\/la-chiropratique\/","title":{"rendered":"La chiropratique"},"content":{"rendered":"\n<div class=\"wp-block-cover alignfull has-background-dim-30 has-background-dim\" style=\"background-image:url(https:\/\/kpitrechiro.com\/wp-content\/uploads\/2020\/11\/121394946_449384759368131_6950279261966531987_n-1.jpg);background-position:48% 41%\"><div class=\"wp-block-cover__inner-container\">\n<h2 class=\"has-text-align-center\">Une sant\u00e9 optimale gr\u00e2ce \u00e0 la chiropratique <\/h2>\n\n\n\n<p class=\"has-text-align-center\">Un syst\u00e8me nerveux libre de toute interf\u00e9rence permet au corps d&rsquo;exprimer une sant\u00e9 optimale<\/p>\n<\/div><\/div>\n\n\n\n<div class=\"wp-container-3 wp-block-group alignfull has-background-background-color has-background\"><div class=\"wp-block-group__inner-container\">\n<div class=\"wp-container-2 wp-block-columns alignwide are-vertically-aligned-center\">\n<div class=\"wp-container-1 wp-block-column is-vertically-aligned-center\" style=\"flex-basis:67%\">\n<h2>Qu&rsquo;est-ce que la chiropratique ?<\/h2>\n\n\n\n<p class=\"has-text-align-left\">La chiropratique est une discipline de la sant\u00e9 qui vise le diagnostic chiropratique, le traitement et la pr\u00e9vention des conditions de nature neuro-musculo-squelettique, par des ajustements vert\u00e9braux et articulaires. L\u2019ajustement chiropratique, pratiqu\u00e9 principalement avec les mains, sert \u00e0 \u00e9liminer les interf\u00e9rences du syst\u00e8me nerveux et \u00e0 r\u00e9tablir le fonctionnement optimal de la physiologie du corps humain, misant alors sur sa capacit\u00e9 inh\u00e9rente \u00e0 se maintenir en sant\u00e9 sans m\u00e9dicaments ni chirurgie (hom\u00e9ostasie). La chiropratique met l\u2019accent sur la relation entre la structure (principalement la colonne vert\u00e9brale) et la fonction telle que coordonn\u00e9e par le syst\u00e8me nerveux.<\/p>\n\n\n\n<h2>Notion de base chiropratique<\/h2>\n\n\n\n<p>Le syst\u00e8me nerveux est responsable de l\u2019envoi, de la r\u00e9ception et du traitement des influx nerveux, courant \u00e9lectrique qui parcourt les nerfs jusqu\u2019au cerveau, qui en retour dicte au corps ses mouvements, r\u00e9actions et sensations. Son r\u00f4le est de contr\u00f4ler l\u2019ensemble des muscles du corps humain, de g\u00e9rer les informations sensorielles et de r\u00e9guler le fonctionnement des organes.<\/p>\n\n\n\n<p><br>La chiropratique s\u2019appuie donc sur la notion qu\u2019une interf\u00e9rence \u00e0 la circulation de l\u2019influx nerveux, qui alimente chacune des cellules, tissus et syst\u00e8mes du corps humain, peut occasionner des probl\u00e8mes de sant\u00e9. Le r\u00e9tablissement de la circulation normale de l\u2019influx nerveux, par des soins chiropratiques, permettra au corps humain d\u2019utiliser sa capacit\u00e9 inh\u00e9rente \u00e0 enclencher les processus de r\u00e9cup\u00e9ration, de cicatrisation et de gu\u00e9rison \u00e0 son plein potentiel.<\/p>\n\n\n\n<h2>La subluxation vert\u00e9brale<\/h2>\n\n\n\n<p>Le complexe de subluxation vert\u00e9brale (CSV) d\u00e9signe un mauvais fonctionnement de l\u2019articulation entre deux vert\u00e8bres, qui s\u2019accompagne g\u00e9n\u00e9ralement d\u2019une perte de qualit\u00e9 du mouvement articulaire. &nbsp; Si elles subissent un traumatisme, les vert\u00e8bres et les articulations de la colonne vert\u00e9brale deviendront une source d\u2019interf\u00e9rence \u00e0 la transmission de l\u2019influx nerveux en provenance du cerveau.&nbsp; Un accident, une chute, une traction in\u00e9gale, la tension, le surmenage, les mauvaises habitudes de vie ou tout autre facteur susceptible de provoquer un l\u00e9ger d\u00e9salignement d\u2019une ou de plusieurs vert\u00e8bres, peut entra\u00eener un d\u00e9r\u00e8glement du syst\u00e8me nerveux. Une entrave au chemin parcouru par ce dernier aura pour cons\u00e9quence de perturber l\u2019organisme et peut donc entra\u00eener divers probl\u00e8mes de sant\u00e9.<\/p>\n\n\n\n<h2>L\u2019ajustement chiropratique<\/h2>\n\n\n\n<p>L\u2019ajustement chiropratique englobe les diff\u00e9rentes techniques que peut utiliser le docteur en chiropratique pour r\u00e9tablir le bon fonctionnement vert\u00e9bral et articulaire et de ce fait, soulager la pression et l&rsquo;irritation du syst\u00e8me nerveux. La restauration de la mobilit\u00e9 des articulations permet au corps de retrouver son \u00e9tat normal de fonctionnement. L&rsquo;ajustement que pratique le chiropraticien pour corriger la subluxation vert\u00e9brale n\u00e9cessite une grande dext\u00e9rit\u00e9 de m\u00eame qu&rsquo;une connaissance approfondie de l&rsquo;anatomie humaine, qu\u2019il acquiert au fil de sa formation rigoureuse de niveau doctoral.<\/p>\n\n\n\n<p>                                                         &#8211; <strong>Source<\/strong>: Association des chiropraticiens du Qu\u00e9bec (www.chiropratique.com)<\/p>\n<\/div>\n<\/div>\n\n\n\n<h2 class=\"has-text-align-right\">Quelle est la formation d&rsquo;un chiropraticien?<\/h2>\n\n\n\n<p class=\"has-text-align-left\">Sachez que pour exercer la chiropratique au Qu\u00e9bec, vous devez d\u2019abord obtenir votre dipl\u00f4me d\u2019\u00e9tudes coll\u00e9giales (DEC) en sciences de la nature. Ensuite, vous devez obtenir un doctorat de premier cycle en chiropratique d\u2019un \u00e9tablissement d\u2019enseignement sup\u00e9rieur accr\u00e9dit\u00e9 par la&nbsp;<a href=\"http:\/\/www.chirofed.ca\/french\/\" target=\"_blank\" rel=\"noreferrer noopener\">F\u00e9d\u00e9ration chiropratique canadienne (FCC)<\/a>, comme celui du programme de doctorat en chiropratique de l\u2019<a href=\"https:\/\/oraprdnt.uqtr.uquebec.ca\/pls\/public\/gscw030?owa_no_site=5005\" target=\"_blank\" rel=\"noreferrer noopener\">Universit\u00e9 du Qu\u00e9bec \u00e0 Trois-Rivi\u00e8res<\/a>&nbsp;(UQTR), par exemple. La formation est d\u2019une dur\u00e9e de cinq ans et comprend 4&nbsp;969 heures de cours.<\/p>\n\n\n\n<p>Les cours totalisent 245 cr\u00e9dits r\u00e9partis dans diverses mati\u00e8res, dont les suivantes :<\/p>\n\n\n\n<ul><li>Anatomie<\/li><li>Physiologie<\/li><li>Neurologie<\/li><li>Diagnostic<\/li><li>Diagnostic diff\u00e9rentiel<\/li><li>Biochimie<\/li><li>Embryologie<\/li><li>Radiologie<\/li><\/ul>\n\n\n\n<ul><li>Immunologie<\/li><li>Microbiologie<\/li><li>Pathologie<\/li><li>Nutrition<\/li><li>Principes et techniques chiropratiques<\/li><li>Exercice professionnel de la chiropratique<\/li><li>Sciences cliniques<\/li><li>Etc.<\/li><\/ul>\n\n\n\n<p>Des stages d\u2019observation et d\u2019intervention sont r\u00e9alis\u00e9s d\u00e8s la premi\u00e8re ann\u00e9e. Ces \u00e9tudes sont suivies d\u2019un internat clinique de 18 mois effectu\u00e9 sous la supervision directe de chiropraticiens exp\u00e9riment\u00e9s.<\/p>\n\n\n\n<p>Apr\u00e8s l\u2019obtention du doctorat de premier cycle en chiropratique, il est aussi n\u00e9cessaire de passer les examens nationaux du Conseil canadien des examens chiropratiques, ainsi que l\u2019examen sur la l\u00e9gislation et la d\u00e9ontologie de l\u2019Ordre des chiropraticiens du Qu\u00e9bec. La formation de docteur en chiropratique respecte les normes internationales \u00e9tablies par The Councils on Chiropractic Education International (CCEI), un organisme charg\u00e9 de d\u00e9finir les normes relatives aux programmes de formation chiropratique et de voir \u00e0 ce que ces normes soient adopt\u00e9es et mises en pratiques par les diff\u00e9rents organismes d\u2019accr\u00e9ditation dans le monde.<\/p>\n\n\n\n<p>Source: Ordre des chiropraticiens du Qu\u00e9bec (www.ordredeschiropraticiens.ca)<\/p>\n<\/div><\/div>\n\n\n\n<p><\/p>\n","protected":false},"excerpt":{"rendered":"<p>Qu&rsquo;est-ce que la chiropratique ? La chiropratique est une discipline de la sant\u00e9 qui vise le diagnostic chiropratique, le traitement et la pr\u00e9vention des conditions de nature neuro-musculo-squelettique, par des ajustements vert\u00e9braux et articulaires. L\u2019ajustement chiropratique, pratiqu\u00e9 principalement avec les mains, sert \u00e0 \u00e9liminer les interf\u00e9rences du syst\u00e8me nerveux et \u00e0 r\u00e9tablir le fonctionnement optimal [&hellip;]<\/p>\n","protected":false},"author":1,"featured_media":0,"parent":0,"menu_order":0,"comment_status":"closed","ping_status":"closed","template":"","meta":[],"yoast_head":"<!-- This site is optimized with the Yoast SEO plugin v19.5.1 - https:\/\/yoast.com\/wordpress\/plugins\/seo\/ -->\n<title>La chiropratique - Dre Kayla Pitre, chiropraticienne - Centre chiropratique de la sant\u00e9 vert\u00e9brale<\/title>\n<meta name=\"robots\" content=\"index, follow, max-snippet:-1, max-image-preview:large, max-video-preview:-1\" \/>\n<link rel=\"canonical\" href=\"https:\/\/kpitrechiro.com\/index.php\/la-chiropratique\/\" \/>\n<meta property=\"og:locale\" content=\"fr_FR\" \/>\n<meta property=\"og:type\" content=\"article\" \/>\n<meta property=\"og:title\" content=\"La chiropratique - Dre Kayla Pitre, chiropraticienne - Centre chiropratique de la sant\u00e9 vert\u00e9brale\" \/>\n<meta property=\"og:description\" content=\"Qu&rsquo;est-ce que la chiropratique ? La chiropratique est une discipline de la sant\u00e9 qui vise le diagnostic chiropratique, le traitement et la pr\u00e9vention des conditions de nature neuro-musculo-squelettique, par des ajustements vert\u00e9braux et articulaires. L\u2019ajustement chiropratique, pratiqu\u00e9 principalement avec les mains, sert \u00e0 \u00e9liminer les interf\u00e9rences du syst\u00e8me nerveux et \u00e0 r\u00e9tablir le fonctionnement optimal [&hellip;]\" \/>\n<meta property=\"og:url\" content=\"https:\/\/kpitrechiro.com\/index.php\/la-chiropratique\/\" \/>\n<meta property=\"og:site_name\" content=\"Dre Kayla Pitre, chiropraticienne - Centre chiropratique de la sant\u00e9 vert\u00e9brale\" \/>\n<meta property=\"article:modified_time\" content=\"2022-05-05T19:48:23+00:00\" \/>\n<meta name=\"twitter:card\" content=\"summary_large_image\" \/>\n<meta name=\"twitter:label1\" content=\"Dur\u00e9e de lecture estim\u00e9e\" \/>\n\t<meta name=\"twitter:data1\" content=\"4 minutes\" \/>\n<script type=\"application\/ld+json\" class=\"yoast-schema-graph\">{\"@context\":\"https:\/\/schema.org\",\"@graph\":[{\"@type\":\"WebPage\",\"@id\":\"https:\/\/kpitrechiro.com\/index.php\/la-chiropratique\/\",\"url\":\"https:\/\/kpitrechiro.com\/index.php\/la-chiropratique\/\",\"name\":\"La chiropratique - Dre Kayla Pitre, chiropraticienne - Centre chiropratique de la sant\u00e9 vert\u00e9brale\",\"isPartOf\":{\"@id\":\"https:\/\/kpitrechiro.com\/#website\"},\"datePublished\":\"2020-04-24T15:40:09+00:00\",\"dateModified\":\"2022-05-05T19:48:23+00:00\",\"breadcrumb\":{\"@id\":\"https:\/\/kpitrechiro.com\/index.php\/la-chiropratique\/#breadcrumb\"},\"inLanguage\":\"fr-FR\",\"potentialAction\":[{\"@type\":\"ReadAction\",\"target\":[\"https:\/\/kpitrechiro.com\/index.php\/la-chiropratique\/\"]}]},{\"@type\":\"BreadcrumbList\",\"@id\":\"https:\/\/kpitrechiro.com\/index.php\/la-chiropratique\/#breadcrumb\",\"itemListElement\":[{\"@type\":\"ListItem\",\"position\":1,\"name\":\"Accueil\",\"item\":\"https:\/\/kpitrechiro.com\/\"},{\"@type\":\"ListItem\",\"position\":2,\"name\":\"La chiropratique\"}]},{\"@type\":\"WebSite\",\"@id\":\"https:\/\/kpitrechiro.com\/#website\",\"url\":\"https:\/\/kpitrechiro.com\/\",\"name\":\"Dre Kayla Pitre, chiropraticienne - Centre chiropratique de la sant\u00e9 vert\u00e9brale\",\"description\":\"Soyez la meilleure version de vous-m\u00eame !\",\"publisher\":{\"@id\":\"https:\/\/kpitrechiro.com\/#organization\"},\"potentialAction\":[{\"@type\":\"SearchAction\",\"target\":{\"@type\":\"EntryPoint\",\"urlTemplate\":\"https:\/\/kpitrechiro.com\/?s={search_term_string}\"},\"query-input\":\"required name=search_term_string\"}],\"inLanguage\":\"fr-FR\"},{\"@type\":\"Organization\",\"@id\":\"https:\/\/kpitrechiro.com\/#organization\",\"name\":\"Dre Kayla Pitre, chiropraticienne - Centre chiropratique de la sant\u00e9 vert\u00e9brale\",\"url\":\"https:\/\/kpitrechiro.com\/\",\"sameAs\":[],\"logo\":{\"@type\":\"ImageObject\",\"inLanguage\":\"fr-FR\",\"@id\":\"https:\/\/kpitrechiro.com\/#\/schema\/logo\/image\/\",\"url\":\"https:\/\/kpitrechiro.com\/wp-content\/uploads\/2020\/11\/cropped-LOGO-paint-fond-PNG-2.png\",\"contentUrl\":\"https:\/\/kpitrechiro.com\/wp-content\/uploads\/2020\/11\/cropped-LOGO-paint-fond-PNG-2.png\",\"width\":712,\"height\":606,\"caption\":\"Dre Kayla Pitre, chiropraticienne - Centre chiropratique de la sant\u00e9 vert\u00e9brale\"},\"image\":{\"@id\":\"https:\/\/kpitrechiro.com\/#\/schema\/logo\/image\/\"}}]}<\/script>\n<!-- \/ Yoast SEO plugin. -->","yoast_head_json":{"title":"La chiropratique - Dre Kayla Pitre, chiropraticienne - Centre chiropratique de la sant\u00e9 vert\u00e9brale","robots":{"index":"index","follow":"follow","max-snippet":"max-snippet:-1","max-image-preview":"max-image-preview:large","max-video-preview":"max-video-preview:-1"},"canonical":"https:\/\/kpitrechiro.com\/index.php\/la-chiropratique\/","og_locale":"fr_FR","og_type":"article","og_title":"La chiropratique - Dre Kayla Pitre, chiropraticienne - Centre chiropratique de la sant\u00e9 vert\u00e9brale","og_description":"Qu&rsquo;est-ce que la chiropratique ? La chiropratique est une discipline de la sant\u00e9 qui vise le diagnostic chiropratique, le traitement et la pr\u00e9vention des conditions de nature neuro-musculo-squelettique, par des ajustements vert\u00e9braux et articulaires. L\u2019ajustement chiropratique, pratiqu\u00e9 principalement avec les mains, sert \u00e0 \u00e9liminer les interf\u00e9rences du syst\u00e8me nerveux et \u00e0 r\u00e9tablir le fonctionnement optimal [&hellip;]","og_url":"https:\/\/kpitrechiro.com\/index.php\/la-chiropratique\/","og_site_name":"Dre Kayla Pitre, chiropraticienne - Centre chiropratique de la sant\u00e9 vert\u00e9brale","article_modified_time":"2022-05-05T19:48:23+00:00","twitter_card":"summary_large_image","twitter_misc":{"Dur\u00e9e de lecture estim\u00e9e":"4 minutes"},"schema":{"@context":"https:\/\/schema.org","@graph":[{"@type":"WebPage","@id":"https:\/\/kpitrechiro.com\/index.php\/la-chiropratique\/","url":"https:\/\/kpitrechiro.com\/index.php\/la-chiropratique\/","name":"La chiropratique - Dre Kayla Pitre, chiropraticienne - Centre chiropratique de la sant\u00e9 vert\u00e9brale","isPartOf":{"@id":"https:\/\/kpitrechiro.com\/#website"},"datePublished":"2020-04-24T15:40:09+00:00","dateModified":"2022-05-05T19:48:23+00:00","breadcrumb":{"@id":"https:\/\/kpitrechiro.com\/index.php\/la-chiropratique\/#breadcrumb"},"inLanguage":"fr-FR","potentialAction":[{"@type":"ReadAction","target":["https:\/\/kpitrechiro.com\/index.php\/la-chiropratique\/"]}]},{"@type":"BreadcrumbList","@id":"https:\/\/kpitrechiro.com\/index.php\/la-chiropratique\/#breadcrumb","itemListElement":[{"@type":"ListItem","position":1,"name":"Accueil","item":"https:\/\/kpitrechiro.com\/"},{"@type":"ListItem","position":2,"name":"La chiropratique"}]},{"@type":"WebSite","@id":"https:\/\/kpitrechiro.com\/#website","url":"https:\/\/kpitrechiro.com\/","name":"Dre Kayla Pitre, chiropraticienne - Centre chiropratique de la sant\u00e9 vert\u00e9brale","description":"Soyez la meilleure version de vous-m\u00eame !","publisher":{"@id":"https:\/\/kpitrechiro.com\/#organization"},"potentialAction":[{"@type":"SearchAction","target":{"@type":"EntryPoint","urlTemplate":"https:\/\/kpitrechiro.com\/?s={search_term_string}"},"query-input":"required name=search_term_string"}],"inLanguage":"fr-FR"},{"@type":"Organization","@id":"https:\/\/kpitrechiro.com\/#organization","name":"Dre Kayla Pitre, chiropraticienne - Centre chiropratique de la sant\u00e9 vert\u00e9brale","url":"https:\/\/kpitrechiro.com\/","sameAs":[],"logo":{"@type":"ImageObject","inLanguage":"fr-FR","@id":"https:\/\/kpitrechiro.com\/#\/schema\/logo\/image\/","url":"https:\/\/kpitrechiro.com\/wp-content\/uploads\/2020\/11\/cropped-LOGO-paint-fond-PNG-2.png","contentUrl":"https:\/\/kpitrechiro.com\/wp-content\/uploads\/2020\/11\/cropped-LOGO-paint-fond-PNG-2.png","width":712,"height":606,"caption":"Dre Kayla Pitre, chiropraticienne - Centre chiropratique de la sant\u00e9 vert\u00e9brale"},"image":{"@id":"https:\/\/kpitrechiro.com\/#\/schema\/logo\/image\/"}}]}},"_links":{"self":[{"href":"https:\/\/kpitrechiro.com\/index.php\/wp-json\/wp\/v2\/pages\/167"}],"collection":[{"href":"https:\/\/kpitrechiro.com\/index.php\/wp-json\/wp\/v2\/pages"}],"about":[{"href":"https:\/\/kpitrechiro.com\/index.php\/wp-json\/wp\/v2\/types\/page"}],"author":[{"embeddable":true,"href":"https:\/\/kpitrechiro.com\/index.php\/wp-json\/wp\/v2\/users\/1"}],"replies":[{"embeddable":true,"href":"https:\/\/kpitrechiro.com\/index.php\/wp-json\/wp\/v2\/comments?post=167"}],"version-history":[{"count":4,"href":"https:\/\/kpitrechiro.com\/index.php\/wp-json\/wp\/v2\/pages\/167\/revisions"}],"predecessor-version":[{"id":779,"href":"https:\/\/kpitrechiro.com\/index.php\/wp-json\/wp\/v2\/pages\/167\/revisions\/779"}],"wp:attachment":[{"href":"https:\/\/kpitrechiro.com\/index.php\/wp-json\/wp\/v2\/media?parent=167"}],"curies":[{"name":"wp","href":"https:\/\/api.w.org\/{rel}","templated":true}]}}