{"id":1127,"date":"2025-02-20T17:54:48","date_gmt":"2025-02-20T17:54:48","guid":{"rendered":"https:\/\/kpitrechiro.com\/?page_id=1127"},"modified":"2025-02-27T16:42:31","modified_gmt":"2025-02-27T16:42:31","slug":"brownies-aux-haricots-noirs","status":"publish","type":"page","link":"https:\/\/kpitrechiro.com\/index.php\/brownies-aux-haricots-noirs\/","title":{"rendered":"Brownies aux haricots noirs"},"content":{"rendered":"\n<figure class=\"wp-block-image size-large\"><img loading=\"lazy\" width=\"1024\" height=\"1024\" src=\"https:\/\/kpitrechiro.com\/wp-content\/uploads\/2025\/02\/477413008_941287377988122_520616183995056657_n-1024x1024.jpg\" alt=\"\" class=\"wp-image-1128\" srcset=\"https:\/\/kpitrechiro.com\/wp-content\/uploads\/2025\/02\/477413008_941287377988122_520616183995056657_n-1024x1024.jpg 1024w, https:\/\/kpitrechiro.com\/wp-content\/uploads\/2025\/02\/477413008_941287377988122_520616183995056657_n-300x300.jpg 300w, https:\/\/kpitrechiro.com\/wp-content\/uploads\/2025\/02\/477413008_941287377988122_520616183995056657_n-150x150.jpg 150w, https:\/\/kpitrechiro.com\/wp-content\/uploads\/2025\/02\/477413008_941287377988122_520616183995056657_n-768x768.jpg 768w, https:\/\/kpitrechiro.com\/wp-content\/uploads\/2025\/02\/477413008_941287377988122_520616183995056657_n-1200x1200.jpg 1200w, https:\/\/kpitrechiro.com\/wp-content\/uploads\/2025\/02\/477413008_941287377988122_520616183995056657_n.jpg 1280w\" sizes=\"(max-width: 1024px) 100vw, 1024px\" \/><\/figure>\n\n\n\n<p><strong><span style=\"text-decoration: underline;\">Ingr\u00e9dients<\/span><\/strong><br>\u2022 1 1\/2 tasse de haricots noirs cuits\/en canne<br>\u2022 2 cuil. \u00e0 soupe de poudre de cacao<br>\u2022 1\/2 tasse de flocons d&rsquo;avoine instantan\u00e9s<br>\u2022 1\/4 cuil. \u00e0 caf\u00e9 de sel<br>\u2022 1\/2 tasse de sirop d&rsquo;\u00e9rable pur ou de miel<br>\u2022 1\/4 tasse d&rsquo;huile de noix de coco<br>\u2022 1 cuil. \u00e0 caf\u00e9 d&rsquo;extrait de vanille pur<br>\u2022 1\/2 cuil. \u00e0 caf\u00e9 de levure chimique<br>\u2022 1\/2 tasse de p\u00e9pites de chocolat<br>\u2022 Quelques fraises tranch\u00e9es pour la garniture<br>\u2022 Optionnel : plus de p\u00e9pites de chocolat sur le dessus pour la pr\u00e9sentation<\/p>\n\n\n\n<p><span style=\"text-decoration: underline;\"><strong>Instructions<\/strong><\/span><br>\u2022 Pr\u00e9chauffez le four \u00e0 175\u00b0C (350\u00b0F).<br>\u2022 Dans un robot culinaire de bonne qualit\u00e9, combinez tous les ingr\u00e9dients, sauf les p\u00e9pites de chocolat, et mixez jusqu&rsquo;\u00e0 obtenir une texture lisse et homog\u00e8ne.<br>\u2022 Assurez-vous de bien m\u00e9langer pour \u00e9viter les morceaux. (Si vous devez utiliser un mixeur, cela peut fonctionner, mais sachez que la texture et le go\u00fbt seront bien meilleurs avec un robot culinaire).<br>\u2022 Incorporez ensuite les p\u00e9pites de chocolat \u00e0 la pr\u00e9paration. Versez le m\u00e9lange dans un moule de 20&#215;20 cm que vous aurez graiss\u00e9 au pr\u00e9alable.<br>\u2022 Pour un effet visuel suppl\u00e9mentaire, vous pouvez ajouter des p\u00e9pites de chocolat suppl\u00e9mentaires sur le dessus avant de cuire.<br>\u2022 Enfournez les brownies pendant 15 \u00e0 18 minutes, puis laissez-les refroidir pendant au moins 10 minutes avant d&rsquo;essayer de les couper.<br>\u2022 Si vous trouvez qu&rsquo;ils sont encore l\u00e9g\u00e8rement sous-cuits, vous pouvez les mettre au r\u00e9frig\u00e9rateur pendant la nuit. Cela permettra \u00e0 la texture de se raffermir naturellement.<br>\u2022 Coupez les brownies en carr\u00e9 et mettez-y un morceau de fraise par dessus<\/p>\n\n\n\n<p>Une petite astuce : servez d&rsquo;abord les brownies, puis r\u00e9v\u00e9lez l&rsquo;ingr\u00e9dient secret. Vous serez surpris de constater que personne, m\u00eame sans savoir, ne devinera qu&rsquo;ils contiennent des haricots noirs !<\/p>\n","protected":false},"excerpt":{"rendered":"<p>Ingr\u00e9dients\u2022 1 1\/2 tasse de haricots noirs cuits\/en canne\u2022 2 cuil. \u00e0 soupe de poudre de cacao\u2022 1\/2 tasse de flocons d&rsquo;avoine instantan\u00e9s\u2022 1\/4 cuil. \u00e0 caf\u00e9 de sel\u2022 1\/2 tasse de sirop d&rsquo;\u00e9rable pur ou de miel\u2022 1\/4 tasse d&rsquo;huile de noix de coco\u2022 1 cuil. \u00e0 caf\u00e9 d&rsquo;extrait de vanille pur\u2022 1\/2 cuil. [&hellip;]<\/p>\n","protected":false},"author":1,"featured_media":0,"parent":0,"menu_order":0,"comment_status":"closed","ping_status":"closed","template":"","meta":[],"yoast_head":"<!-- This site is optimized with the Yoast SEO plugin v19.5.1 - https:\/\/yoast.com\/wordpress\/plugins\/seo\/ -->\n<title>Brownies aux haricots noirs - Dre Kayla Pitre, chiropraticienne - Centre chiropratique de la sant\u00e9 vert\u00e9brale<\/title>\n<meta name=\"robots\" content=\"index, follow, max-snippet:-1, max-image-preview:large, max-video-preview:-1\" \/>\n<link rel=\"canonical\" href=\"https:\/\/kpitrechiro.com\/index.php\/brownies-aux-haricots-noirs\/\" \/>\n<meta property=\"og:locale\" content=\"fr_FR\" \/>\n<meta property=\"og:type\" content=\"article\" \/>\n<meta property=\"og:title\" content=\"Brownies aux haricots noirs - Dre Kayla Pitre, chiropraticienne - Centre chiropratique de la sant\u00e9 vert\u00e9brale\" \/>\n<meta property=\"og:description\" content=\"Ingr\u00e9dients\u2022 1 1\/2 tasse de haricots noirs cuits\/en canne\u2022 2 cuil. \u00e0 soupe de poudre de cacao\u2022 1\/2 tasse de flocons d&rsquo;avoine instantan\u00e9s\u2022 1\/4 cuil. \u00e0 caf\u00e9 de sel\u2022 1\/2 tasse de sirop d&rsquo;\u00e9rable pur ou de miel\u2022 1\/4 tasse d&rsquo;huile de noix de coco\u2022 1 cuil. \u00e0 caf\u00e9 d&rsquo;extrait de vanille pur\u2022 1\/2 cuil. [&hellip;]\" \/>\n<meta property=\"og:url\" content=\"https:\/\/kpitrechiro.com\/index.php\/brownies-aux-haricots-noirs\/\" \/>\n<meta property=\"og:site_name\" content=\"Dre Kayla Pitre, chiropraticienne - Centre chiropratique de la sant\u00e9 vert\u00e9brale\" \/>\n<meta property=\"article:modified_time\" content=\"2025-02-27T16:42:31+00:00\" \/>\n<meta property=\"og:image\" content=\"https:\/\/kpitrechiro.com\/wp-content\/uploads\/2025\/02\/477413008_941287377988122_520616183995056657_n-1024x1024.jpg\" \/>\n<meta name=\"twitter:card\" content=\"summary_large_image\" \/>\n<meta name=\"twitter:label1\" content=\"Dur\u00e9e de lecture estim\u00e9e\" \/>\n\t<meta name=\"twitter:data1\" content=\"2 minutes\" \/>\n<script type=\"application\/ld+json\" class=\"yoast-schema-graph\">{\"@context\":\"https:\/\/schema.org\",\"@graph\":[{\"@type\":\"WebPage\",\"@id\":\"https:\/\/kpitrechiro.com\/index.php\/brownies-aux-haricots-noirs\/\",\"url\":\"https:\/\/kpitrechiro.com\/index.php\/brownies-aux-haricots-noirs\/\",\"name\":\"Brownies aux haricots noirs - Dre Kayla Pitre, chiropraticienne - Centre chiropratique de la sant\u00e9 vert\u00e9brale\",\"isPartOf\":{\"@id\":\"https:\/\/kpitrechiro.com\/#website\"},\"datePublished\":\"2025-02-20T17:54:48+00:00\",\"dateModified\":\"2025-02-27T16:42:31+00:00\",\"breadcrumb\":{\"@id\":\"https:\/\/kpitrechiro.com\/index.php\/brownies-aux-haricots-noirs\/#breadcrumb\"},\"inLanguage\":\"fr-FR\",\"potentialAction\":[{\"@type\":\"ReadAction\",\"target\":[\"https:\/\/kpitrechiro.com\/index.php\/brownies-aux-haricots-noirs\/\"]}]},{\"@type\":\"BreadcrumbList\",\"@id\":\"https:\/\/kpitrechiro.com\/index.php\/brownies-aux-haricots-noirs\/#breadcrumb\",\"itemListElement\":[{\"@type\":\"ListItem\",\"position\":1,\"name\":\"Accueil\",\"item\":\"https:\/\/kpitrechiro.com\/\"},{\"@type\":\"ListItem\",\"position\":2,\"name\":\"Brownies aux haricots noirs\"}]},{\"@type\":\"WebSite\",\"@id\":\"https:\/\/kpitrechiro.com\/#website\",\"url\":\"https:\/\/kpitrechiro.com\/\",\"name\":\"Dre Kayla Pitre, chiropraticienne - Centre chiropratique de la sant\u00e9 vert\u00e9brale\",\"description\":\"Soyez la meilleure version de vous-m\u00eame !\",\"publisher\":{\"@id\":\"https:\/\/kpitrechiro.com\/#organization\"},\"potentialAction\":[{\"@type\":\"SearchAction\",\"target\":{\"@type\":\"EntryPoint\",\"urlTemplate\":\"https:\/\/kpitrechiro.com\/?s={search_term_string}\"},\"query-input\":\"required name=search_term_string\"}],\"inLanguage\":\"fr-FR\"},{\"@type\":\"Organization\",\"@id\":\"https:\/\/kpitrechiro.com\/#organization\",\"name\":\"Dre Kayla Pitre, chiropraticienne - Centre chiropratique de la sant\u00e9 vert\u00e9brale\",\"url\":\"https:\/\/kpitrechiro.com\/\",\"sameAs\":[],\"logo\":{\"@type\":\"ImageObject\",\"inLanguage\":\"fr-FR\",\"@id\":\"https:\/\/kpitrechiro.com\/#\/schema\/logo\/image\/\",\"url\":\"https:\/\/kpitrechiro.com\/wp-content\/uploads\/2020\/11\/cropped-LOGO-paint-fond-PNG-2.png\",\"contentUrl\":\"https:\/\/kpitrechiro.com\/wp-content\/uploads\/2020\/11\/cropped-LOGO-paint-fond-PNG-2.png\",\"width\":712,\"height\":606,\"caption\":\"Dre Kayla Pitre, chiropraticienne - Centre chiropratique de la sant\u00e9 vert\u00e9brale\"},\"image\":{\"@id\":\"https:\/\/kpitrechiro.com\/#\/schema\/logo\/image\/\"}}]}<\/script>\n<!-- \/ Yoast SEO plugin. -->","yoast_head_json":{"title":"Brownies aux haricots noirs - Dre Kayla Pitre, chiropraticienne - Centre chiropratique de la sant\u00e9 vert\u00e9brale","robots":{"index":"index","follow":"follow","max-snippet":"max-snippet:-1","max-image-preview":"max-image-preview:large","max-video-preview":"max-video-preview:-1"},"canonical":"https:\/\/kpitrechiro.com\/index.php\/brownies-aux-haricots-noirs\/","og_locale":"fr_FR","og_type":"article","og_title":"Brownies aux haricots noirs - Dre Kayla Pitre, chiropraticienne - Centre chiropratique de la sant\u00e9 vert\u00e9brale","og_description":"Ingr\u00e9dients\u2022 1 1\/2 tasse de haricots noirs cuits\/en canne\u2022 2 cuil. \u00e0 soupe de poudre de cacao\u2022 1\/2 tasse de flocons d&rsquo;avoine instantan\u00e9s\u2022 1\/4 cuil. \u00e0 caf\u00e9 de sel\u2022 1\/2 tasse de sirop d&rsquo;\u00e9rable pur ou de miel\u2022 1\/4 tasse d&rsquo;huile de noix de coco\u2022 1 cuil. \u00e0 caf\u00e9 d&rsquo;extrait de vanille pur\u2022 1\/2 cuil. [&hellip;]","og_url":"https:\/\/kpitrechiro.com\/index.php\/brownies-aux-haricots-noirs\/","og_site_name":"Dre Kayla Pitre, chiropraticienne - Centre chiropratique de la sant\u00e9 vert\u00e9brale","article_modified_time":"2025-02-27T16:42:31+00:00","og_image":[{"url":"https:\/\/kpitrechiro.com\/wp-content\/uploads\/2025\/02\/477413008_941287377988122_520616183995056657_n-1024x1024.jpg"}],"twitter_card":"summary_large_image","twitter_misc":{"Dur\u00e9e de lecture estim\u00e9e":"2 minutes"},"schema":{"@context":"https:\/\/schema.org","@graph":[{"@type":"WebPage","@id":"https:\/\/kpitrechiro.com\/index.php\/brownies-aux-haricots-noirs\/","url":"https:\/\/kpitrechiro.com\/index.php\/brownies-aux-haricots-noirs\/","name":"Brownies aux haricots noirs - Dre Kayla Pitre, chiropraticienne - Centre chiropratique de la sant\u00e9 vert\u00e9brale","isPartOf":{"@id":"https:\/\/kpitrechiro.com\/#website"},"datePublished":"2025-02-20T17:54:48+00:00","dateModified":"2025-02-27T16:42:31+00:00","breadcrumb":{"@id":"https:\/\/kpitrechiro.com\/index.php\/brownies-aux-haricots-noirs\/#breadcrumb"},"inLanguage":"fr-FR","potentialAction":[{"@type":"ReadAction","target":["https:\/\/kpitrechiro.com\/index.php\/brownies-aux-haricots-noirs\/"]}]},{"@type":"BreadcrumbList","@id":"https:\/\/kpitrechiro.com\/index.php\/brownies-aux-haricots-noirs\/#breadcrumb","itemListElement":[{"@type":"ListItem","position":1,"name":"Accueil","item":"https:\/\/kpitrechiro.com\/"},{"@type":"ListItem","position":2,"name":"Brownies aux haricots noirs"}]},{"@type":"WebSite","@id":"https:\/\/kpitrechiro.com\/#website","url":"https:\/\/kpitrechiro.com\/","name":"Dre Kayla Pitre, chiropraticienne - Centre chiropratique de la sant\u00e9 vert\u00e9brale","description":"Soyez la meilleure version de vous-m\u00eame !","publisher":{"@id":"https:\/\/kpitrechiro.com\/#organization"},"potentialAction":[{"@type":"SearchAction","target":{"@type":"EntryPoint","urlTemplate":"https:\/\/kpitrechiro.com\/?s={search_term_string}"},"query-input":"required name=search_term_string"}],"inLanguage":"fr-FR"},{"@type":"Organization","@id":"https:\/\/kpitrechiro.com\/#organization","name":"Dre Kayla Pitre, chiropraticienne - Centre chiropratique de la sant\u00e9 vert\u00e9brale","url":"https:\/\/kpitrechiro.com\/","sameAs":[],"logo":{"@type":"ImageObject","inLanguage":"fr-FR","@id":"https:\/\/kpitrechiro.com\/#\/schema\/logo\/image\/","url":"https:\/\/kpitrechiro.com\/wp-content\/uploads\/2020\/11\/cropped-LOGO-paint-fond-PNG-2.png","contentUrl":"https:\/\/kpitrechiro.com\/wp-content\/uploads\/2020\/11\/cropped-LOGO-paint-fond-PNG-2.png","width":712,"height":606,"caption":"Dre Kayla Pitre, chiropraticienne - Centre chiropratique de la sant\u00e9 vert\u00e9brale"},"image":{"@id":"https:\/\/kpitrechiro.com\/#\/schema\/logo\/image\/"}}]}},"_links":{"self":[{"href":"https:\/\/kpitrechiro.com\/index.php\/wp-json\/wp\/v2\/pages\/1127"}],"collection":[{"href":"https:\/\/kpitrechiro.com\/index.php\/wp-json\/wp\/v2\/pages"}],"about":[{"href":"https:\/\/kpitrechiro.com\/index.php\/wp-json\/wp\/v2\/types\/page"}],"author":[{"embeddable":true,"href":"https:\/\/kpitrechiro.com\/index.php\/wp-json\/wp\/v2\/users\/1"}],"replies":[{"embeddable":true,"href":"https:\/\/kpitrechiro.com\/index.php\/wp-json\/wp\/v2\/comments?post=1127"}],"version-history":[{"count":2,"href":"https:\/\/kpitrechiro.com\/index.php\/wp-json\/wp\/v2\/pages\/1127\/revisions"}],"predecessor-version":[{"id":1131,"href":"https:\/\/kpitrechiro.com\/index.php\/wp-json\/wp\/v2\/pages\/1127\/revisions\/1131"}],"wp:attachment":[{"href":"https:\/\/kpitrechiro.com\/index.php\/wp-json\/wp\/v2\/media?parent=1127"}],"curies":[{"name":"wp","href":"https:\/\/api.w.org\/{rel}","templated":true}]}}