{"id":1110,"date":"2025-02-20T14:39:44","date_gmt":"2025-02-20T14:39:44","guid":{"rendered":"https:\/\/kpitrechiro.com\/?page_id=1110"},"modified":"2025-02-20T14:39:44","modified_gmt":"2025-02-20T14:39:44","slug":"leau-un-element-essentiel-pour-le-corps-comment-mieux-shydrater","status":"publish","type":"page","link":"https:\/\/kpitrechiro.com\/index.php\/leau-un-element-essentiel-pour-le-corps-comment-mieux-shydrater\/","title":{"rendered":"L&rsquo;eau, un \u00e9l\u00e9ment essentiel pour le corps &#8211; comment mieux s&rsquo;hydrater"},"content":{"rendered":"\n<figure class=\"wp-block-image size-full\"><img loading=\"lazy\" width=\"588\" height=\"583\" src=\"https:\/\/kpitrechiro.com\/wp-content\/uploads\/2025\/02\/water.jpg\" alt=\"\" class=\"wp-image-1113\" srcset=\"https:\/\/kpitrechiro.com\/wp-content\/uploads\/2025\/02\/water.jpg 588w, https:\/\/kpitrechiro.com\/wp-content\/uploads\/2025\/02\/water-300x297.jpg 300w, https:\/\/kpitrechiro.com\/wp-content\/uploads\/2025\/02\/water-150x150.jpg 150w\" sizes=\"(max-width: 588px) 100vw, 588px\" \/><\/figure>\n\n\n\n<p>Boire de l&rsquo;eau est essentiel pour maintenir une bonne sant\u00e9 et un fonctionnement optimal du corps. Voici quelques raisons pour lesquelles c&rsquo;est important :<\/p>\n\n\n\n<ol><li><strong><span style=\"text-decoration: underline;\">Hydratation<\/span><\/strong>:L&rsquo;eau est vitale pour maintenir l&rsquo;hydratation de notre corps. Elle aide \u00e0 transporter les nutriments essentiels vers les cellules, \u00e0 \u00e9liminer les d\u00e9chets et \u00e0 r\u00e9guler la temp\u00e9rature corporelle.<\/li><li><strong><span style=\"text-decoration: underline;\">Fonctionnement des organes <\/span>:<\/strong> Nos organes, y compris le c\u0153ur, les reins et le cerveau, ont besoin d&rsquo;eau pour fonctionner correctement. Une hydratation ad\u00e9quate favorise leur bon fonctionnement et contribue \u00e0 maintenir leur sant\u00e9 \u00e0 long terme.<\/li><li><strong><span style=\"text-decoration: underline;\">Digestion :<\/span> <\/strong>L&rsquo;eau est n\u00e9cessaire pour la digestion des aliments. Elle aide \u00e0 d\u00e9composer les aliments, facilite le transit intestinal et pr\u00e9vient la constipation.<\/li><li><span style=\"text-decoration: underline;\"><strong>Performance physique <\/strong>: <\/span>Boire suffisamment d&rsquo;eau est crucial pour maintenir une performance physique optimale. Une hydratation ad\u00e9quate permet de maintenir l&rsquo;\u00e9quilibre \u00e9lectrolytique, d&rsquo;am\u00e9liorer la circulation sanguine et de pr\u00e9venir la fatigue musculaire.<\/li><li><strong><span style=\"text-decoration: underline;\">Syst\u00e8me immunitaire :<\/span><\/strong> Une hydratation ad\u00e9quate est importante pour soutenir un syst\u00e8me immunitaire sain. L&rsquo;eau aide \u00e0 \u00e9liminer les toxines du corps et \u00e0 maintenir des muqueuses saines, ce qui peut aider \u00e0 pr\u00e9venir les infections.<\/li><\/ol>\n\n\n\n<h4>Voici 5 astuces pour t&rsquo;aider \u00e0 mieux t&rsquo;hydrater durant la journ\u00e9e:<\/h4>\n\n\n\n<ul><li><span style=\"text-decoration: underline;\"><strong>Avoir une bouteille d\u2019eau toujours \u00e0 port\u00e9e de main<\/strong> <\/span>\ud83c\udf7c<br>Garde une bouteille ou un verre d\u2019eau visible pr\u00e8s de toi (au bureau, dans la voiture, \u00e0 la maison). Plus elle est accessible, plus tu penseras \u00e0 boire !<\/li><li><strong><span style=\"text-decoration: underline;\">Associer l\u2019eau \u00e0 une habitude quotidienne<\/span><\/strong> \u23f3<br>Bois un verre d\u2019eau en te r\u00e9veillant, avant chaque repas et avant d\u2019aller au lit. Associer l\u2019eau \u00e0 une habitude existante aide \u00e0 cr\u00e9er une routine.<\/li><li><span style=\"text-decoration: underline;\"><strong>Utiliser une application ou des rappels<\/strong> <\/span>\ud83d\udcf1<br>Des applications comme \u00ab\u00a0Water Reminder\u00a0\u00bb ou des alarmes sur ton t\u00e9l\u00e9phone peuvent t\u2019aider \u00e0 te rappeler de boire r\u00e9guli\u00e8rement.<\/li><li><strong><span style=\"text-decoration: underline;\">Aromatiser l\u2019eau pour la rendre plus attrayante<\/span><\/strong> \ud83c\udf4b<br>Si l\u2019eau nature te semble ennuyante, ajoute-y du citron, des concombres, des baies ou des feuilles de menthe pour la rendre plus agr\u00e9able.<\/li><li><strong><span style=\"text-decoration: underline;\">Manger des aliments riches en eau<\/span><\/strong> \ud83e\udd52\ud83c\udf49<br>Les fruits et l\u00e9gumes comme le concombre, la past\u00e8que, l\u2019orange et le c\u00e9leri contiennent beaucoup d\u2019eau et peuvent compl\u00e9ter ton hydratation.<\/li><\/ul>\n\n\n\n<p>Il est important de noter que le caf\u00e9 et l&rsquo;alcool ne contribuent pas \u00e0 l&rsquo;hydratation.<\/p>\n\n\n\n<p>En r\u00e9sum\u00e9, boire de l&rsquo;eau est essentiel pour maintenir une bonne sant\u00e9, soutenir le fonctionnement des organes vitaux, favoriser une digestion saine, am\u00e9liorer la performance physique et renforcer le syst\u00e8me immunitaire. Le corps humain est compos\u00e9 \u00e0 60% d&rsquo;eau, il est donc important de veiller \u00e0 rester hydrat\u00e9 tout au long de la journ\u00e9e.<\/p>\n","protected":false},"excerpt":{"rendered":"<p>Boire de l&rsquo;eau est essentiel pour maintenir une bonne sant\u00e9 et un fonctionnement optimal du corps. Voici quelques raisons pour lesquelles c&rsquo;est important : Hydratation:L&rsquo;eau est vitale pour maintenir l&rsquo;hydratation de notre corps. Elle aide \u00e0 transporter les nutriments essentiels vers les cellules, \u00e0 \u00e9liminer les d\u00e9chets et \u00e0 r\u00e9guler la temp\u00e9rature corporelle. Fonctionnement des [&hellip;]<\/p>\n","protected":false},"author":1,"featured_media":0,"parent":0,"menu_order":0,"comment_status":"closed","ping_status":"closed","template":"","meta":[],"yoast_head":"<!-- This site is optimized with the Yoast SEO plugin v19.5.1 - https:\/\/yoast.com\/wordpress\/plugins\/seo\/ -->\n<title>L&#039;eau, un \u00e9l\u00e9ment essentiel pour le corps - comment mieux s&#039;hydrater - Dre Kayla Pitre, chiropraticienne - Centre chiropratique de la sant\u00e9 vert\u00e9brale<\/title>\n<meta name=\"description\" content=\"Boire de l&#039;eau est essentiel pour maintenir une bonne sant\u00e9 et un fonctionnement optimal du corps. Voici quelques raisons pour lesquelles c&#039;est important :\" \/>\n<meta name=\"robots\" content=\"index, follow, max-snippet:-1, max-image-preview:large, max-video-preview:-1\" \/>\n<link rel=\"canonical\" href=\"https:\/\/kpitrechiro.com\/index.php\/leau-un-element-essentiel-pour-le-corps-comment-mieux-shydrater\/\" \/>\n<meta property=\"og:locale\" content=\"fr_FR\" \/>\n<meta property=\"og:type\" content=\"article\" \/>\n<meta property=\"og:title\" content=\"L&#039;eau, un \u00e9l\u00e9ment essentiel pour le corps - comment mieux s&#039;hydrater - Dre Kayla Pitre, chiropraticienne - Centre chiropratique de la sant\u00e9 vert\u00e9brale\" \/>\n<meta property=\"og:description\" content=\"Boire de l&#039;eau est essentiel pour maintenir une bonne sant\u00e9 et un fonctionnement optimal du corps. Voici quelques raisons pour lesquelles c&#039;est important :\" \/>\n<meta property=\"og:url\" content=\"https:\/\/kpitrechiro.com\/index.php\/leau-un-element-essentiel-pour-le-corps-comment-mieux-shydrater\/\" \/>\n<meta property=\"og:site_name\" content=\"Dre Kayla Pitre, chiropraticienne - Centre chiropratique de la sant\u00e9 vert\u00e9brale\" \/>\n<meta property=\"og:image\" content=\"https:\/\/kpitrechiro.com\/wp-content\/uploads\/2025\/02\/water.jpg\" \/>\n<meta name=\"twitter:card\" content=\"summary_large_image\" \/>\n<meta name=\"twitter:label1\" content=\"Dur\u00e9e de lecture estim\u00e9e\" \/>\n\t<meta name=\"twitter:data1\" content=\"3 minutes\" \/>\n<script type=\"application\/ld+json\" class=\"yoast-schema-graph\">{\"@context\":\"https:\/\/schema.org\",\"@graph\":[{\"@type\":\"WebPage\",\"@id\":\"https:\/\/kpitrechiro.com\/index.php\/leau-un-element-essentiel-pour-le-corps-comment-mieux-shydrater\/\",\"url\":\"https:\/\/kpitrechiro.com\/index.php\/leau-un-element-essentiel-pour-le-corps-comment-mieux-shydrater\/\",\"name\":\"L'eau, un \u00e9l\u00e9ment essentiel pour le corps - comment mieux s'hydrater - Dre Kayla Pitre, chiropraticienne - Centre chiropratique de la sant\u00e9 vert\u00e9brale\",\"isPartOf\":{\"@id\":\"https:\/\/kpitrechiro.com\/#website\"},\"datePublished\":\"2025-02-20T14:39:44+00:00\",\"dateModified\":\"2025-02-20T14:39:44+00:00\",\"description\":\"Boire de l'eau est essentiel pour maintenir une bonne sant\u00e9 et un fonctionnement optimal du corps. Voici quelques raisons pour lesquelles c'est important :\",\"breadcrumb\":{\"@id\":\"https:\/\/kpitrechiro.com\/index.php\/leau-un-element-essentiel-pour-le-corps-comment-mieux-shydrater\/#breadcrumb\"},\"inLanguage\":\"fr-FR\",\"potentialAction\":[{\"@type\":\"ReadAction\",\"target\":[\"https:\/\/kpitrechiro.com\/index.php\/leau-un-element-essentiel-pour-le-corps-comment-mieux-shydrater\/\"]}]},{\"@type\":\"BreadcrumbList\",\"@id\":\"https:\/\/kpitrechiro.com\/index.php\/leau-un-element-essentiel-pour-le-corps-comment-mieux-shydrater\/#breadcrumb\",\"itemListElement\":[{\"@type\":\"ListItem\",\"position\":1,\"name\":\"Accueil\",\"item\":\"https:\/\/kpitrechiro.com\/\"},{\"@type\":\"ListItem\",\"position\":2,\"name\":\"L&rsquo;eau, un \u00e9l\u00e9ment essentiel pour le corps &#8211; comment mieux s&rsquo;hydrater\"}]},{\"@type\":\"WebSite\",\"@id\":\"https:\/\/kpitrechiro.com\/#website\",\"url\":\"https:\/\/kpitrechiro.com\/\",\"name\":\"Dre Kayla Pitre, chiropraticienne - Centre chiropratique de la sant\u00e9 vert\u00e9brale\",\"description\":\"Soyez la meilleure version de vous-m\u00eame !\",\"publisher\":{\"@id\":\"https:\/\/kpitrechiro.com\/#organization\"},\"potentialAction\":[{\"@type\":\"SearchAction\",\"target\":{\"@type\":\"EntryPoint\",\"urlTemplate\":\"https:\/\/kpitrechiro.com\/?s={search_term_string}\"},\"query-input\":\"required name=search_term_string\"}],\"inLanguage\":\"fr-FR\"},{\"@type\":\"Organization\",\"@id\":\"https:\/\/kpitrechiro.com\/#organization\",\"name\":\"Dre Kayla Pitre, chiropraticienne - Centre chiropratique de la sant\u00e9 vert\u00e9brale\",\"url\":\"https:\/\/kpitrechiro.com\/\",\"sameAs\":[],\"logo\":{\"@type\":\"ImageObject\",\"inLanguage\":\"fr-FR\",\"@id\":\"https:\/\/kpitrechiro.com\/#\/schema\/logo\/image\/\",\"url\":\"https:\/\/kpitrechiro.com\/wp-content\/uploads\/2020\/11\/cropped-LOGO-paint-fond-PNG-2.png\",\"contentUrl\":\"https:\/\/kpitrechiro.com\/wp-content\/uploads\/2020\/11\/cropped-LOGO-paint-fond-PNG-2.png\",\"width\":712,\"height\":606,\"caption\":\"Dre Kayla Pitre, chiropraticienne - Centre chiropratique de la sant\u00e9 vert\u00e9brale\"},\"image\":{\"@id\":\"https:\/\/kpitrechiro.com\/#\/schema\/logo\/image\/\"}}]}<\/script>\n<!-- \/ Yoast SEO plugin. -->","yoast_head_json":{"title":"L'eau, un \u00e9l\u00e9ment essentiel pour le corps - comment mieux s'hydrater - Dre Kayla Pitre, chiropraticienne - Centre chiropratique de la sant\u00e9 vert\u00e9brale","description":"Boire de l'eau est essentiel pour maintenir une bonne sant\u00e9 et un fonctionnement optimal du corps. Voici quelques raisons pour lesquelles c'est important :","robots":{"index":"index","follow":"follow","max-snippet":"max-snippet:-1","max-image-preview":"max-image-preview:large","max-video-preview":"max-video-preview:-1"},"canonical":"https:\/\/kpitrechiro.com\/index.php\/leau-un-element-essentiel-pour-le-corps-comment-mieux-shydrater\/","og_locale":"fr_FR","og_type":"article","og_title":"L'eau, un \u00e9l\u00e9ment essentiel pour le corps - comment mieux s'hydrater - Dre Kayla Pitre, chiropraticienne - Centre chiropratique de la sant\u00e9 vert\u00e9brale","og_description":"Boire de l'eau est essentiel pour maintenir une bonne sant\u00e9 et un fonctionnement optimal du corps. Voici quelques raisons pour lesquelles c'est important :","og_url":"https:\/\/kpitrechiro.com\/index.php\/leau-un-element-essentiel-pour-le-corps-comment-mieux-shydrater\/","og_site_name":"Dre Kayla Pitre, chiropraticienne - Centre chiropratique de la sant\u00e9 vert\u00e9brale","og_image":[{"url":"https:\/\/kpitrechiro.com\/wp-content\/uploads\/2025\/02\/water.jpg"}],"twitter_card":"summary_large_image","twitter_misc":{"Dur\u00e9e de lecture estim\u00e9e":"3 minutes"},"schema":{"@context":"https:\/\/schema.org","@graph":[{"@type":"WebPage","@id":"https:\/\/kpitrechiro.com\/index.php\/leau-un-element-essentiel-pour-le-corps-comment-mieux-shydrater\/","url":"https:\/\/kpitrechiro.com\/index.php\/leau-un-element-essentiel-pour-le-corps-comment-mieux-shydrater\/","name":"L'eau, un \u00e9l\u00e9ment essentiel pour le corps - comment mieux s'hydrater - Dre Kayla Pitre, chiropraticienne - Centre chiropratique de la sant\u00e9 vert\u00e9brale","isPartOf":{"@id":"https:\/\/kpitrechiro.com\/#website"},"datePublished":"2025-02-20T14:39:44+00:00","dateModified":"2025-02-20T14:39:44+00:00","description":"Boire de l'eau est essentiel pour maintenir une bonne sant\u00e9 et un fonctionnement optimal du corps. Voici quelques raisons pour lesquelles c'est important :","breadcrumb":{"@id":"https:\/\/kpitrechiro.com\/index.php\/leau-un-element-essentiel-pour-le-corps-comment-mieux-shydrater\/#breadcrumb"},"inLanguage":"fr-FR","potentialAction":[{"@type":"ReadAction","target":["https:\/\/kpitrechiro.com\/index.php\/leau-un-element-essentiel-pour-le-corps-comment-mieux-shydrater\/"]}]},{"@type":"BreadcrumbList","@id":"https:\/\/kpitrechiro.com\/index.php\/leau-un-element-essentiel-pour-le-corps-comment-mieux-shydrater\/#breadcrumb","itemListElement":[{"@type":"ListItem","position":1,"name":"Accueil","item":"https:\/\/kpitrechiro.com\/"},{"@type":"ListItem","position":2,"name":"L&rsquo;eau, un \u00e9l\u00e9ment essentiel pour le corps &#8211; comment mieux s&rsquo;hydrater"}]},{"@type":"WebSite","@id":"https:\/\/kpitrechiro.com\/#website","url":"https:\/\/kpitrechiro.com\/","name":"Dre Kayla Pitre, chiropraticienne - Centre chiropratique de la sant\u00e9 vert\u00e9brale","description":"Soyez la meilleure version de vous-m\u00eame !","publisher":{"@id":"https:\/\/kpitrechiro.com\/#organization"},"potentialAction":[{"@type":"SearchAction","target":{"@type":"EntryPoint","urlTemplate":"https:\/\/kpitrechiro.com\/?s={search_term_string}"},"query-input":"required name=search_term_string"}],"inLanguage":"fr-FR"},{"@type":"Organization","@id":"https:\/\/kpitrechiro.com\/#organization","name":"Dre Kayla Pitre, chiropraticienne - Centre chiropratique de la sant\u00e9 vert\u00e9brale","url":"https:\/\/kpitrechiro.com\/","sameAs":[],"logo":{"@type":"ImageObject","inLanguage":"fr-FR","@id":"https:\/\/kpitrechiro.com\/#\/schema\/logo\/image\/","url":"https:\/\/kpitrechiro.com\/wp-content\/uploads\/2020\/11\/cropped-LOGO-paint-fond-PNG-2.png","contentUrl":"https:\/\/kpitrechiro.com\/wp-content\/uploads\/2020\/11\/cropped-LOGO-paint-fond-PNG-2.png","width":712,"height":606,"caption":"Dre Kayla Pitre, chiropraticienne - Centre chiropratique de la sant\u00e9 vert\u00e9brale"},"image":{"@id":"https:\/\/kpitrechiro.com\/#\/schema\/logo\/image\/"}}]}},"_links":{"self":[{"href":"https:\/\/kpitrechiro.com\/index.php\/wp-json\/wp\/v2\/pages\/1110"}],"collection":[{"href":"https:\/\/kpitrechiro.com\/index.php\/wp-json\/wp\/v2\/pages"}],"about":[{"href":"https:\/\/kpitrechiro.com\/index.php\/wp-json\/wp\/v2\/types\/page"}],"author":[{"embeddable":true,"href":"https:\/\/kpitrechiro.com\/index.php\/wp-json\/wp\/v2\/users\/1"}],"replies":[{"embeddable":true,"href":"https:\/\/kpitrechiro.com\/index.php\/wp-json\/wp\/v2\/comments?post=1110"}],"version-history":[{"count":4,"href":"https:\/\/kpitrechiro.com\/index.php\/wp-json\/wp\/v2\/pages\/1110\/revisions"}],"predecessor-version":[{"id":1115,"href":"https:\/\/kpitrechiro.com\/index.php\/wp-json\/wp\/v2\/pages\/1110\/revisions\/1115"}],"wp:attachment":[{"href":"https:\/\/kpitrechiro.com\/index.php\/wp-json\/wp\/v2\/media?parent=1110"}],"curies":[{"name":"wp","href":"https:\/\/api.w.org\/{rel}","templated":true}]}}