{"id":1081,"date":"2024-06-20T20:28:09","date_gmt":"2024-06-20T20:28:09","guid":{"rendered":"https:\/\/kpitrechiro.com\/?page_id=1081"},"modified":"2024-06-20T20:28:10","modified_gmt":"2024-06-20T20:28:10","slug":"les-freins-buccaux-restrictifs","status":"publish","type":"page","link":"https:\/\/kpitrechiro.com\/index.php\/les-freins-buccaux-restrictifs\/","title":{"rendered":"Les freins buccaux restrictifs chez le b\u00e9b\u00e9"},"content":{"rendered":"<div class=\"wp-block-image\">\n<figure class=\"aligncenter size-large\"><img loading=\"lazy\" width=\"1024\" height=\"1024\" src=\"https:\/\/kpitrechiro.com\/wp-content\/uploads\/2024\/06\/baby-1024x1024.jpg\" alt=\"\" class=\"wp-image-1082\" srcset=\"https:\/\/kpitrechiro.com\/wp-content\/uploads\/2024\/06\/baby-1024x1024.jpg 1024w, https:\/\/kpitrechiro.com\/wp-content\/uploads\/2024\/06\/baby-300x300.jpg 300w, https:\/\/kpitrechiro.com\/wp-content\/uploads\/2024\/06\/baby-150x150.jpg 150w, https:\/\/kpitrechiro.com\/wp-content\/uploads\/2024\/06\/baby-768x768.jpg 768w, https:\/\/kpitrechiro.com\/wp-content\/uploads\/2024\/06\/baby-1200x1200.jpg 1200w, https:\/\/kpitrechiro.com\/wp-content\/uploads\/2024\/06\/baby.jpg 1280w\" sizes=\"(max-width: 1024px) 100vw, 1024px\" \/><\/figure><\/div>\n\n\n<p>Les freins buccaux restrictifs, sont des structures anatomiques situ\u00e9es dans la bouche qui peuvent limiter le mouvement de la langue, des l\u00e8vres ou des joues. Ces freins peuvent \u00eatre trop courts, trop \u00e9pais ou mal positionn\u00e9s, ce qui peut entra\u00eener divers probl\u00e8mes fonctionnels et de d\u00e9veloppement d\u00e8s la naissance. Les b\u00e9b\u00e9s peuvent rencontrer plusieurs probl\u00e8mes en cas de frein de langue ou de frein de l\u00e8vre restrictif, \u00e9galement connus sous le nom de frein de langue courte ou de frein de l\u00e8vre sup\u00e9rieure. Ces probl\u00e8mes peuvent inclure des difficult\u00e9s \u00e0 allaiter, une mauvaise prise de poids, des douleurs pour la m\u00e8re pendant l&rsquo;allaitement, des difficult\u00e9s \u00e0 articuler les sons lorsqu&rsquo;ils commencent \u00e0 parler, et dans certains cas, des probl\u00e8mes orthodontiques plus tard dans la vie. Il est important de consulter un professionnel de la sant\u00e9 si vous soup\u00e7onnez un frein restrictif chez votre b\u00e9b\u00e9.<\/p>\n\n\n\n<p>Le chiropraticien est un professionnel de la sant\u00e9 sp\u00e9cialis\u00e9 dans le diagnostic, le traitement et la pr\u00e9vention des troubles neuro-musculo-squelettiques. Bien que le chiropraticien ne soit pas directement impliqu\u00e9 dans le traitement des freins buccaux restrictifs, certains chiropraticiens travaillent en collaboration avec des orthodontistes, des dentistes ou des sp\u00e9cialistes en orthophonie en amont et en aval pour pr\u00e9parer et ensuite conserver une bonne d\u00e9tente, pour \u00e9valuer et traiter les troubles de la bouche et de la m\u00e2choire qui peuvent \u00eatre li\u00e9s \u00e0 des probl\u00e8mes de posture, de mobilit\u00e9 ou de fonctionnement du syst\u00e8me neuro-musculo-squelettique.<\/p>\n\n\n\n<p>Le r\u00f4le du chiropraticien dans le traitement des freins buccaux restrictifs peut consister \u00e0 \u00e9valuer la posture globale du patient, \u00e0 identifier les d\u00e9s\u00e9quilibres musculaires ou articulaires qui peuvent contribuer aux probl\u00e8mes de la bouche et de la m\u00e2choire et aux tensions pr\u00e9sentent dans le dos, et \u00e0 recommander des ajustements chiropratiques, des exercices de renforcement ou des techniques d&rsquo;\u00e9tirement pour rel\u00e2cher les tensions accumul\u00e9es depuis la naissance pour am\u00e9liorer la sant\u00e9 et le fonctionnement du syst\u00e8me neuro-musculo-squelettique dans son ensemble.<\/p>\n\n\n\n<p>Il est important de noter que le traitement des freins buccaux restrictifs n\u00e9cessite g\u00e9n\u00e9ralement une approche multidisciplinaire impliquant plusieurs professionnels de la sant\u00e9, y compris des orthodontistes, des dentistes, des orthophonistes et des chiropraticiens, travaillant ensemble pour fournir des soins complets et personnalis\u00e9s en fonction des besoins sp\u00e9cifiques du patient.<\/p>\n\n\n\n<p><strong>R\u00e9f\u00e9rences:<\/strong><\/p>\n\n\n\n<p>\u00b7&nbsp; Kotlow, L.A. (2015). <em>Oral diagnosis of abnormal frenum attachments in neonates and infants: Evaluation and treatment of maxillary and lingual frenum using the Er<\/em><\/p>\n\n\n\n<p><em>laser<\/em>. The European Journal of Pediatric Dentistry, 16(4), 293-299. Retrieved from <a href=\"https:\/\/www.researchgate.net\/publication\/286202357_Oral_diagnosis_of_abnormal_frenum_attachments_in_neonates_and_infants_Evaluation_and_treatment_of_maxillary_and_lingual_frenum_using_the_ErYAG_laser\">ResearchGate<\/a>.<\/p>\n\n\n\n<p>\u00b7&nbsp; American Academy of Pediatric Dentistry. (2022). <em>Policy on management of the frenulum in pediatric dental patients<\/em>. The Reference Manual of Pediatric Dentistry, 44(6), 129-131. Retrieved from AAPD.<\/p>\n\n\n\n<p>\u00b7&nbsp; Hazelbaker, A.K. (2010). <em>The Assessment Tool for Lingual Frenulum Function (ATLFF): Use in a Lactation Consultant Private Practice<\/em>. Clinical Lactation, 1(1), 21-24. Retrieved from Academia.<\/p>\n\n\n\n<p>\u00b7&nbsp; Seiler, C.S., &amp; Glicksman, J.T. (2021). <em>Interdisciplinary approach to the management of ankyloglossia and related feeding difficulties<\/em>. International Journal of Pediatric Otorhinolaryngology, 146, 110779. Retrieved from <a href=\"https:\/\/www.sciencedirect.com\/science\/article\/abs\/pii\/S0165587620306353\">ScienceDirect<\/a>.<\/p>\n","protected":false},"excerpt":{"rendered":"<p>Les freins buccaux restrictifs, sont des structures anatomiques situ\u00e9es dans la bouche qui peuvent limiter le mouvement de la langue, des l\u00e8vres ou des joues. Ces freins peuvent \u00eatre trop courts, trop \u00e9pais ou mal positionn\u00e9s, ce qui peut entra\u00eener divers probl\u00e8mes fonctionnels et de d\u00e9veloppement d\u00e8s la naissance. Les b\u00e9b\u00e9s peuvent rencontrer plusieurs probl\u00e8mes [&hellip;]<\/p>\n","protected":false},"author":1,"featured_media":0,"parent":0,"menu_order":0,"comment_status":"closed","ping_status":"closed","template":"","meta":[],"yoast_head":"<!-- This site is optimized with the Yoast SEO plugin v19.5.1 - https:\/\/yoast.com\/wordpress\/plugins\/seo\/ -->\n<title>Les freins buccaux restrictifs chez le b\u00e9b\u00e9 - Dre Kayla Pitre, chiropraticienne - Centre chiropratique de la sant\u00e9 vert\u00e9brale<\/title>\n<meta name=\"description\" content=\"Les freins buccaux restrictifs, sont des structures anatomiques situ\u00e9es dans la bouche qui peuvent limiter le mouvement de la langue, des l\u00e8vres ou des joues. Ces freins peuvent \u00eatre trop courts, trop \u00e9pais ou mal positionn\u00e9s, ce qui peut entra\u00eener divers probl\u00e8mes fonctionnels et de d\u00e9veloppement d\u00e8s la naissance. Les b\u00e9b\u00e9s peuvent rencontrer plusieurs probl\u00e8mes en cas de frein de langue ou de frein de (...)\" \/>\n<meta name=\"robots\" content=\"index, follow, max-snippet:-1, max-image-preview:large, max-video-preview:-1\" \/>\n<link rel=\"canonical\" href=\"https:\/\/kpitrechiro.com\/index.php\/les-freins-buccaux-restrictifs\/\" \/>\n<meta property=\"og:locale\" content=\"fr_FR\" \/>\n<meta property=\"og:type\" content=\"article\" \/>\n<meta property=\"og:title\" content=\"Les freins buccaux restrictifs chez le b\u00e9b\u00e9 - Dre Kayla Pitre, chiropraticienne - Centre chiropratique de la sant\u00e9 vert\u00e9brale\" \/>\n<meta property=\"og:description\" content=\"Les freins buccaux restrictifs, sont des structures anatomiques situ\u00e9es dans la bouche qui peuvent limiter le mouvement de la langue, des l\u00e8vres ou des joues. Ces freins peuvent \u00eatre trop courts, trop \u00e9pais ou mal positionn\u00e9s, ce qui peut entra\u00eener divers probl\u00e8mes fonctionnels et de d\u00e9veloppement d\u00e8s la naissance. Les b\u00e9b\u00e9s peuvent rencontrer plusieurs probl\u00e8mes en cas de frein de langue ou de frein de (...)\" \/>\n<meta property=\"og:url\" content=\"https:\/\/kpitrechiro.com\/index.php\/les-freins-buccaux-restrictifs\/\" \/>\n<meta property=\"og:site_name\" content=\"Dre Kayla Pitre, chiropraticienne - Centre chiropratique de la sant\u00e9 vert\u00e9brale\" \/>\n<meta property=\"article:modified_time\" content=\"2024-06-20T20:28:10+00:00\" \/>\n<meta property=\"og:image\" content=\"https:\/\/kpitrechiro.com\/wp-content\/uploads\/2024\/06\/baby-1024x1024.jpg\" \/>\n<meta name=\"twitter:card\" content=\"summary_large_image\" \/>\n<meta name=\"twitter:label1\" content=\"Dur\u00e9e de lecture estim\u00e9e\" \/>\n\t<meta name=\"twitter:data1\" content=\"3 minutes\" \/>\n<script type=\"application\/ld+json\" class=\"yoast-schema-graph\">{\"@context\":\"https:\/\/schema.org\",\"@graph\":[{\"@type\":\"WebPage\",\"@id\":\"https:\/\/kpitrechiro.com\/index.php\/les-freins-buccaux-restrictifs\/\",\"url\":\"https:\/\/kpitrechiro.com\/index.php\/les-freins-buccaux-restrictifs\/\",\"name\":\"Les freins buccaux restrictifs chez le b\u00e9b\u00e9 - Dre Kayla Pitre, chiropraticienne - Centre chiropratique de la sant\u00e9 vert\u00e9brale\",\"isPartOf\":{\"@id\":\"https:\/\/kpitrechiro.com\/#website\"},\"datePublished\":\"2024-06-20T20:28:09+00:00\",\"dateModified\":\"2024-06-20T20:28:10+00:00\",\"description\":\"Les freins buccaux restrictifs, sont des structures anatomiques situ\u00e9es dans la bouche qui peuvent limiter le mouvement de la langue, des l\u00e8vres ou des joues. Ces freins peuvent \u00eatre trop courts, trop \u00e9pais ou mal positionn\u00e9s, ce qui peut entra\u00eener divers probl\u00e8mes fonctionnels et de d\u00e9veloppement d\u00e8s la naissance. Les b\u00e9b\u00e9s peuvent rencontrer plusieurs probl\u00e8mes en cas de frein de langue ou de frein de (...)\",\"breadcrumb\":{\"@id\":\"https:\/\/kpitrechiro.com\/index.php\/les-freins-buccaux-restrictifs\/#breadcrumb\"},\"inLanguage\":\"fr-FR\",\"potentialAction\":[{\"@type\":\"ReadAction\",\"target\":[\"https:\/\/kpitrechiro.com\/index.php\/les-freins-buccaux-restrictifs\/\"]}]},{\"@type\":\"BreadcrumbList\",\"@id\":\"https:\/\/kpitrechiro.com\/index.php\/les-freins-buccaux-restrictifs\/#breadcrumb\",\"itemListElement\":[{\"@type\":\"ListItem\",\"position\":1,\"name\":\"Accueil\",\"item\":\"https:\/\/kpitrechiro.com\/\"},{\"@type\":\"ListItem\",\"position\":2,\"name\":\"Les freins buccaux restrictifs chez le b\u00e9b\u00e9\"}]},{\"@type\":\"WebSite\",\"@id\":\"https:\/\/kpitrechiro.com\/#website\",\"url\":\"https:\/\/kpitrechiro.com\/\",\"name\":\"Dre Kayla Pitre, chiropraticienne - Centre chiropratique de la sant\u00e9 vert\u00e9brale\",\"description\":\"Soyez la meilleure version de vous-m\u00eame !\",\"publisher\":{\"@id\":\"https:\/\/kpitrechiro.com\/#organization\"},\"potentialAction\":[{\"@type\":\"SearchAction\",\"target\":{\"@type\":\"EntryPoint\",\"urlTemplate\":\"https:\/\/kpitrechiro.com\/?s={search_term_string}\"},\"query-input\":\"required name=search_term_string\"}],\"inLanguage\":\"fr-FR\"},{\"@type\":\"Organization\",\"@id\":\"https:\/\/kpitrechiro.com\/#organization\",\"name\":\"Dre Kayla Pitre, chiropraticienne - Centre chiropratique de la sant\u00e9 vert\u00e9brale\",\"url\":\"https:\/\/kpitrechiro.com\/\",\"sameAs\":[],\"logo\":{\"@type\":\"ImageObject\",\"inLanguage\":\"fr-FR\",\"@id\":\"https:\/\/kpitrechiro.com\/#\/schema\/logo\/image\/\",\"url\":\"https:\/\/kpitrechiro.com\/wp-content\/uploads\/2020\/11\/cropped-LOGO-paint-fond-PNG-2.png\",\"contentUrl\":\"https:\/\/kpitrechiro.com\/wp-content\/uploads\/2020\/11\/cropped-LOGO-paint-fond-PNG-2.png\",\"width\":712,\"height\":606,\"caption\":\"Dre Kayla Pitre, chiropraticienne - Centre chiropratique de la sant\u00e9 vert\u00e9brale\"},\"image\":{\"@id\":\"https:\/\/kpitrechiro.com\/#\/schema\/logo\/image\/\"}}]}<\/script>\n<!-- \/ Yoast SEO plugin. -->","yoast_head_json":{"title":"Les freins buccaux restrictifs chez le b\u00e9b\u00e9 - Dre Kayla Pitre, chiropraticienne - Centre chiropratique de la sant\u00e9 vert\u00e9brale","description":"Les freins buccaux restrictifs, sont des structures anatomiques situ\u00e9es dans la bouche qui peuvent limiter le mouvement de la langue, des l\u00e8vres ou des joues. Ces freins peuvent \u00eatre trop courts, trop \u00e9pais ou mal positionn\u00e9s, ce qui peut entra\u00eener divers probl\u00e8mes fonctionnels et de d\u00e9veloppement d\u00e8s la naissance. Les b\u00e9b\u00e9s peuvent rencontrer plusieurs probl\u00e8mes en cas de frein de langue ou de frein de (...)","robots":{"index":"index","follow":"follow","max-snippet":"max-snippet:-1","max-image-preview":"max-image-preview:large","max-video-preview":"max-video-preview:-1"},"canonical":"https:\/\/kpitrechiro.com\/index.php\/les-freins-buccaux-restrictifs\/","og_locale":"fr_FR","og_type":"article","og_title":"Les freins buccaux restrictifs chez le b\u00e9b\u00e9 - Dre Kayla Pitre, chiropraticienne - Centre chiropratique de la sant\u00e9 vert\u00e9brale","og_description":"Les freins buccaux restrictifs, sont des structures anatomiques situ\u00e9es dans la bouche qui peuvent limiter le mouvement de la langue, des l\u00e8vres ou des joues. Ces freins peuvent \u00eatre trop courts, trop \u00e9pais ou mal positionn\u00e9s, ce qui peut entra\u00eener divers probl\u00e8mes fonctionnels et de d\u00e9veloppement d\u00e8s la naissance. Les b\u00e9b\u00e9s peuvent rencontrer plusieurs probl\u00e8mes en cas de frein de langue ou de frein de (...)","og_url":"https:\/\/kpitrechiro.com\/index.php\/les-freins-buccaux-restrictifs\/","og_site_name":"Dre Kayla Pitre, chiropraticienne - Centre chiropratique de la sant\u00e9 vert\u00e9brale","article_modified_time":"2024-06-20T20:28:10+00:00","og_image":[{"url":"https:\/\/kpitrechiro.com\/wp-content\/uploads\/2024\/06\/baby-1024x1024.jpg"}],"twitter_card":"summary_large_image","twitter_misc":{"Dur\u00e9e de lecture estim\u00e9e":"3 minutes"},"schema":{"@context":"https:\/\/schema.org","@graph":[{"@type":"WebPage","@id":"https:\/\/kpitrechiro.com\/index.php\/les-freins-buccaux-restrictifs\/","url":"https:\/\/kpitrechiro.com\/index.php\/les-freins-buccaux-restrictifs\/","name":"Les freins buccaux restrictifs chez le b\u00e9b\u00e9 - Dre Kayla Pitre, chiropraticienne - Centre chiropratique de la sant\u00e9 vert\u00e9brale","isPartOf":{"@id":"https:\/\/kpitrechiro.com\/#website"},"datePublished":"2024-06-20T20:28:09+00:00","dateModified":"2024-06-20T20:28:10+00:00","description":"Les freins buccaux restrictifs, sont des structures anatomiques situ\u00e9es dans la bouche qui peuvent limiter le mouvement de la langue, des l\u00e8vres ou des joues. Ces freins peuvent \u00eatre trop courts, trop \u00e9pais ou mal positionn\u00e9s, ce qui peut entra\u00eener divers probl\u00e8mes fonctionnels et de d\u00e9veloppement d\u00e8s la naissance. Les b\u00e9b\u00e9s peuvent rencontrer plusieurs probl\u00e8mes en cas de frein de langue ou de frein de (...)","breadcrumb":{"@id":"https:\/\/kpitrechiro.com\/index.php\/les-freins-buccaux-restrictifs\/#breadcrumb"},"inLanguage":"fr-FR","potentialAction":[{"@type":"ReadAction","target":["https:\/\/kpitrechiro.com\/index.php\/les-freins-buccaux-restrictifs\/"]}]},{"@type":"BreadcrumbList","@id":"https:\/\/kpitrechiro.com\/index.php\/les-freins-buccaux-restrictifs\/#breadcrumb","itemListElement":[{"@type":"ListItem","position":1,"name":"Accueil","item":"https:\/\/kpitrechiro.com\/"},{"@type":"ListItem","position":2,"name":"Les freins buccaux restrictifs chez le b\u00e9b\u00e9"}]},{"@type":"WebSite","@id":"https:\/\/kpitrechiro.com\/#website","url":"https:\/\/kpitrechiro.com\/","name":"Dre Kayla Pitre, chiropraticienne - Centre chiropratique de la sant\u00e9 vert\u00e9brale","description":"Soyez la meilleure version de vous-m\u00eame !","publisher":{"@id":"https:\/\/kpitrechiro.com\/#organization"},"potentialAction":[{"@type":"SearchAction","target":{"@type":"EntryPoint","urlTemplate":"https:\/\/kpitrechiro.com\/?s={search_term_string}"},"query-input":"required name=search_term_string"}],"inLanguage":"fr-FR"},{"@type":"Organization","@id":"https:\/\/kpitrechiro.com\/#organization","name":"Dre Kayla Pitre, chiropraticienne - Centre chiropratique de la sant\u00e9 vert\u00e9brale","url":"https:\/\/kpitrechiro.com\/","sameAs":[],"logo":{"@type":"ImageObject","inLanguage":"fr-FR","@id":"https:\/\/kpitrechiro.com\/#\/schema\/logo\/image\/","url":"https:\/\/kpitrechiro.com\/wp-content\/uploads\/2020\/11\/cropped-LOGO-paint-fond-PNG-2.png","contentUrl":"https:\/\/kpitrechiro.com\/wp-content\/uploads\/2020\/11\/cropped-LOGO-paint-fond-PNG-2.png","width":712,"height":606,"caption":"Dre Kayla Pitre, chiropraticienne - Centre chiropratique de la sant\u00e9 vert\u00e9brale"},"image":{"@id":"https:\/\/kpitrechiro.com\/#\/schema\/logo\/image\/"}}]}},"_links":{"self":[{"href":"https:\/\/kpitrechiro.com\/index.php\/wp-json\/wp\/v2\/pages\/1081"}],"collection":[{"href":"https:\/\/kpitrechiro.com\/index.php\/wp-json\/wp\/v2\/pages"}],"about":[{"href":"https:\/\/kpitrechiro.com\/index.php\/wp-json\/wp\/v2\/types\/page"}],"author":[{"embeddable":true,"href":"https:\/\/kpitrechiro.com\/index.php\/wp-json\/wp\/v2\/users\/1"}],"replies":[{"embeddable":true,"href":"https:\/\/kpitrechiro.com\/index.php\/wp-json\/wp\/v2\/comments?post=1081"}],"version-history":[{"count":1,"href":"https:\/\/kpitrechiro.com\/index.php\/wp-json\/wp\/v2\/pages\/1081\/revisions"}],"predecessor-version":[{"id":1083,"href":"https:\/\/kpitrechiro.com\/index.php\/wp-json\/wp\/v2\/pages\/1081\/revisions\/1083"}],"wp:attachment":[{"href":"https:\/\/kpitrechiro.com\/index.php\/wp-json\/wp\/v2\/media?parent=1081"}],"curies":[{"name":"wp","href":"https:\/\/api.w.org\/{rel}","templated":true}]}}