{"id":1059,"date":"2024-05-15T15:41:14","date_gmt":"2024-05-15T15:41:14","guid":{"rendered":"https:\/\/kpitrechiro.com\/?page_id=1059"},"modified":"2024-05-15T15:41:15","modified_gmt":"2024-05-15T15:41:15","slug":"limportance-de-la-chiropratique-chez-les-bebes","status":"publish","type":"page","link":"https:\/\/kpitrechiro.com\/index.php\/limportance-de-la-chiropratique-chez-les-bebes\/","title":{"rendered":"L&rsquo;importance de la chiropratique chez les b\u00e9b\u00e9s"},"content":{"rendered":"<div class=\"wp-block-image\">\n<figure class=\"aligncenter size-full\"><img loading=\"lazy\" width=\"451\" height=\"619\" src=\"https:\/\/kpitrechiro.com\/wp-content\/uploads\/2024\/05\/bebe.jpg\" alt=\"\" class=\"wp-image-1060\" srcset=\"https:\/\/kpitrechiro.com\/wp-content\/uploads\/2024\/05\/bebe.jpg 451w, https:\/\/kpitrechiro.com\/wp-content\/uploads\/2024\/05\/bebe-219x300.jpg 219w\" sizes=\"(max-width: 451px) 100vw, 451px\" \/><figcaption>Petite puce de 4 jours qui re\u00e7oit son premier ajustement chiropratique<\/figcaption><\/figure><\/div>\n\n\n<p>Les chiropraticiens peuvent jouer un r\u00f4le important dans le suivi du d\u00e9veloppement psychomoteur des b\u00e9b\u00e9s en surveillant leur syst\u00e8me neurologique et musculo-squelettique d\u00e8s les premiers stades de leur vie. Voici quelques raisons pour lesquelles les b\u00e9b\u00e9s peuvent b\u00e9n\u00e9ficier de consultations chiropratiques \u00e0 chaque \u00e9tape de leur d\u00e9veloppement :<\/p>\n\n\n\n<p>1. <strong>Ajustements pour le syst\u00e8me nerveux<\/strong> : Les ajustements chiropratiques peuvent aider \u00e0 maintenir l&rsquo;alignement de la colonne vert\u00e9brale, ce qui favorise une communication efficace entre le cerveau et le reste du corps. Un syst\u00e8me nerveux fonctionnant optimalement est essentiel pour le bon d\u00e9veloppement psychomoteur des b\u00e9b\u00e9s.<\/p>\n\n\n\n<p>2. <strong>Gestion des tensions musculaires<\/strong> : Les b\u00e9b\u00e9s peuvent d\u00e9velopper des tensions musculaires ou des d\u00e9s\u00e9quilibres qui peuvent affecter leur motricit\u00e9. Les chiropraticiens peuvent aider \u00e0 rel\u00e2cher ces tensions et \u00e0 r\u00e9tablir l&rsquo;\u00e9quilibre musculaire, ce qui peut favoriser un d\u00e9veloppement moteur optimal.<\/p>\n\n\n\n<p>3. <strong>Pr\u00e9vention des troubles orthop\u00e9diques<\/strong> : En surveillant et en traitant les d\u00e9s\u00e9quilibres musculo-squelettiques d\u00e8s le plus jeune \u00e2ge, les chiropraticiens peuvent aider \u00e0 pr\u00e9venir le d\u00e9veloppement de troubles orthop\u00e9diques tels que la plagioc\u00e9phalie (t\u00eate plate) ou la dysplasie de la hanche.<\/p>\n\n\n\n<p>4.<strong> Soutien pour les troubles de l&rsquo;allaitement<\/strong> : Certains b\u00e9b\u00e9s peuvent rencontrer des difficult\u00e9s \u00e0 t\u00e9ter en raison de tensions musculaires ou de d\u00e9s\u00e9quilibres corporels. Les chiropraticiens peuvent aider \u00e0 r\u00e9soudre ces probl\u00e8mes pour faciliter l&rsquo;allaitement et le d\u00e9veloppement buccal.<\/p>\n\n\n\n<p>5.<strong> \u00c9viter l&rsquo;inconfort chez les b\u00e9b\u00e9s<\/strong>\u00a0: En travaillant en \u00e9troite collaboration avec d&rsquo;autres professionnels de la sant\u00e9, les chiropraticiens peuvent contribuer \u00e0 assurer un d\u00e9veloppement sain et harmonieux chez les b\u00e9b\u00e9s \u00e0 chaque \u00e9tape de leur croissance.<\/p>\n\n\n\n<p><\/p>\n\n\n\n<p>Pour en apprendre plus sur comment la chiropratique peut \u00eatre b\u00e9n\u00e9fique pour vos tout petits, consultez les articles suivants:<\/p>\n\n\n\n<ul><li><a href=\"https:\/\/kpitrechiro.com\/index.php\/soulager-les-coliques-chez-les-bebes-le-role-bienfaisant-de-la-chiropratique\/\">Les coliques<\/a><\/li><li><a href=\"https:\/\/kpitrechiro.com\/index.php\/prevenir-et-traiter-la-plagiocephalie-chez-les-bebes-le-role-benefique-de-la-chiropratique\/\">La plagioc\u00e9phalie(t\u00eate plate)<\/a><\/li><\/ul>\n\n\n\n<p>R\u00e9f\u00e9rences:<\/p>\n\n\n\n<ol type=\"1\"><li>\u00ab\u00a0Pediatric Chiropractic\u00a0\u00bb par Claudia Anrig et Gregory Plaugher.<\/li><li>\u00ab\u00a0The Developing Child\u00a0\u00bb par Helen Bee et Denise Boyd.<\/li><li>McKibbin, B. (1978). Anatomical factors in the stability of the hip joint in the newborn. <em>Journal of Bone and Joint Surgery<\/em>, 60-B(4), 1-6.<\/li><li>Holleman AC, Nee J, Knaap SF. Chiropractic management of breast-feeding difficulties: a case report. J Chiropr Med. 2011 Sep;10(3):199-203. doi: 10.1016\/j.jcm.2011.01.010. Epub 2011 Aug 9. PMID: 22014911; PMCID: PMC3259991.<\/li><\/ol>\n","protected":false},"excerpt":{"rendered":"<p>Les chiropraticiens peuvent jouer un r\u00f4le important dans le suivi du d\u00e9veloppement psychomoteur des b\u00e9b\u00e9s en surveillant leur syst\u00e8me neurologique et musculo-squelettique d\u00e8s les premiers stades de leur vie. Voici quelques raisons pour lesquelles les b\u00e9b\u00e9s peuvent b\u00e9n\u00e9ficier de consultations chiropratiques \u00e0 chaque \u00e9tape de leur d\u00e9veloppement : 1. Ajustements pour le syst\u00e8me nerveux : [&hellip;]<\/p>\n","protected":false},"author":1,"featured_media":0,"parent":0,"menu_order":0,"comment_status":"closed","ping_status":"closed","template":"","meta":[],"yoast_head":"<!-- This site is optimized with the Yoast SEO plugin v19.5.1 - https:\/\/yoast.com\/wordpress\/plugins\/seo\/ -->\n<title>L&#039;importance de la chiropratique chez les b\u00e9b\u00e9s - Dre Kayla Pitre, chiropraticienne - Centre chiropratique de la sant\u00e9 vert\u00e9brale<\/title>\n<meta name=\"description\" content=\"Les chiropraticiens peuvent jouer un r\u00f4le important dans le suivi du d\u00e9veloppement psychomoteur des b\u00e9b\u00e9s en surveillant leur syst\u00e8me neurologique et musculo-squelettique d\u00e8s les premiers stades de leur vie.\" \/>\n<meta name=\"robots\" content=\"index, follow, max-snippet:-1, max-image-preview:large, max-video-preview:-1\" \/>\n<link rel=\"canonical\" href=\"https:\/\/kpitrechiro.com\/index.php\/limportance-de-la-chiropratique-chez-les-bebes\/\" \/>\n<meta property=\"og:locale\" content=\"fr_FR\" \/>\n<meta property=\"og:type\" content=\"article\" \/>\n<meta property=\"og:title\" content=\"L&#039;importance de la chiropratique chez les b\u00e9b\u00e9s - Dre Kayla Pitre, chiropraticienne - Centre chiropratique de la sant\u00e9 vert\u00e9brale\" \/>\n<meta property=\"og:description\" content=\"Les chiropraticiens peuvent jouer un r\u00f4le important dans le suivi du d\u00e9veloppement psychomoteur des b\u00e9b\u00e9s en surveillant leur syst\u00e8me neurologique et musculo-squelettique d\u00e8s les premiers stades de leur vie.\" \/>\n<meta property=\"og:url\" content=\"https:\/\/kpitrechiro.com\/index.php\/limportance-de-la-chiropratique-chez-les-bebes\/\" \/>\n<meta property=\"og:site_name\" content=\"Dre Kayla Pitre, chiropraticienne - Centre chiropratique de la sant\u00e9 vert\u00e9brale\" \/>\n<meta property=\"article:modified_time\" content=\"2024-05-15T15:41:15+00:00\" \/>\n<meta property=\"og:image\" content=\"https:\/\/kpitrechiro.com\/wp-content\/uploads\/2024\/05\/bebe.jpg\" \/>\n<meta name=\"twitter:card\" content=\"summary_large_image\" \/>\n<meta name=\"twitter:label1\" content=\"Dur\u00e9e de lecture estim\u00e9e\" \/>\n\t<meta name=\"twitter:data1\" content=\"3 minutes\" \/>\n<script type=\"application\/ld+json\" class=\"yoast-schema-graph\">{\"@context\":\"https:\/\/schema.org\",\"@graph\":[{\"@type\":\"WebPage\",\"@id\":\"https:\/\/kpitrechiro.com\/index.php\/limportance-de-la-chiropratique-chez-les-bebes\/\",\"url\":\"https:\/\/kpitrechiro.com\/index.php\/limportance-de-la-chiropratique-chez-les-bebes\/\",\"name\":\"L'importance de la chiropratique chez les b\u00e9b\u00e9s - Dre Kayla Pitre, chiropraticienne - Centre chiropratique de la sant\u00e9 vert\u00e9brale\",\"isPartOf\":{\"@id\":\"https:\/\/kpitrechiro.com\/#website\"},\"datePublished\":\"2024-05-15T15:41:14+00:00\",\"dateModified\":\"2024-05-15T15:41:15+00:00\",\"description\":\"Les chiropraticiens peuvent jouer un r\u00f4le important dans le suivi du d\u00e9veloppement psychomoteur des b\u00e9b\u00e9s en surveillant leur syst\u00e8me neurologique et musculo-squelettique d\u00e8s les premiers stades de leur vie.\",\"breadcrumb\":{\"@id\":\"https:\/\/kpitrechiro.com\/index.php\/limportance-de-la-chiropratique-chez-les-bebes\/#breadcrumb\"},\"inLanguage\":\"fr-FR\",\"potentialAction\":[{\"@type\":\"ReadAction\",\"target\":[\"https:\/\/kpitrechiro.com\/index.php\/limportance-de-la-chiropratique-chez-les-bebes\/\"]}]},{\"@type\":\"BreadcrumbList\",\"@id\":\"https:\/\/kpitrechiro.com\/index.php\/limportance-de-la-chiropratique-chez-les-bebes\/#breadcrumb\",\"itemListElement\":[{\"@type\":\"ListItem\",\"position\":1,\"name\":\"Accueil\",\"item\":\"https:\/\/kpitrechiro.com\/\"},{\"@type\":\"ListItem\",\"position\":2,\"name\":\"L&rsquo;importance de la chiropratique chez les b\u00e9b\u00e9s\"}]},{\"@type\":\"WebSite\",\"@id\":\"https:\/\/kpitrechiro.com\/#website\",\"url\":\"https:\/\/kpitrechiro.com\/\",\"name\":\"Dre Kayla Pitre, chiropraticienne - Centre chiropratique de la sant\u00e9 vert\u00e9brale\",\"description\":\"Soyez la meilleure version de vous-m\u00eame !\",\"publisher\":{\"@id\":\"https:\/\/kpitrechiro.com\/#organization\"},\"potentialAction\":[{\"@type\":\"SearchAction\",\"target\":{\"@type\":\"EntryPoint\",\"urlTemplate\":\"https:\/\/kpitrechiro.com\/?s={search_term_string}\"},\"query-input\":\"required name=search_term_string\"}],\"inLanguage\":\"fr-FR\"},{\"@type\":\"Organization\",\"@id\":\"https:\/\/kpitrechiro.com\/#organization\",\"name\":\"Dre Kayla Pitre, chiropraticienne - Centre chiropratique de la sant\u00e9 vert\u00e9brale\",\"url\":\"https:\/\/kpitrechiro.com\/\",\"sameAs\":[],\"logo\":{\"@type\":\"ImageObject\",\"inLanguage\":\"fr-FR\",\"@id\":\"https:\/\/kpitrechiro.com\/#\/schema\/logo\/image\/\",\"url\":\"https:\/\/kpitrechiro.com\/wp-content\/uploads\/2020\/11\/cropped-LOGO-paint-fond-PNG-2.png\",\"contentUrl\":\"https:\/\/kpitrechiro.com\/wp-content\/uploads\/2020\/11\/cropped-LOGO-paint-fond-PNG-2.png\",\"width\":712,\"height\":606,\"caption\":\"Dre Kayla Pitre, chiropraticienne - Centre chiropratique de la sant\u00e9 vert\u00e9brale\"},\"image\":{\"@id\":\"https:\/\/kpitrechiro.com\/#\/schema\/logo\/image\/\"}}]}<\/script>\n<!-- \/ Yoast SEO plugin. -->","yoast_head_json":{"title":"L'importance de la chiropratique chez les b\u00e9b\u00e9s - Dre Kayla Pitre, chiropraticienne - Centre chiropratique de la sant\u00e9 vert\u00e9brale","description":"Les chiropraticiens peuvent jouer un r\u00f4le important dans le suivi du d\u00e9veloppement psychomoteur des b\u00e9b\u00e9s en surveillant leur syst\u00e8me neurologique et musculo-squelettique d\u00e8s les premiers stades de leur vie.","robots":{"index":"index","follow":"follow","max-snippet":"max-snippet:-1","max-image-preview":"max-image-preview:large","max-video-preview":"max-video-preview:-1"},"canonical":"https:\/\/kpitrechiro.com\/index.php\/limportance-de-la-chiropratique-chez-les-bebes\/","og_locale":"fr_FR","og_type":"article","og_title":"L'importance de la chiropratique chez les b\u00e9b\u00e9s - Dre Kayla Pitre, chiropraticienne - Centre chiropratique de la sant\u00e9 vert\u00e9brale","og_description":"Les chiropraticiens peuvent jouer un r\u00f4le important dans le suivi du d\u00e9veloppement psychomoteur des b\u00e9b\u00e9s en surveillant leur syst\u00e8me neurologique et musculo-squelettique d\u00e8s les premiers stades de leur vie.","og_url":"https:\/\/kpitrechiro.com\/index.php\/limportance-de-la-chiropratique-chez-les-bebes\/","og_site_name":"Dre Kayla Pitre, chiropraticienne - Centre chiropratique de la sant\u00e9 vert\u00e9brale","article_modified_time":"2024-05-15T15:41:15+00:00","og_image":[{"url":"https:\/\/kpitrechiro.com\/wp-content\/uploads\/2024\/05\/bebe.jpg"}],"twitter_card":"summary_large_image","twitter_misc":{"Dur\u00e9e de lecture estim\u00e9e":"3 minutes"},"schema":{"@context":"https:\/\/schema.org","@graph":[{"@type":"WebPage","@id":"https:\/\/kpitrechiro.com\/index.php\/limportance-de-la-chiropratique-chez-les-bebes\/","url":"https:\/\/kpitrechiro.com\/index.php\/limportance-de-la-chiropratique-chez-les-bebes\/","name":"L'importance de la chiropratique chez les b\u00e9b\u00e9s - Dre Kayla Pitre, chiropraticienne - Centre chiropratique de la sant\u00e9 vert\u00e9brale","isPartOf":{"@id":"https:\/\/kpitrechiro.com\/#website"},"datePublished":"2024-05-15T15:41:14+00:00","dateModified":"2024-05-15T15:41:15+00:00","description":"Les chiropraticiens peuvent jouer un r\u00f4le important dans le suivi du d\u00e9veloppement psychomoteur des b\u00e9b\u00e9s en surveillant leur syst\u00e8me neurologique et musculo-squelettique d\u00e8s les premiers stades de leur vie.","breadcrumb":{"@id":"https:\/\/kpitrechiro.com\/index.php\/limportance-de-la-chiropratique-chez-les-bebes\/#breadcrumb"},"inLanguage":"fr-FR","potentialAction":[{"@type":"ReadAction","target":["https:\/\/kpitrechiro.com\/index.php\/limportance-de-la-chiropratique-chez-les-bebes\/"]}]},{"@type":"BreadcrumbList","@id":"https:\/\/kpitrechiro.com\/index.php\/limportance-de-la-chiropratique-chez-les-bebes\/#breadcrumb","itemListElement":[{"@type":"ListItem","position":1,"name":"Accueil","item":"https:\/\/kpitrechiro.com\/"},{"@type":"ListItem","position":2,"name":"L&rsquo;importance de la chiropratique chez les b\u00e9b\u00e9s"}]},{"@type":"WebSite","@id":"https:\/\/kpitrechiro.com\/#website","url":"https:\/\/kpitrechiro.com\/","name":"Dre Kayla Pitre, chiropraticienne - Centre chiropratique de la sant\u00e9 vert\u00e9brale","description":"Soyez la meilleure version de vous-m\u00eame !","publisher":{"@id":"https:\/\/kpitrechiro.com\/#organization"},"potentialAction":[{"@type":"SearchAction","target":{"@type":"EntryPoint","urlTemplate":"https:\/\/kpitrechiro.com\/?s={search_term_string}"},"query-input":"required name=search_term_string"}],"inLanguage":"fr-FR"},{"@type":"Organization","@id":"https:\/\/kpitrechiro.com\/#organization","name":"Dre Kayla Pitre, chiropraticienne - Centre chiropratique de la sant\u00e9 vert\u00e9brale","url":"https:\/\/kpitrechiro.com\/","sameAs":[],"logo":{"@type":"ImageObject","inLanguage":"fr-FR","@id":"https:\/\/kpitrechiro.com\/#\/schema\/logo\/image\/","url":"https:\/\/kpitrechiro.com\/wp-content\/uploads\/2020\/11\/cropped-LOGO-paint-fond-PNG-2.png","contentUrl":"https:\/\/kpitrechiro.com\/wp-content\/uploads\/2020\/11\/cropped-LOGO-paint-fond-PNG-2.png","width":712,"height":606,"caption":"Dre Kayla Pitre, chiropraticienne - Centre chiropratique de la sant\u00e9 vert\u00e9brale"},"image":{"@id":"https:\/\/kpitrechiro.com\/#\/schema\/logo\/image\/"}}]}},"_links":{"self":[{"href":"https:\/\/kpitrechiro.com\/index.php\/wp-json\/wp\/v2\/pages\/1059"}],"collection":[{"href":"https:\/\/kpitrechiro.com\/index.php\/wp-json\/wp\/v2\/pages"}],"about":[{"href":"https:\/\/kpitrechiro.com\/index.php\/wp-json\/wp\/v2\/types\/page"}],"author":[{"embeddable":true,"href":"https:\/\/kpitrechiro.com\/index.php\/wp-json\/wp\/v2\/users\/1"}],"replies":[{"embeddable":true,"href":"https:\/\/kpitrechiro.com\/index.php\/wp-json\/wp\/v2\/comments?post=1059"}],"version-history":[{"count":2,"href":"https:\/\/kpitrechiro.com\/index.php\/wp-json\/wp\/v2\/pages\/1059\/revisions"}],"predecessor-version":[{"id":1062,"href":"https:\/\/kpitrechiro.com\/index.php\/wp-json\/wp\/v2\/pages\/1059\/revisions\/1062"}],"wp:attachment":[{"href":"https:\/\/kpitrechiro.com\/index.php\/wp-json\/wp\/v2\/media?parent=1059"}],"curies":[{"name":"wp","href":"https:\/\/api.w.org\/{rel}","templated":true}]}}